{"id":6235,"date":"2025-05-15T11:04:00","date_gmt":"2025-05-15T11:04:00","guid":{"rendered":"https:\/\/steklarna-rogaska.si\/?post_type=product&#038;p=6235"},"modified":"2026-04-13T07:07:46","modified_gmt":"2026-04-13T07:07:46","slug":"polar-light-skleda-19-cm","status":"publish","type":"product","link":"https:\/\/steklarna-rogaska.si\/en\/product\/polar-light-skleda-19-cm\/","title":{"rendered":"SKLEDA 19 CM &#8211; POLAR LIGHT &#8211; kos"},"content":{"rendered":"<p>vi\u0161ina= 95 mm<\/p>\n<p>\u0161irina= 190 mm<\/p>\n<p>te\u017ea= 1,2 kg<\/p>\n","protected":false},"excerpt":{"rendered":"<p>vi\u0161ina= 95 mm \u0161irina= 190 mm te\u017ea= 1,2 kg<\/p>\n","protected":false},"featured_media":6215,"comment_status":"closed","ping_status":"closed","template":"","meta":[],"product_brand":[],"product_cat":[1400,916,921,923,996,946,948,947],"product_tag":[414],"class_list":{"0":"post-6235","1":"product","2":"type-product","3":"status-publish","4":"has-post-thumbnail","6":"product_cat-posebna-ponudba","7":"product_cat-darilni-program-2","8":"product_cat-darila-zanjo","9":"product_cat-drobne-pozornosti","10":"product_cat-praznicna-ponudba","11":"product_cat-sklede-2","12":"product_cat-skleda-za-prigrizke","13":"product_cat-sklede-za-sadje-2","14":"product_tag-polar-light","16":"first","17":"instock","18":"featured","19":"shipping-taxable","20":"purchasable","21":"product-type-simple"},"_links":{"self":[{"href":"https:\/\/steklarna-rogaska.si\/en\/wp-json\/wp\/v2\/product\/6235","targetHints":{"allow":["GET"]}}],"collection":[{"href":"https:\/\/steklarna-rogaska.si\/en\/wp-json\/wp\/v2\/product"}],"about":[{"href":"https:\/\/steklarna-rogaska.si\/en\/wp-json\/wp\/v2\/types\/product"}],"replies":[{"embeddable":true,"href":"https:\/\/steklarna-rogaska.si\/en\/wp-json\/wp\/v2\/comments?post=6235"}],"wp:featuredmedia":[{"embeddable":true,"href":"https:\/\/steklarna-rogaska.si\/en\/wp-json\/wp\/v2\/media\/6215"}],"wp:attachment":[{"href":"https:\/\/steklarna-rogaska.si\/en\/wp-json\/wp\/v2\/media?parent=6235"}],"wp:term":[{"taxonomy":"product_brand","embeddable":true,"href":"https:\/\/steklarna-rogaska.si\/en\/wp-json\/wp\/v2\/product_brand?post=6235"},{"taxonomy":"product_cat","embeddable":true,"href":"https:\/\/steklarna-rogaska.si\/en\/wp-json\/wp\/v2\/product_cat?post=6235"},{"taxonomy":"product_tag","embeddable":true,"href":"https:\/\/steklarna-rogaska.si\/en\/wp-json\/wp\/v2\/product_tag?post=6235"}],"curies":[{"name":"wp","href":"https:\/\/api.w.org\/{rel}","templated":true}]}}