{"id":6232,"date":"2020-04-23T18:37:53","date_gmt":"2020-04-23T18:37:53","guid":{"rendered":"https:\/\/steklarna-rogaska.si\/?post_type=product&#038;p=6232"},"modified":"2026-04-13T06:45:34","modified_gmt":"2026-04-13T06:45:34","slug":"polar-light-skleda-33-cm-2","status":"publish","type":"product","link":"https:\/\/steklarna-rogaska.si\/en\/product\/polar-light-skleda-33-cm-2\/","title":{"rendered":"SKLEDA 33 CM S PODSTAVKOM &#8211; POLAR LIGHT &#8211; kos"},"content":{"rendered":"<p>vi\u0161ina= 187 mm<\/p>\n<p>\u0161irina= 330mm<\/p>\n<p>te\u017ea= 5 kg<\/p>\n","protected":false},"excerpt":{"rendered":"<p>vi\u0161ina= 187 mm \u0161irina= 330mm te\u017ea= 5 kg<\/p>\n","protected":false},"featured_media":6227,"comment_status":"closed","ping_status":"open","template":"","meta":[],"product_brand":[],"product_cat":[946,947],"product_tag":[1012,414,1004],"class_list":{"0":"post-6232","1":"product","2":"type-product","3":"status-publish","4":"has-post-thumbnail","6":"product_cat-sklede-2","7":"product_cat-sklede-za-sadje-2","8":"product_tag-kristalna-skleda","9":"product_tag-polar-light","10":"product_tag-skleda-za-sadje","12":"first","13":"instock","14":"shipping-taxable","15":"purchasable","16":"product-type-simple"},"_links":{"self":[{"href":"https:\/\/steklarna-rogaska.si\/en\/wp-json\/wp\/v2\/product\/6232","targetHints":{"allow":["GET"]}}],"collection":[{"href":"https:\/\/steklarna-rogaska.si\/en\/wp-json\/wp\/v2\/product"}],"about":[{"href":"https:\/\/steklarna-rogaska.si\/en\/wp-json\/wp\/v2\/types\/product"}],"replies":[{"embeddable":true,"href":"https:\/\/steklarna-rogaska.si\/en\/wp-json\/wp\/v2\/comments?post=6232"}],"wp:featuredmedia":[{"embeddable":true,"href":"https:\/\/steklarna-rogaska.si\/en\/wp-json\/wp\/v2\/media\/6227"}],"wp:attachment":[{"href":"https:\/\/steklarna-rogaska.si\/en\/wp-json\/wp\/v2\/media?parent=6232"}],"wp:term":[{"taxonomy":"product_brand","embeddable":true,"href":"https:\/\/steklarna-rogaska.si\/en\/wp-json\/wp\/v2\/product_brand?post=6232"},{"taxonomy":"product_cat","embeddable":true,"href":"https:\/\/steklarna-rogaska.si\/en\/wp-json\/wp\/v2\/product_cat?post=6232"},{"taxonomy":"product_tag","embeddable":true,"href":"https:\/\/steklarna-rogaska.si\/en\/wp-json\/wp\/v2\/product_tag?post=6232"}],"curies":[{"name":"wp","href":"https:\/\/api.w.org\/{rel}","templated":true}]}}