{"id":6114,"date":"2020-04-23T15:34:51","date_gmt":"2020-04-23T15:34:51","guid":{"rendered":"https:\/\/steklarna-rogaska.si\/?post_type=product&#038;p=6114"},"modified":"2026-05-04T06:30:14","modified_gmt":"2026-05-04T06:30:14","slug":"crystallization-vaza-26-cm","status":"publish","type":"product","link":"https:\/\/steklarna-rogaska.si\/en\/product\/crystallization-vaza-26-cm\/","title":{"rendered":"VAZA 26 CM &#8211; CRYSTALLIZATION &#8211; kos"},"content":{"rendered":"<p>vi\u0161ina= 260 mm<\/p>\n<p>\u0161irina=136 mm<\/p>\n<p>te\u017ea= 5,5 kg<\/p>\n","protected":false},"excerpt":{"rendered":"<p>Serija pripoveduje o milijonu kristalov, ki gradijo vsak izdelek Steklarne Roga\u0161ka in ob stiku s svetlobo ustvarijo najbolj \u017eive odseve. Vaza in skleda bosta zagotovo priljubljeni pri mlaj\u0161ih generacijah, ki prepoznajo dinami\u010dne trikotne vzorce v sodobni umetnosti in oblikovanju. Idealno v minimalisti\u010dnih urbanih ambientih in razko\u0161nih metropolitanskih okoljih.<\/p>\n","protected":false},"featured_media":6109,"comment_status":"closed","ping_status":"closed","template":"","meta":[],"product_brand":[],"product_cat":[950],"product_tag":[],"class_list":{"0":"post-6114","1":"product","2":"type-product","3":"status-publish","4":"has-post-thumbnail","6":"product_cat-vaza","8":"first","9":"instock","10":"shipping-taxable","11":"purchasable","12":"product-type-simple"},"_links":{"self":[{"href":"https:\/\/steklarna-rogaska.si\/en\/wp-json\/wp\/v2\/product\/6114","targetHints":{"allow":["GET"]}}],"collection":[{"href":"https:\/\/steklarna-rogaska.si\/en\/wp-json\/wp\/v2\/product"}],"about":[{"href":"https:\/\/steklarna-rogaska.si\/en\/wp-json\/wp\/v2\/types\/product"}],"replies":[{"embeddable":true,"href":"https:\/\/steklarna-rogaska.si\/en\/wp-json\/wp\/v2\/comments?post=6114"}],"wp:featuredmedia":[{"embeddable":true,"href":"https:\/\/steklarna-rogaska.si\/en\/wp-json\/wp\/v2\/media\/6109"}],"wp:attachment":[{"href":"https:\/\/steklarna-rogaska.si\/en\/wp-json\/wp\/v2\/media?parent=6114"}],"wp:term":[{"taxonomy":"product_brand","embeddable":true,"href":"https:\/\/steklarna-rogaska.si\/en\/wp-json\/wp\/v2\/product_brand?post=6114"},{"taxonomy":"product_cat","embeddable":true,"href":"https:\/\/steklarna-rogaska.si\/en\/wp-json\/wp\/v2\/product_cat?post=6114"},{"taxonomy":"product_tag","embeddable":true,"href":"https:\/\/steklarna-rogaska.si\/en\/wp-json\/wp\/v2\/product_tag?post=6114"}],"curies":[{"name":"wp","href":"https:\/\/api.w.org\/{rel}","templated":true}]}}