{"id":6054,"date":"2020-04-23T12:57:36","date_gmt":"2020-04-23T12:57:36","guid":{"rendered":"https:\/\/steklarna-rogaska.si\/?post_type=product&#038;p=6054"},"modified":"2026-04-14T05:23:59","modified_gmt":"2026-04-14T05:23:59","slug":"adria-kelih-za-penino-set-2","status":"publish","type":"product","link":"https:\/\/steklarna-rogaska.si\/en\/product\/adria-kelih-za-penino-set-2\/","title":{"rendered":"KOZAREC ZA PENINO &#8211; ADRIA &#8211; set 2 kos"},"content":{"rendered":"<p>vi\u0161ina= 236 mm<\/p>\n<p>\u0161irina= 68 mm<\/p>\n<p>te\u017ea= 0,3 kg<\/p>\n","protected":false},"excerpt":{"rendered":"<p>Serija Adria je \u010dudovit nabor izdelkov z mehkimi zaobljenimi oblikami, ki poudarjajo sodoben, a vseeno ve\u010dno klasi\u010den dizajn.<\/p>\n","protected":false},"featured_media":6044,"comment_status":"open","ping_status":"open","template":"","meta":[],"product_brand":[],"product_cat":[924,926,284,911],"product_tag":[188,968,969,978,985,441,439,468],"class_list":{"0":"post-6054","1":"product","2":"type-product","3":"status-publish","4":"has-post-thumbnail","6":"product_cat-kozarci-2","7":"product_cat-kozarci-za-penino-2","8":"product_cat-vinski-program-default-group","9":"product_cat-kozarci-za-penino","10":"product_tag-adria","11":"product_tag-kelih-za-penino","12":"product_tag-kozarec-za-penino","13":"product_tag-peninski-kelih","14":"product_tag-peninski-kozarec","15":"product_tag-porocna-darila","16":"product_tag-poroka","17":"product_tag-za-penino","19":"first","20":"instock","21":"shipping-taxable","22":"purchasable","23":"product-type-simple"},"_links":{"self":[{"href":"https:\/\/steklarna-rogaska.si\/en\/wp-json\/wp\/v2\/product\/6054","targetHints":{"allow":["GET"]}}],"collection":[{"href":"https:\/\/steklarna-rogaska.si\/en\/wp-json\/wp\/v2\/product"}],"about":[{"href":"https:\/\/steklarna-rogaska.si\/en\/wp-json\/wp\/v2\/types\/product"}],"replies":[{"embeddable":true,"href":"https:\/\/steklarna-rogaska.si\/en\/wp-json\/wp\/v2\/comments?post=6054"}],"wp:featuredmedia":[{"embeddable":true,"href":"https:\/\/steklarna-rogaska.si\/en\/wp-json\/wp\/v2\/media\/6044"}],"wp:attachment":[{"href":"https:\/\/steklarna-rogaska.si\/en\/wp-json\/wp\/v2\/media?parent=6054"}],"wp:term":[{"taxonomy":"product_brand","embeddable":true,"href":"https:\/\/steklarna-rogaska.si\/en\/wp-json\/wp\/v2\/product_brand?post=6054"},{"taxonomy":"product_cat","embeddable":true,"href":"https:\/\/steklarna-rogaska.si\/en\/wp-json\/wp\/v2\/product_cat?post=6054"},{"taxonomy":"product_tag","embeddable":true,"href":"https:\/\/steklarna-rogaska.si\/en\/wp-json\/wp\/v2\/product_tag?post=6054"}],"curies":[{"name":"wp","href":"https:\/\/api.w.org\/{rel}","templated":true}]}}