{"id":4031,"date":"2019-12-28T09:30:21","date_gmt":"2019-12-28T09:30:21","guid":{"rendered":"https:\/\/steklarna-rogaska.si\/product\/import-placeholder-for-2527\/"},"modified":"2026-04-21T05:12:15","modified_gmt":"2026-04-21T05:12:15","slug":"bell","status":"publish","type":"product","link":"https:\/\/steklarna-rogaska.si\/en\/product\/bell\/","title":{"rendered":"KRISTALNI ZVON\u010cEK &#8211; BELL &#8211; kos"},"content":{"rendered":"<p>vi\u0161ina = 86 mm<br \/>\n\u0161irina = 70 mm<br \/>\nte\u017ea = 0.2 kg<\/p>\n","protected":false},"excerpt":{"rendered":"<p>vi\u0161ina = 86 mm \u0161irina = 70 mm te\u017ea = 0.2 kg<\/p>\n","protected":false},"featured_media":4081,"comment_status":"closed","ping_status":"closed","template":"","meta":[],"product_brand":[],"product_cat":[953,955,954,916,923,996],"product_tag":[442,452,479],"class_list":{"0":"post-4031","1":"product","2":"type-product","3":"status-publish","4":"has-post-thumbnail","6":"product_cat-bozicna-dekoracija","7":"product_cat-dekorativni-dodatki","8":"product_cat-okraski-za-jelko","9":"product_cat-darilni-program-2","10":"product_cat-drobne-pozornosti","11":"product_cat-praznicna-ponudba","12":"product_tag-praznicna-darila","13":"product_tag-praznovanje","14":"product_tag-zvoncek","16":"first","17":"instock","18":"shipping-taxable","19":"purchasable","20":"product-type-simple"},"_links":{"self":[{"href":"https:\/\/steklarna-rogaska.si\/en\/wp-json\/wp\/v2\/product\/4031","targetHints":{"allow":["GET"]}}],"collection":[{"href":"https:\/\/steklarna-rogaska.si\/en\/wp-json\/wp\/v2\/product"}],"about":[{"href":"https:\/\/steklarna-rogaska.si\/en\/wp-json\/wp\/v2\/types\/product"}],"replies":[{"embeddable":true,"href":"https:\/\/steklarna-rogaska.si\/en\/wp-json\/wp\/v2\/comments?post=4031"}],"wp:featuredmedia":[{"embeddable":true,"href":"https:\/\/steklarna-rogaska.si\/en\/wp-json\/wp\/v2\/media\/4081"}],"wp:attachment":[{"href":"https:\/\/steklarna-rogaska.si\/en\/wp-json\/wp\/v2\/media?parent=4031"}],"wp:term":[{"taxonomy":"product_brand","embeddable":true,"href":"https:\/\/steklarna-rogaska.si\/en\/wp-json\/wp\/v2\/product_brand?post=4031"},{"taxonomy":"product_cat","embeddable":true,"href":"https:\/\/steklarna-rogaska.si\/en\/wp-json\/wp\/v2\/product_cat?post=4031"},{"taxonomy":"product_tag","embeddable":true,"href":"https:\/\/steklarna-rogaska.si\/en\/wp-json\/wp\/v2\/product_tag?post=4031"}],"curies":[{"name":"wp","href":"https:\/\/api.w.org\/{rel}","templated":true}]}}