{"id":4027,"date":"2019-12-28T09:30:20","date_gmt":"2019-12-28T09:30:20","guid":{"rendered":"https:\/\/steklarna-rogaska.si\/product\/import-placeholder-for-2515\/"},"modified":"2026-04-14T05:13:14","modified_gmt":"2026-04-14T05:13:14","slug":"star-votive-star-3-2","status":"publish","type":"product","link":"https:\/\/steklarna-rogaska.si\/en\/product\/star-votive-star-3-2\/","title":{"rendered":"VOTIV ZA \u010cAJNO SVE\u010cO &#8211; STAR 3 &#8211; kos"},"content":{"rendered":"<p>vi\u0161ina = 67 mm<br \/>\n\u0161irina = 98 mm<br \/>\nte\u017ea = 0,4 kg <\/p>\n","protected":false},"excerpt":{"rendered":"<p>vi\u0161ina = 67 mm \u0161irina = 98 mm te\u017ea = 0,4 kg<\/p>\n","protected":false},"featured_media":4077,"comment_status":"closed","ping_status":"open","template":"","meta":[],"product_brand":[],"product_cat":[953,955,996,952],"product_tag":[441,439,442,325],"class_list":{"0":"post-4027","1":"product","2":"type-product","3":"status-publish","4":"has-post-thumbnail","6":"product_cat-bozicna-dekoracija","7":"product_cat-dekorativni-dodatki","8":"product_cat-praznicna-ponudba","9":"product_cat-svecnik","10":"product_tag-porocna-darila","11":"product_tag-poroka","12":"product_tag-praznicna-darila","13":"product_tag-star","15":"first","16":"outofstock","17":"shipping-taxable","18":"purchasable","19":"product-type-simple"},"_links":{"self":[{"href":"https:\/\/steklarna-rogaska.si\/en\/wp-json\/wp\/v2\/product\/4027","targetHints":{"allow":["GET"]}}],"collection":[{"href":"https:\/\/steklarna-rogaska.si\/en\/wp-json\/wp\/v2\/product"}],"about":[{"href":"https:\/\/steklarna-rogaska.si\/en\/wp-json\/wp\/v2\/types\/product"}],"replies":[{"embeddable":true,"href":"https:\/\/steklarna-rogaska.si\/en\/wp-json\/wp\/v2\/comments?post=4027"}],"wp:featuredmedia":[{"embeddable":true,"href":"https:\/\/steklarna-rogaska.si\/en\/wp-json\/wp\/v2\/media\/4077"}],"wp:attachment":[{"href":"https:\/\/steklarna-rogaska.si\/en\/wp-json\/wp\/v2\/media?parent=4027"}],"wp:term":[{"taxonomy":"product_brand","embeddable":true,"href":"https:\/\/steklarna-rogaska.si\/en\/wp-json\/wp\/v2\/product_brand?post=4027"},{"taxonomy":"product_cat","embeddable":true,"href":"https:\/\/steklarna-rogaska.si\/en\/wp-json\/wp\/v2\/product_cat?post=4027"},{"taxonomy":"product_tag","embeddable":true,"href":"https:\/\/steklarna-rogaska.si\/en\/wp-json\/wp\/v2\/product_tag?post=4027"}],"curies":[{"name":"wp","href":"https:\/\/api.w.org\/{rel}","templated":true}]}}