{"id":4008,"date":"2019-12-28T09:29:57","date_gmt":"2019-12-28T09:29:57","guid":{"rendered":"https:\/\/steklarna-rogaska.si\/product\/import-placeholder-for-2499\/"},"modified":"2023-03-08T14:00:12","modified_gmt":"2023-03-08T14:00:12","slug":"skylight-kozarec-za-liker-set-2","status":"publish","type":"product","link":"https:\/\/steklarna-rogaska.si\/en\/product\/skylight-kozarec-za-liker-set-2\/","title":{"rendered":"KOZAREC ZA LIKER &#8211; SKYLIGHT &#8211; set 2 kos"},"content":{"rendered":"<p>vi\u0161ina = 178 mm<br \/>\n\u0161irina = 45 mm<br \/>\nte\u017ea = 0.2 kg<\/p>\n","protected":false},"excerpt":{"rendered":"<p>vi\u0161ina = 178 mm \u0161irina = 45 mm te\u017ea = 0.2 kg<\/p>\n","protected":false},"featured_media":4057,"comment_status":"closed","ping_status":"closed","template":"","meta":[],"product_brand":[],"product_cat":[904,927],"product_tag":[433,465],"class_list":{"0":"post-4008","1":"product","2":"type-product","3":"status-publish","4":"has-post-thumbnail","6":"product_cat-kozarci-za-zganje","7":"product_cat-kozarci-za-zganje-2","8":"product_tag-skylight","9":"product_tag-za-liker","11":"first","12":"outofstock","13":"shipping-taxable","14":"purchasable","15":"product-type-simple"},"_links":{"self":[{"href":"https:\/\/steklarna-rogaska.si\/en\/wp-json\/wp\/v2\/product\/4008","targetHints":{"allow":["GET"]}}],"collection":[{"href":"https:\/\/steklarna-rogaska.si\/en\/wp-json\/wp\/v2\/product"}],"about":[{"href":"https:\/\/steklarna-rogaska.si\/en\/wp-json\/wp\/v2\/types\/product"}],"replies":[{"embeddable":true,"href":"https:\/\/steklarna-rogaska.si\/en\/wp-json\/wp\/v2\/comments?post=4008"}],"wp:featuredmedia":[{"embeddable":true,"href":"https:\/\/steklarna-rogaska.si\/en\/wp-json\/wp\/v2\/media\/4057"}],"wp:attachment":[{"href":"https:\/\/steklarna-rogaska.si\/en\/wp-json\/wp\/v2\/media?parent=4008"}],"wp:term":[{"taxonomy":"product_brand","embeddable":true,"href":"https:\/\/steklarna-rogaska.si\/en\/wp-json\/wp\/v2\/product_brand?post=4008"},{"taxonomy":"product_cat","embeddable":true,"href":"https:\/\/steklarna-rogaska.si\/en\/wp-json\/wp\/v2\/product_cat?post=4008"},{"taxonomy":"product_tag","embeddable":true,"href":"https:\/\/steklarna-rogaska.si\/en\/wp-json\/wp\/v2\/product_tag?post=4008"}],"curies":[{"name":"wp","href":"https:\/\/api.w.org\/{rel}","templated":true}]}}