{"id":3952,"date":"2019-12-28T09:28:49","date_gmt":"2019-12-28T09:28:49","guid":{"rendered":"https:\/\/steklarna-rogaska.si\/product\/import-placeholder-for-2424\/"},"modified":"2026-04-14T05:24:18","modified_gmt":"2026-04-14T05:24:18","slug":"plant-vase-30-cm-green-2","status":"publish","type":"product","link":"https:\/\/steklarna-rogaska.si\/en\/product\/plant-vase-30-cm-green-2\/","title":{"rendered":"VAZA 30 CM ZELENA &#8211; PLANT &#8211; kos"},"content":{"rendered":"<p>vi\u0161ina = 300 mm<br \/>\n\u0161irina = 150 mm<br \/>\nte\u017ea = 3,8 kg<\/p>\n","protected":false},"excerpt":{"rendered":"<p>Naj vaza govori sama zase in zablesti v sredi\u0161\u010du pozornosti! Kljub minimalisti\u010dnemu stilu, ki se izogiba nepotrebnim okraskom, linija Plant ostaja edinstvena. Govori sama zase &#8211; s svojimi brusi in funkcionalnostjo.<\/p>\n<p>Podobnost z ne\u017enimi palmovimi listi ustvarja naravno topel in vabljiv ob\u010dutek, medtem ko barva popestri do\u017eivetje kristalnega ambienta.<\/p>\n<p>Zdaj imate lahko najbolj\u0161e iz obeh svetov &#8211; moderno in tradicionalno. Popoln paket za vsak interier!<\/p>\n","protected":false},"featured_media":4001,"comment_status":"closed","ping_status":"open","template":"","meta":[],"product_brand":[],"product_cat":[950],"product_tag":[526,441,439],"class_list":{"0":"post-3952","1":"product","2":"type-product","3":"status-publish","4":"has-post-thumbnail","6":"product_cat-vaza","7":"product_tag-plant","8":"product_tag-porocna-darila","9":"product_tag-poroka","11":"first","12":"instock","13":"shipping-taxable","14":"purchasable","15":"product-type-simple"},"_links":{"self":[{"href":"https:\/\/steklarna-rogaska.si\/en\/wp-json\/wp\/v2\/product\/3952","targetHints":{"allow":["GET"]}}],"collection":[{"href":"https:\/\/steklarna-rogaska.si\/en\/wp-json\/wp\/v2\/product"}],"about":[{"href":"https:\/\/steklarna-rogaska.si\/en\/wp-json\/wp\/v2\/types\/product"}],"replies":[{"embeddable":true,"href":"https:\/\/steklarna-rogaska.si\/en\/wp-json\/wp\/v2\/comments?post=3952"}],"wp:featuredmedia":[{"embeddable":true,"href":"https:\/\/steklarna-rogaska.si\/en\/wp-json\/wp\/v2\/media\/4001"}],"wp:attachment":[{"href":"https:\/\/steklarna-rogaska.si\/en\/wp-json\/wp\/v2\/media?parent=3952"}],"wp:term":[{"taxonomy":"product_brand","embeddable":true,"href":"https:\/\/steklarna-rogaska.si\/en\/wp-json\/wp\/v2\/product_brand?post=3952"},{"taxonomy":"product_cat","embeddable":true,"href":"https:\/\/steklarna-rogaska.si\/en\/wp-json\/wp\/v2\/product_cat?post=3952"},{"taxonomy":"product_tag","embeddable":true,"href":"https:\/\/steklarna-rogaska.si\/en\/wp-json\/wp\/v2\/product_tag?post=3952"}],"curies":[{"name":"wp","href":"https:\/\/api.w.org\/{rel}","templated":true}]}}