{"id":3934,"date":"2019-12-28T09:28:26","date_gmt":"2019-12-28T09:28:26","guid":{"rendered":"https:\/\/steklarna-rogaska.si\/product\/import-placeholder-for-2408\/"},"modified":"2026-04-14T05:23:46","modified_gmt":"2026-04-14T05:23:46","slug":"game-stacking-doses-3-parts","status":"publish","type":"product","link":"https:\/\/steklarna-rogaska.si\/en\/product\/game-stacking-doses-3-parts\/","title":{"rendered":"3-DELNA POSODA S POKROVOM &#8211; GAME &#8211; set"},"content":{"rendered":"<p>vi\u0161ina = 246 mm<br \/>\n\u0161irina = 101 mm<br \/>\nte\u017ea = 2,4 kg<\/p>\n","protected":false},"excerpt":{"rendered":"<p>vi\u0161ina = 246 mm \u0161irina = 101 mm te\u017ea = 2,4 kg<\/p>\n","protected":false},"featured_media":3983,"comment_status":"closed","ping_status":"open","template":"","meta":[],"product_brand":[],"product_cat":[919,996,946,949],"product_tag":[498,441,439,499],"class_list":{"0":"post-3934","1":"product","2":"type-product","3":"status-publish","4":"has-post-thumbnail","6":"product_cat-poslovna-darila","7":"product_cat-praznicna-ponudba","8":"product_cat-sklede-2","9":"product_cat-posoda-za-shranjevanje","10":"product_tag-game","11":"product_tag-porocna-darila","12":"product_tag-poroka","13":"product_tag-za-shranjevanje","15":"first","16":"outofstock","17":"shipping-taxable","18":"purchasable","19":"product-type-simple"},"_links":{"self":[{"href":"https:\/\/steklarna-rogaska.si\/en\/wp-json\/wp\/v2\/product\/3934","targetHints":{"allow":["GET"]}}],"collection":[{"href":"https:\/\/steklarna-rogaska.si\/en\/wp-json\/wp\/v2\/product"}],"about":[{"href":"https:\/\/steklarna-rogaska.si\/en\/wp-json\/wp\/v2\/types\/product"}],"replies":[{"embeddable":true,"href":"https:\/\/steklarna-rogaska.si\/en\/wp-json\/wp\/v2\/comments?post=3934"}],"wp:featuredmedia":[{"embeddable":true,"href":"https:\/\/steklarna-rogaska.si\/en\/wp-json\/wp\/v2\/media\/3983"}],"wp:attachment":[{"href":"https:\/\/steklarna-rogaska.si\/en\/wp-json\/wp\/v2\/media?parent=3934"}],"wp:term":[{"taxonomy":"product_brand","embeddable":true,"href":"https:\/\/steklarna-rogaska.si\/en\/wp-json\/wp\/v2\/product_brand?post=3934"},{"taxonomy":"product_cat","embeddable":true,"href":"https:\/\/steklarna-rogaska.si\/en\/wp-json\/wp\/v2\/product_cat?post=3934"},{"taxonomy":"product_tag","embeddable":true,"href":"https:\/\/steklarna-rogaska.si\/en\/wp-json\/wp\/v2\/product_tag?post=3934"}],"curies":[{"name":"wp","href":"https:\/\/api.w.org\/{rel}","templated":true}]}}