{"id":3906,"date":"2019-12-28T09:28:02","date_gmt":"2019-12-28T09:28:02","guid":{"rendered":"https:\/\/steklarna-rogaska.si\/product\/import-placeholder-for-2385\/"},"modified":"2026-04-14T05:24:05","modified_gmt":"2026-04-14T05:24:05","slug":"equinox-vase-30-cm","status":"publish","type":"product","link":"https:\/\/steklarna-rogaska.si\/en\/product\/equinox-vase-30-cm\/","title":{"rendered":"VAZA 30 CM &#8211; EQUINOX &#8211; kos"},"content":{"rendered":"<p>vi\u0161ina = 301 mm<br \/>\n\u0161irina = 163 mm<br \/>\nte\u017ea = 5,7 kg<\/p>\n","protected":false},"excerpt":{"rendered":"<p>vi\u0161ina = 301 mm \u0161irina = 163 mm te\u017ea = 5,7 kg<\/p>\n","protected":false},"featured_media":3945,"comment_status":"closed","ping_status":"open","template":"","meta":[],"product_brand":[],"product_cat":[950],"product_tag":[399,441,439,442],"class_list":{"0":"post-3906","1":"product","2":"type-product","3":"status-publish","4":"has-post-thumbnail","6":"product_cat-vaza","7":"product_tag-equinox","8":"product_tag-porocna-darila","9":"product_tag-poroka","10":"product_tag-praznicna-darila","12":"first","13":"instock","14":"shipping-taxable","15":"purchasable","16":"product-type-simple"},"_links":{"self":[{"href":"https:\/\/steklarna-rogaska.si\/en\/wp-json\/wp\/v2\/product\/3906","targetHints":{"allow":["GET"]}}],"collection":[{"href":"https:\/\/steklarna-rogaska.si\/en\/wp-json\/wp\/v2\/product"}],"about":[{"href":"https:\/\/steklarna-rogaska.si\/en\/wp-json\/wp\/v2\/types\/product"}],"replies":[{"embeddable":true,"href":"https:\/\/steklarna-rogaska.si\/en\/wp-json\/wp\/v2\/comments?post=3906"}],"wp:featuredmedia":[{"embeddable":true,"href":"https:\/\/steklarna-rogaska.si\/en\/wp-json\/wp\/v2\/media\/3945"}],"wp:attachment":[{"href":"https:\/\/steklarna-rogaska.si\/en\/wp-json\/wp\/v2\/media?parent=3906"}],"wp:term":[{"taxonomy":"product_brand","embeddable":true,"href":"https:\/\/steklarna-rogaska.si\/en\/wp-json\/wp\/v2\/product_brand?post=3906"},{"taxonomy":"product_cat","embeddable":true,"href":"https:\/\/steklarna-rogaska.si\/en\/wp-json\/wp\/v2\/product_cat?post=3906"},{"taxonomy":"product_tag","embeddable":true,"href":"https:\/\/steklarna-rogaska.si\/en\/wp-json\/wp\/v2\/product_tag?post=3906"}],"curies":[{"name":"wp","href":"https:\/\/api.w.org\/{rel}","templated":true}]}}