{"id":3838,"date":"2019-12-28T09:26:30","date_gmt":"2019-12-28T09:26:30","guid":{"rendered":"https:\/\/steklarna-rogaska.si\/product\/import-placeholder-for-2312\/"},"modified":"2026-04-14T05:12:49","modified_gmt":"2026-04-14T05:12:49","slug":"prism-votive-12-cm","status":"publish","type":"product","link":"https:\/\/steklarna-rogaska.si\/en\/product\/prism-votive-12-cm\/","title":{"rendered":"VOTIV ZA \u010cAJNO SVE\u010cO &#8211; PRISM &#8211; kos"},"content":{"rendered":"<p>vi\u0161ina = 55 mm<br \/>\n\u0161irina = 120 mm<br \/>\nte\u017ea = 0.6 kg<\/p>\n","protected":false},"excerpt":{"rendered":"<p>vi\u0161ina = 55 mm \u0161irina = 120 mm te\u017ea = 0.6 kg<\/p>\n","protected":false},"featured_media":3896,"comment_status":"closed","ping_status":"closed","template":"","meta":[],"product_brand":[],"product_cat":[953,955,916,923,919,996,952],"product_tag":[441,439,469,442,281],"class_list":{"0":"post-3838","1":"product","2":"type-product","3":"status-publish","4":"has-post-thumbnail","6":"product_cat-bozicna-dekoracija","7":"product_cat-dekorativni-dodatki","8":"product_cat-darilni-program-2","9":"product_cat-drobne-pozornosti","10":"product_cat-poslovna-darila","11":"product_cat-praznicna-ponudba","12":"product_cat-svecnik","13":"product_tag-porocna-darila","14":"product_tag-poroka","15":"product_tag-posebne-priloznosti","16":"product_tag-praznicna-darila","17":"product_tag-prism","19":"first","20":"outofstock","21":"shipping-taxable","22":"purchasable","23":"product-type-simple"},"_links":{"self":[{"href":"https:\/\/steklarna-rogaska.si\/en\/wp-json\/wp\/v2\/product\/3838","targetHints":{"allow":["GET"]}}],"collection":[{"href":"https:\/\/steklarna-rogaska.si\/en\/wp-json\/wp\/v2\/product"}],"about":[{"href":"https:\/\/steklarna-rogaska.si\/en\/wp-json\/wp\/v2\/types\/product"}],"replies":[{"embeddable":true,"href":"https:\/\/steklarna-rogaska.si\/en\/wp-json\/wp\/v2\/comments?post=3838"}],"wp:featuredmedia":[{"embeddable":true,"href":"https:\/\/steklarna-rogaska.si\/en\/wp-json\/wp\/v2\/media\/3896"}],"wp:attachment":[{"href":"https:\/\/steklarna-rogaska.si\/en\/wp-json\/wp\/v2\/media?parent=3838"}],"wp:term":[{"taxonomy":"product_brand","embeddable":true,"href":"https:\/\/steklarna-rogaska.si\/en\/wp-json\/wp\/v2\/product_brand?post=3838"},{"taxonomy":"product_cat","embeddable":true,"href":"https:\/\/steklarna-rogaska.si\/en\/wp-json\/wp\/v2\/product_cat?post=3838"},{"taxonomy":"product_tag","embeddable":true,"href":"https:\/\/steklarna-rogaska.si\/en\/wp-json\/wp\/v2\/product_tag?post=3838"}],"curies":[{"name":"wp","href":"https:\/\/api.w.org\/{rel}","templated":true}]}}