{"id":3837,"date":"2019-12-28T09:26:29","date_gmt":"2019-12-28T09:26:29","guid":{"rendered":"https:\/\/steklarna-rogaska.si\/product\/import-placeholder-for-2311\/"},"modified":"2026-04-13T07:18:18","modified_gmt":"2026-04-13T07:18:18","slug":"prism-bowl-29-cm","status":"publish","type":"product","link":"https:\/\/steklarna-rogaska.si\/en\/product\/prism-bowl-29-cm\/","title":{"rendered":"SKLEDA 29 CM &#8211; PRISM &#8211; kos"},"content":{"rendered":"<p>vi\u0161ina = 131 mm<br \/>\n\u0161irina = 288 mm<br \/>\nte\u017ea = 4.1 kg<\/p>\n","protected":false},"excerpt":{"rendered":"<p>vi\u0161ina = 131 mm \u0161irina = 288 mm te\u017ea = 4.1 kg<\/p>\n","protected":false},"featured_media":3886,"comment_status":"closed","ping_status":"closed","template":"","meta":[],"product_brand":[],"product_cat":[916,920,919,946,947],"product_tag":[441,439,442,281],"class_list":{"0":"post-3837","1":"product","2":"type-product","3":"status-publish","4":"has-post-thumbnail","6":"product_cat-darilni-program-2","7":"product_cat-porocna-darila","8":"product_cat-poslovna-darila","9":"product_cat-sklede-2","10":"product_cat-sklede-za-sadje-2","11":"product_tag-porocna-darila","12":"product_tag-poroka","13":"product_tag-praznicna-darila","14":"product_tag-prism","16":"first","17":"instock","18":"shipping-taxable","19":"purchasable","20":"product-type-simple"},"_links":{"self":[{"href":"https:\/\/steklarna-rogaska.si\/en\/wp-json\/wp\/v2\/product\/3837","targetHints":{"allow":["GET"]}}],"collection":[{"href":"https:\/\/steklarna-rogaska.si\/en\/wp-json\/wp\/v2\/product"}],"about":[{"href":"https:\/\/steklarna-rogaska.si\/en\/wp-json\/wp\/v2\/types\/product"}],"replies":[{"embeddable":true,"href":"https:\/\/steklarna-rogaska.si\/en\/wp-json\/wp\/v2\/comments?post=3837"}],"wp:featuredmedia":[{"embeddable":true,"href":"https:\/\/steklarna-rogaska.si\/en\/wp-json\/wp\/v2\/media\/3886"}],"wp:attachment":[{"href":"https:\/\/steklarna-rogaska.si\/en\/wp-json\/wp\/v2\/media?parent=3837"}],"wp:term":[{"taxonomy":"product_brand","embeddable":true,"href":"https:\/\/steklarna-rogaska.si\/en\/wp-json\/wp\/v2\/product_brand?post=3837"},{"taxonomy":"product_cat","embeddable":true,"href":"https:\/\/steklarna-rogaska.si\/en\/wp-json\/wp\/v2\/product_cat?post=3837"},{"taxonomy":"product_tag","embeddable":true,"href":"https:\/\/steklarna-rogaska.si\/en\/wp-json\/wp\/v2\/product_tag?post=3837"}],"curies":[{"name":"wp","href":"https:\/\/api.w.org\/{rel}","templated":true}]}}