{"id":3781,"date":"2025-06-17T06:25:24","date_gmt":"2025-06-17T06:25:24","guid":{"rendered":"https:\/\/steklarna-rogaska.si\/product\/import-placeholder-for-2252\/"},"modified":"2026-04-21T05:24:00","modified_gmt":"2026-04-21T05:24:00","slug":"maison-highball-set-of-2","status":"publish","type":"product","link":"https:\/\/steklarna-rogaska.si\/en\/product\/maison-highball-set-of-2\/","title":{"rendered":"HIGHBALL KOZAREC ZA SOK, PIVO, KOKTEJL &#8211; MAISON &#8211; set 2 kos"},"content":{"rendered":"<p>vi\u0161ina = 158 mm<br \/>\n\u0161irina = 80 mm<br \/>\nte\u017ea = 0.7 kg<\/p>\n","protected":false},"excerpt":{"rendered":"<p>vi\u0161ina = 158 mm \u0161irina = 80 mm te\u017ea = 0.7 kg<\/p>\n","protected":false},"featured_media":3826,"comment_status":"closed","ping_status":"closed","template":"","meta":[],"product_brand":[],"product_cat":[1139,924,932,933],"product_tag":[492,455],"class_list":{"0":"post-3781","1":"product","2":"type-product","3":"status-publish","4":"has-post-thumbnail","6":"product_cat-kozarci-za-koktajle","7":"product_cat-kozarci-2","8":"product_cat-kozarci-za-sok","9":"product_cat-kozarci-za-vodo-2","10":"product_tag-maison","11":"product_tag-za-vodo-pivo-sok-mesane-pijace","13":"first","14":"instock","15":"shipping-taxable","16":"purchasable","17":"product-type-simple"},"_links":{"self":[{"href":"https:\/\/steklarna-rogaska.si\/en\/wp-json\/wp\/v2\/product\/3781","targetHints":{"allow":["GET"]}}],"collection":[{"href":"https:\/\/steklarna-rogaska.si\/en\/wp-json\/wp\/v2\/product"}],"about":[{"href":"https:\/\/steklarna-rogaska.si\/en\/wp-json\/wp\/v2\/types\/product"}],"replies":[{"embeddable":true,"href":"https:\/\/steklarna-rogaska.si\/en\/wp-json\/wp\/v2\/comments?post=3781"}],"wp:featuredmedia":[{"embeddable":true,"href":"https:\/\/steklarna-rogaska.si\/en\/wp-json\/wp\/v2\/media\/3826"}],"wp:attachment":[{"href":"https:\/\/steklarna-rogaska.si\/en\/wp-json\/wp\/v2\/media?parent=3781"}],"wp:term":[{"taxonomy":"product_brand","embeddable":true,"href":"https:\/\/steklarna-rogaska.si\/en\/wp-json\/wp\/v2\/product_brand?post=3781"},{"taxonomy":"product_cat","embeddable":true,"href":"https:\/\/steklarna-rogaska.si\/en\/wp-json\/wp\/v2\/product_cat?post=3781"},{"taxonomy":"product_tag","embeddable":true,"href":"https:\/\/steklarna-rogaska.si\/en\/wp-json\/wp\/v2\/product_tag?post=3781"}],"curies":[{"name":"wp","href":"https:\/\/api.w.org\/{rel}","templated":true}]}}