{"id":3757,"date":"2019-12-28T09:25:00","date_gmt":"2019-12-28T09:25:00","guid":{"rendered":"https:\/\/steklarna-rogaska.si\/product\/import-placeholder-for-2220\/"},"modified":"2026-05-05T05:23:51","modified_gmt":"2026-05-05T05:23:51","slug":"dots-bowl-25-cm","status":"publish","type":"product","link":"https:\/\/steklarna-rogaska.si\/en\/product\/dots-bowl-25-cm\/","title":{"rendered":"SKLEDA 25 CM &#8211; DOTS &#8211; kos"},"content":{"rendered":"<p>vi\u0161ina = 88 mm<br \/>\n\u0161irina = 250 mm<br \/>\nte\u017ea = 4,5 kg<\/p>\n","protected":false},"excerpt":{"rendered":"<p>vi\u0161ina = 88 mm \u0161irina = 250 mm te\u017ea = 4,5 kg<\/p>\n","protected":false},"featured_media":3805,"comment_status":"closed","ping_status":"open","template":"","meta":[],"product_brand":[],"product_cat":[916,920,919,946,947],"product_tag":[501,441,439,442],"class_list":{"0":"post-3757","1":"product","2":"type-product","3":"status-publish","4":"has-post-thumbnail","6":"product_cat-darilni-program-2","7":"product_cat-porocna-darila","8":"product_cat-poslovna-darila","9":"product_cat-sklede-2","10":"product_cat-sklede-za-sadje-2","11":"product_tag-dots","12":"product_tag-porocna-darila","13":"product_tag-poroka","14":"product_tag-praznicna-darila","16":"first","17":"instock","18":"shipping-taxable","19":"purchasable","20":"product-type-simple"},"_links":{"self":[{"href":"https:\/\/steklarna-rogaska.si\/en\/wp-json\/wp\/v2\/product\/3757","targetHints":{"allow":["GET"]}}],"collection":[{"href":"https:\/\/steklarna-rogaska.si\/en\/wp-json\/wp\/v2\/product"}],"about":[{"href":"https:\/\/steklarna-rogaska.si\/en\/wp-json\/wp\/v2\/types\/product"}],"replies":[{"embeddable":true,"href":"https:\/\/steklarna-rogaska.si\/en\/wp-json\/wp\/v2\/comments?post=3757"}],"wp:featuredmedia":[{"embeddable":true,"href":"https:\/\/steklarna-rogaska.si\/en\/wp-json\/wp\/v2\/media\/3805"}],"wp:attachment":[{"href":"https:\/\/steklarna-rogaska.si\/en\/wp-json\/wp\/v2\/media?parent=3757"}],"wp:term":[{"taxonomy":"product_brand","embeddable":true,"href":"https:\/\/steklarna-rogaska.si\/en\/wp-json\/wp\/v2\/product_brand?post=3757"},{"taxonomy":"product_cat","embeddable":true,"href":"https:\/\/steklarna-rogaska.si\/en\/wp-json\/wp\/v2\/product_cat?post=3757"},{"taxonomy":"product_tag","embeddable":true,"href":"https:\/\/steklarna-rogaska.si\/en\/wp-json\/wp\/v2\/product_tag?post=3757"}],"curies":[{"name":"wp","href":"https:\/\/api.w.org\/{rel}","templated":true}]}}