{"id":3686,"date":"2019-12-28T09:23:27","date_gmt":"2019-12-28T09:23:27","guid":{"rendered":"https:\/\/steklarna-rogaska.si\/product\/import-placeholder-for-2139\/"},"modified":"2026-04-14T05:23:59","modified_gmt":"2026-04-14T05:23:59","slug":"delightful-day-vase-25-cm","status":"publish","type":"product","link":"https:\/\/steklarna-rogaska.si\/en\/product\/delightful-day-vase-25-cm\/","title":{"rendered":"VAZA 25 CM &#8211; DELIGHTFUL DAY &#8211; kos"},"content":{"rendered":"<p>vi\u0161ina = 256 mm<br \/>\n\u0161irina = 212 mm<br \/>\nte\u017ea = 4.2 kg<\/p>\n","protected":false},"excerpt":{"rendered":"<p>vi\u0161ina = 256 mm \u0161irina = 212 mm te\u017ea = 4.2 kg<\/p>\n","protected":false},"featured_media":3733,"comment_status":"closed","ping_status":"open","template":"","meta":[],"product_brand":[],"product_cat":[950],"product_tag":[391,441,439,442],"class_list":{"0":"post-3686","1":"product","2":"type-product","3":"status-publish","4":"has-post-thumbnail","6":"product_cat-vaza","7":"product_tag-delightful-day","8":"product_tag-porocna-darila","9":"product_tag-poroka","10":"product_tag-praznicna-darila","12":"first","13":"instock","14":"shipping-taxable","15":"purchasable","16":"product-type-simple"},"_links":{"self":[{"href":"https:\/\/steklarna-rogaska.si\/en\/wp-json\/wp\/v2\/product\/3686","targetHints":{"allow":["GET"]}}],"collection":[{"href":"https:\/\/steklarna-rogaska.si\/en\/wp-json\/wp\/v2\/product"}],"about":[{"href":"https:\/\/steklarna-rogaska.si\/en\/wp-json\/wp\/v2\/types\/product"}],"replies":[{"embeddable":true,"href":"https:\/\/steklarna-rogaska.si\/en\/wp-json\/wp\/v2\/comments?post=3686"}],"wp:featuredmedia":[{"embeddable":true,"href":"https:\/\/steklarna-rogaska.si\/en\/wp-json\/wp\/v2\/media\/3733"}],"wp:attachment":[{"href":"https:\/\/steklarna-rogaska.si\/en\/wp-json\/wp\/v2\/media?parent=3686"}],"wp:term":[{"taxonomy":"product_brand","embeddable":true,"href":"https:\/\/steklarna-rogaska.si\/en\/wp-json\/wp\/v2\/product_brand?post=3686"},{"taxonomy":"product_cat","embeddable":true,"href":"https:\/\/steklarna-rogaska.si\/en\/wp-json\/wp\/v2\/product_cat?post=3686"},{"taxonomy":"product_tag","embeddable":true,"href":"https:\/\/steklarna-rogaska.si\/en\/wp-json\/wp\/v2\/product_tag?post=3686"}],"curies":[{"name":"wp","href":"https:\/\/api.w.org\/{rel}","templated":true}]}}