{"id":3665,"date":"2019-12-28T09:23:05","date_gmt":"2019-12-28T09:23:05","guid":{"rendered":"https:\/\/steklarna-rogaska.si\/product\/import-placeholder-for-2123\/"},"modified":"2026-04-13T07:07:34","modified_gmt":"2026-04-13T07:07:34","slug":"crown-jewel-small-bowl-10-cm","status":"publish","type":"product","link":"https:\/\/steklarna-rogaska.si\/en\/product\/crown-jewel-small-bowl-10-cm\/","title":{"rendered":"SKLEDA MINI 12 CM &#8211; CROWN JEWEL &#8211; kos"},"content":{"rendered":"<p>vi\u0161ina= 31 mm<\/p>\n<p>\u0161irina= 112 mm<\/p>\n<p>te\u017ea= 0,3 kg<\/p>\n","protected":false},"excerpt":{"rendered":"<p>vi\u0161ina= 31 mm \u0161irina= 112 mm te\u017ea= 0,3 kg<\/p>\n","protected":false},"featured_media":3713,"comment_status":"closed","ping_status":"closed","template":"","meta":[],"product_brand":[],"product_cat":[955,943,946,948,959],"product_tag":[],"class_list":{"0":"post-3665","1":"product","2":"type-product","3":"status-publish","4":"has-post-thumbnail","6":"product_cat-dekorativni-dodatki","7":"product_cat-krozniki","8":"product_cat-sklede-2","9":"product_cat-skleda-za-prigrizke","10":"product_cat-skodelica-za-sladoled","12":"first","13":"outofstock","14":"shipping-taxable","15":"purchasable","16":"product-type-simple"},"_links":{"self":[{"href":"https:\/\/steklarna-rogaska.si\/en\/wp-json\/wp\/v2\/product\/3665","targetHints":{"allow":["GET"]}}],"collection":[{"href":"https:\/\/steklarna-rogaska.si\/en\/wp-json\/wp\/v2\/product"}],"about":[{"href":"https:\/\/steklarna-rogaska.si\/en\/wp-json\/wp\/v2\/types\/product"}],"replies":[{"embeddable":true,"href":"https:\/\/steklarna-rogaska.si\/en\/wp-json\/wp\/v2\/comments?post=3665"}],"wp:featuredmedia":[{"embeddable":true,"href":"https:\/\/steklarna-rogaska.si\/en\/wp-json\/wp\/v2\/media\/3713"}],"wp:attachment":[{"href":"https:\/\/steklarna-rogaska.si\/en\/wp-json\/wp\/v2\/media?parent=3665"}],"wp:term":[{"taxonomy":"product_brand","embeddable":true,"href":"https:\/\/steklarna-rogaska.si\/en\/wp-json\/wp\/v2\/product_brand?post=3665"},{"taxonomy":"product_cat","embeddable":true,"href":"https:\/\/steklarna-rogaska.si\/en\/wp-json\/wp\/v2\/product_cat?post=3665"},{"taxonomy":"product_tag","embeddable":true,"href":"https:\/\/steklarna-rogaska.si\/en\/wp-json\/wp\/v2\/product_tag?post=3665"}],"curies":[{"name":"wp","href":"https:\/\/api.w.org\/{rel}","templated":true}]}}