{"id":3553,"date":"2019-12-28T09:20:50","date_gmt":"2019-12-28T09:20:50","guid":{"rendered":"https:\/\/steklarna-rogaska.si\/product\/import-placeholder-for-2001\/"},"modified":"2026-04-14T05:24:19","modified_gmt":"2026-04-14T05:24:19","slug":"avenue-gin-set-of-2","status":"publish","type":"product","link":"https:\/\/steklarna-rogaska.si\/en\/product\/avenue-gin-set-of-2\/","title":{"rendered":"KOZAREC ZA GIN &#8211; AVENUE &#8211; set 2 kos"},"content":{"rendered":"<p>vi\u0161ina = 207 mm<br \/>\n\u0161irina = 115 mm<br \/>\nte\u017ea = 0.4 kg<\/p>\n","protected":false},"excerpt":{"rendered":"<p>I\u0161\u010dete sodoben videz s pridihom tradicije? Kolekcija \u2018Avenue \u2019je kot nala\u0161\u010d za vas!<\/p>\n<p>Globoki V-brusi na elegantnih brez\u010dasnih izdelkih, ki se med seboj dopolnjujejo, vas ne bodo pustili hladne. Idealni so za poslovna in poro\u010dna darila, nanje prisegajo vsi ljubitelji prefinjenih \u017eganih pija\u010d.<\/p>\n","protected":false},"featured_media":3603,"comment_status":"closed","ping_status":"open","template":"","meta":[],"product_brand":[],"product_cat":[196,907,916,922,921,920,919,996,924,931],"product_tag":[183,474],"class_list":{"0":"post-3553","1":"product","2":"type-product","3":"status-publish","4":"has-post-thumbnail","6":"product_cat-barski-program","7":"product_cat-kozarci-za-gin","8":"product_cat-darilni-program-2","9":"product_cat-darila-zanj","10":"product_cat-darila-zanjo","11":"product_cat-porocna-darila","12":"product_cat-poslovna-darila","13":"product_cat-praznicna-ponudba","14":"product_cat-kozarci-2","15":"product_cat-kozarci-za-gin-2","16":"product_tag-avenue","17":"product_tag-za-gin","19":"first","20":"instock","21":"shipping-taxable","22":"purchasable","23":"product-type-simple"},"_links":{"self":[{"href":"https:\/\/steklarna-rogaska.si\/en\/wp-json\/wp\/v2\/product\/3553","targetHints":{"allow":["GET"]}}],"collection":[{"href":"https:\/\/steklarna-rogaska.si\/en\/wp-json\/wp\/v2\/product"}],"about":[{"href":"https:\/\/steklarna-rogaska.si\/en\/wp-json\/wp\/v2\/types\/product"}],"replies":[{"embeddable":true,"href":"https:\/\/steklarna-rogaska.si\/en\/wp-json\/wp\/v2\/comments?post=3553"}],"wp:featuredmedia":[{"embeddable":true,"href":"https:\/\/steklarna-rogaska.si\/en\/wp-json\/wp\/v2\/media\/3603"}],"wp:attachment":[{"href":"https:\/\/steklarna-rogaska.si\/en\/wp-json\/wp\/v2\/media?parent=3553"}],"wp:term":[{"taxonomy":"product_brand","embeddable":true,"href":"https:\/\/steklarna-rogaska.si\/en\/wp-json\/wp\/v2\/product_brand?post=3553"},{"taxonomy":"product_cat","embeddable":true,"href":"https:\/\/steklarna-rogaska.si\/en\/wp-json\/wp\/v2\/product_cat?post=3553"},{"taxonomy":"product_tag","embeddable":true,"href":"https:\/\/steklarna-rogaska.si\/en\/wp-json\/wp\/v2\/product_tag?post=3553"}],"curies":[{"name":"wp","href":"https:\/\/api.w.org\/{rel}","templated":true}]}}