{"id":3513,"date":"2019-12-28T09:20:03","date_gmt":"2019-12-28T09:20:03","guid":{"rendered":"https:\/\/steklarna-rogaska.si\/product\/import-placeholder-for-1967\/"},"modified":"2026-04-14T05:02:15","modified_gmt":"2026-04-14T05:02:15","slug":"aurea-kozarec-za-rdece-vino-28-cm-set-2","status":"publish","type":"product","link":"https:\/\/steklarna-rogaska.si\/en\/product\/aurea-kozarec-za-rdece-vino-28-cm-set-2\/","title":{"rendered":"KOZAREC ZA RDE\u010cE VINO &#8211; AUREA &#8211; set 2 kos"},"content":{"rendered":"<p>vi\u0161ina = 280 mm<br \/>\n\u0161irina = 129 mm<br \/>\nvol.- 950 ml<br \/>\nte\u017ea = 0.2 kg<\/p>\n","protected":false},"excerpt":{"rendered":"<p>&#8216;Aurea&#8217; je najbolj elegantna in ob\u0161irna vinska serija Roga\u0161ke, narejena za tiste, ki znajo ceniti zna\u010dilnosti razli\u010dnih sort grozdja. Ponuja tudi odli\u010dno izhodi\u0161\u010de, \u010de \u017eelite ustvariti svojo poznavalsko zbirko vinskih kelihov.<\/p>\n","protected":false},"featured_media":3561,"comment_status":"closed","ping_status":"closed","template":"","meta":[],"product_brand":[],"product_cat":[924,925,284,910],"product_tag":[244,972,973,971,976,454],"class_list":{"0":"post-3513","1":"product","2":"type-product","3":"status-publish","4":"has-post-thumbnail","6":"product_cat-kozarci-2","7":"product_cat-kozarci-za-vino-2","8":"product_cat-vinski-program-default-group","9":"product_cat-kozarci-za-vino","10":"product_tag-aurea","11":"product_tag-kelih-za-vino","12":"product_tag-kozarec-za-vino","13":"product_tag-vinski-kelih","14":"product_tag-vinski-kozarec","15":"product_tag-za-rdece-vino","17":"first","18":"instock","19":"shipping-taxable","20":"purchasable","21":"product-type-simple"},"_links":{"self":[{"href":"https:\/\/steklarna-rogaska.si\/en\/wp-json\/wp\/v2\/product\/3513","targetHints":{"allow":["GET"]}}],"collection":[{"href":"https:\/\/steklarna-rogaska.si\/en\/wp-json\/wp\/v2\/product"}],"about":[{"href":"https:\/\/steklarna-rogaska.si\/en\/wp-json\/wp\/v2\/types\/product"}],"replies":[{"embeddable":true,"href":"https:\/\/steklarna-rogaska.si\/en\/wp-json\/wp\/v2\/comments?post=3513"}],"wp:featuredmedia":[{"embeddable":true,"href":"https:\/\/steklarna-rogaska.si\/en\/wp-json\/wp\/v2\/media\/3561"}],"wp:attachment":[{"href":"https:\/\/steklarna-rogaska.si\/en\/wp-json\/wp\/v2\/media?parent=3513"}],"wp:term":[{"taxonomy":"product_brand","embeddable":true,"href":"https:\/\/steklarna-rogaska.si\/en\/wp-json\/wp\/v2\/product_brand?post=3513"},{"taxonomy":"product_cat","embeddable":true,"href":"https:\/\/steklarna-rogaska.si\/en\/wp-json\/wp\/v2\/product_cat?post=3513"},{"taxonomy":"product_tag","embeddable":true,"href":"https:\/\/steklarna-rogaska.si\/en\/wp-json\/wp\/v2\/product_tag?post=3513"}],"curies":[{"name":"wp","href":"https:\/\/api.w.org\/{rel}","templated":true}]}}