{"id":3491,"date":"2019-12-28T09:19:40","date_gmt":"2019-12-28T09:19:40","guid":{"rendered":"https:\/\/steklarna-rogaska.si\/product\/import-placeholder-for-1933\/"},"modified":"2026-04-21T05:23:47","modified_gmt":"2026-04-21T05:23:47","slug":"aulide-dof-gold-set-of-2","status":"publish","type":"product","link":"https:\/\/steklarna-rogaska.si\/en\/product\/aulide-dof-gold-set-of-2\/","title":{"rendered":"DOF KOZAREC ZA VISKI &#8211; AULIDE GOLD &#8211; set 2 kos"},"content":{"rendered":"<p>vi\u0161ina = 97 mm<br \/>\n\u0161irina = 95 mm<br \/>\nte\u017ea = 0.4 kg<\/p>\n","protected":false},"excerpt":{"rendered":"<p>vi\u0161ina = 97 mm \u0161irina = 95 mm te\u017ea = 0.4 kg<\/p>\n","protected":false},"featured_media":3540,"comment_status":"closed","ping_status":"open","template":"","meta":[],"product_brand":[],"product_cat":[196,905,916,922,924,928],"product_tag":[346,452,456],"class_list":{"0":"post-3491","1":"product","2":"type-product","3":"status-publish","4":"has-post-thumbnail","6":"product_cat-barski-program","7":"product_cat-kozarci-za-viski","8":"product_cat-darilni-program-2","9":"product_cat-darila-zanj","10":"product_cat-kozarci-2","11":"product_cat-kozarci-za-viski-2","12":"product_tag-aulide-gold","13":"product_tag-praznovanje","14":"product_tag-za-vodo-zgane-pijace","16":"first","17":"instock","18":"shipping-taxable","19":"purchasable","20":"product-type-simple"},"_links":{"self":[{"href":"https:\/\/steklarna-rogaska.si\/en\/wp-json\/wp\/v2\/product\/3491","targetHints":{"allow":["GET"]}}],"collection":[{"href":"https:\/\/steklarna-rogaska.si\/en\/wp-json\/wp\/v2\/product"}],"about":[{"href":"https:\/\/steklarna-rogaska.si\/en\/wp-json\/wp\/v2\/types\/product"}],"replies":[{"embeddable":true,"href":"https:\/\/steklarna-rogaska.si\/en\/wp-json\/wp\/v2\/comments?post=3491"}],"wp:featuredmedia":[{"embeddable":true,"href":"https:\/\/steklarna-rogaska.si\/en\/wp-json\/wp\/v2\/media\/3540"}],"wp:attachment":[{"href":"https:\/\/steklarna-rogaska.si\/en\/wp-json\/wp\/v2\/media?parent=3491"}],"wp:term":[{"taxonomy":"product_brand","embeddable":true,"href":"https:\/\/steklarna-rogaska.si\/en\/wp-json\/wp\/v2\/product_brand?post=3491"},{"taxonomy":"product_cat","embeddable":true,"href":"https:\/\/steklarna-rogaska.si\/en\/wp-json\/wp\/v2\/product_cat?post=3491"},{"taxonomy":"product_tag","embeddable":true,"href":"https:\/\/steklarna-rogaska.si\/en\/wp-json\/wp\/v2\/product_tag?post=3491"}],"curies":[{"name":"wp","href":"https:\/\/api.w.org\/{rel}","templated":true}]}}