{"id":3475,"date":"2019-12-28T09:19:16","date_gmt":"2019-12-28T09:19:16","guid":{"rendered":"https:\/\/steklarna-rogaska.si\/product\/import-placeholder-for-1923\/"},"modified":"2026-04-21T05:23:45","modified_gmt":"2026-04-21T05:23:45","slug":"aulide-kozarec-za-liker-zlati-set-2","status":"publish","type":"product","link":"https:\/\/steklarna-rogaska.si\/en\/product\/aulide-kozarec-za-liker-zlati-set-2\/","title":{"rendered":"KOZAREC ZA LIKER &#8211; AULIDE GOLD &#8211; set 2 kos"},"content":{"rendered":"<p>vi\u0161ina = 147 mm<br \/>\n\u0161irina = 56 mm<br \/>\nte\u017ea = 0.1 kg<\/p>\n","protected":false},"excerpt":{"rendered":"<p>vi\u0161ina = 147 mm \u0161irina = 56 mm te\u017ea = 0.1 kg<\/p>\n","protected":false},"featured_media":3525,"comment_status":"closed","ping_status":"open","template":"","meta":[],"product_brand":[],"product_cat":[196,904,924,927],"product_tag":[346,439,452],"class_list":{"0":"post-3475","1":"product","2":"type-product","3":"status-publish","4":"has-post-thumbnail","6":"product_cat-barski-program","7":"product_cat-kozarci-za-zganje","8":"product_cat-kozarci-2","9":"product_cat-kozarci-za-zganje-2","10":"product_tag-aulide-gold","11":"product_tag-poroka","12":"product_tag-praznovanje","14":"first","15":"instock","16":"shipping-taxable","17":"purchasable","18":"product-type-simple"},"_links":{"self":[{"href":"https:\/\/steklarna-rogaska.si\/en\/wp-json\/wp\/v2\/product\/3475","targetHints":{"allow":["GET"]}}],"collection":[{"href":"https:\/\/steklarna-rogaska.si\/en\/wp-json\/wp\/v2\/product"}],"about":[{"href":"https:\/\/steklarna-rogaska.si\/en\/wp-json\/wp\/v2\/types\/product"}],"replies":[{"embeddable":true,"href":"https:\/\/steklarna-rogaska.si\/en\/wp-json\/wp\/v2\/comments?post=3475"}],"wp:featuredmedia":[{"embeddable":true,"href":"https:\/\/steklarna-rogaska.si\/en\/wp-json\/wp\/v2\/media\/3525"}],"wp:attachment":[{"href":"https:\/\/steklarna-rogaska.si\/en\/wp-json\/wp\/v2\/media?parent=3475"}],"wp:term":[{"taxonomy":"product_brand","embeddable":true,"href":"https:\/\/steklarna-rogaska.si\/en\/wp-json\/wp\/v2\/product_brand?post=3475"},{"taxonomy":"product_cat","embeddable":true,"href":"https:\/\/steklarna-rogaska.si\/en\/wp-json\/wp\/v2\/product_cat?post=3475"},{"taxonomy":"product_tag","embeddable":true,"href":"https:\/\/steklarna-rogaska.si\/en\/wp-json\/wp\/v2\/product_tag?post=3475"}],"curies":[{"name":"wp","href":"https:\/\/api.w.org\/{rel}","templated":true}]}}