{"id":3471,"date":"2019-12-28T09:19:16","date_gmt":"2019-12-28T09:19:16","guid":{"rendered":"https:\/\/steklarna-rogaska.si\/product\/import-placeholder-for-1909\/"},"modified":"2026-04-14T05:13:22","modified_gmt":"2026-04-14T05:13:22","slug":"africa-vase-dancers-black-matt-32-cm","status":"publish","type":"product","link":"https:\/\/steklarna-rogaska.si\/en\/product\/africa-vase-dancers-black-matt-32-cm\/","title":{"rendered":"VAZA 32 CM \u010cRNA &#8211; AFRICA &#8211; kos"},"content":{"rendered":"<p>vi\u0161ina = 320 mm<br \/>\n\u0161irina = 230 mm<br \/>\nte\u017ea = 1.8 kg<\/p>\n","protected":false},"excerpt":{"rendered":"<p>Povabljeni ste, da skozi svojo ustvarjalno igro in domi\u0161ljijo ustvarite lastne svetove, lastno lepoto in atmosfero v trenutku veselja, molitve in praznovanja v vsakdanjem \u017eivljenju. Kristalnega stekla se lahko dotaknete, se z njim igrate in u\u017eivate v njegovi lepoti.<\/p>\n","protected":false},"featured_media":3521,"comment_status":"closed","ping_status":"open","template":"","meta":[],"product_brand":[],"product_cat":[916,917,950],"product_tag":[329,450],"class_list":{"0":"post-3471","1":"product","2":"type-product","3":"status-publish","4":"has-post-thumbnail","6":"product_cat-darilni-program-2","7":"product_cat-unikatna-darila","8":"product_cat-vaza","9":"product_tag-africa","10":"product_tag-unikati","12":"first","13":"instock","14":"shipping-taxable","15":"purchasable","16":"product-type-simple"},"_links":{"self":[{"href":"https:\/\/steklarna-rogaska.si\/en\/wp-json\/wp\/v2\/product\/3471","targetHints":{"allow":["GET"]}}],"collection":[{"href":"https:\/\/steklarna-rogaska.si\/en\/wp-json\/wp\/v2\/product"}],"about":[{"href":"https:\/\/steklarna-rogaska.si\/en\/wp-json\/wp\/v2\/types\/product"}],"replies":[{"embeddable":true,"href":"https:\/\/steklarna-rogaska.si\/en\/wp-json\/wp\/v2\/comments?post=3471"}],"wp:featuredmedia":[{"embeddable":true,"href":"https:\/\/steklarna-rogaska.si\/en\/wp-json\/wp\/v2\/media\/3521"}],"wp:attachment":[{"href":"https:\/\/steklarna-rogaska.si\/en\/wp-json\/wp\/v2\/media?parent=3471"}],"wp:term":[{"taxonomy":"product_brand","embeddable":true,"href":"https:\/\/steklarna-rogaska.si\/en\/wp-json\/wp\/v2\/product_brand?post=3471"},{"taxonomy":"product_cat","embeddable":true,"href":"https:\/\/steklarna-rogaska.si\/en\/wp-json\/wp\/v2\/product_cat?post=3471"},{"taxonomy":"product_tag","embeddable":true,"href":"https:\/\/steklarna-rogaska.si\/en\/wp-json\/wp\/v2\/product_tag?post=3471"}],"curies":[{"name":"wp","href":"https:\/\/api.w.org\/{rel}","templated":true}]}}