{"id":3469,"date":"2019-12-28T09:19:16","date_gmt":"2019-12-28T09:19:16","guid":{"rendered":"https:\/\/steklarna-rogaska.si\/product\/import-placeholder-for-1905\/"},"modified":"2026-04-14T05:02:38","modified_gmt":"2026-04-14T05:02:38","slug":"adria-votive","status":"publish","type":"product","link":"https:\/\/steklarna-rogaska.si\/en\/product\/adria-votive\/","title":{"rendered":"VOTIV ZA \u010cAJNO SVE\u010cO &#8211; ADRIA &#8211; kos"},"content":{"rendered":"<p>vi\u0161ina= 66 mm<\/p>\n<p>\u0161irina= 96 mm<\/p>\n<p>te\u017ea= 1 kg<\/p>\n","protected":false},"excerpt":{"rendered":"<p>Serija Adria je \u010dudovito nabor izdelkov z mehkimi zaobljenimi oblikami, ki poudarjajo sodoben, a vseeno ve\u010dno klasi\u010den dizajn.<\/p>\n","protected":false},"featured_media":3519,"comment_status":"closed","ping_status":"closed","template":"","meta":[],"product_brand":[],"product_cat":[953,955,916,923,920,996,952],"product_tag":[188,441,442],"class_list":{"0":"post-3469","1":"product","2":"type-product","3":"status-publish","4":"has-post-thumbnail","6":"product_cat-bozicna-dekoracija","7":"product_cat-dekorativni-dodatki","8":"product_cat-darilni-program-2","9":"product_cat-drobne-pozornosti","10":"product_cat-porocna-darila","11":"product_cat-praznicna-ponudba","12":"product_cat-svecnik","13":"product_tag-adria","14":"product_tag-porocna-darila","15":"product_tag-praznicna-darila","17":"first","18":"outofstock","19":"shipping-taxable","20":"purchasable","21":"product-type-simple"},"_links":{"self":[{"href":"https:\/\/steklarna-rogaska.si\/en\/wp-json\/wp\/v2\/product\/3469","targetHints":{"allow":["GET"]}}],"collection":[{"href":"https:\/\/steklarna-rogaska.si\/en\/wp-json\/wp\/v2\/product"}],"about":[{"href":"https:\/\/steklarna-rogaska.si\/en\/wp-json\/wp\/v2\/types\/product"}],"replies":[{"embeddable":true,"href":"https:\/\/steklarna-rogaska.si\/en\/wp-json\/wp\/v2\/comments?post=3469"}],"wp:featuredmedia":[{"embeddable":true,"href":"https:\/\/steklarna-rogaska.si\/en\/wp-json\/wp\/v2\/media\/3519"}],"wp:attachment":[{"href":"https:\/\/steklarna-rogaska.si\/en\/wp-json\/wp\/v2\/media?parent=3469"}],"wp:term":[{"taxonomy":"product_brand","embeddable":true,"href":"https:\/\/steklarna-rogaska.si\/en\/wp-json\/wp\/v2\/product_brand?post=3469"},{"taxonomy":"product_cat","embeddable":true,"href":"https:\/\/steklarna-rogaska.si\/en\/wp-json\/wp\/v2\/product_cat?post=3469"},{"taxonomy":"product_tag","embeddable":true,"href":"https:\/\/steklarna-rogaska.si\/en\/wp-json\/wp\/v2\/product_tag?post=3469"}],"curies":[{"name":"wp","href":"https:\/\/api.w.org\/{rel}","templated":true}]}}