{"id":3438,"date":"2019-12-28T09:18:53","date_gmt":"2019-12-28T09:18:53","guid":{"rendered":"https:\/\/steklarna-rogaska.si\/product\/import-placeholder-for-1818\/"},"modified":"2026-04-13T07:07:06","modified_gmt":"2026-04-13T07:07:06","slug":"aster-bowl-25-cm","status":"publish","type":"product","link":"https:\/\/steklarna-rogaska.si\/en\/product\/aster-bowl-25-cm\/","title":{"rendered":"SKLEDA 25 CM &#8211; ASTER &#8211; kos"},"content":{"rendered":"<p>vi\u0161ina = 120 mm<br \/>\n\u0161irina = 250 mm<br \/>\nte\u017ea = 4.0 kg<\/p>\n","protected":false},"excerpt":{"rendered":"<p>vi\u0161ina = 120 mm \u0161irina = 250 mm te\u017ea = 4.0 kg<\/p>\n","protected":false},"featured_media":3477,"comment_status":"closed","ping_status":"closed","template":"","meta":[],"product_brand":[],"product_cat":[916,920,919,996,946,947],"product_tag":[342,441,439,442],"class_list":{"0":"post-3438","1":"product","2":"type-product","3":"status-publish","4":"has-post-thumbnail","6":"product_cat-darilni-program-2","7":"product_cat-porocna-darila","8":"product_cat-poslovna-darila","9":"product_cat-praznicna-ponudba","10":"product_cat-sklede-2","11":"product_cat-sklede-za-sadje-2","12":"product_tag-aster","13":"product_tag-porocna-darila","14":"product_tag-poroka","15":"product_tag-praznicna-darila","17":"first","18":"instock","19":"shipping-taxable","20":"purchasable","21":"product-type-simple"},"_links":{"self":[{"href":"https:\/\/steklarna-rogaska.si\/en\/wp-json\/wp\/v2\/product\/3438","targetHints":{"allow":["GET"]}}],"collection":[{"href":"https:\/\/steklarna-rogaska.si\/en\/wp-json\/wp\/v2\/product"}],"about":[{"href":"https:\/\/steklarna-rogaska.si\/en\/wp-json\/wp\/v2\/types\/product"}],"replies":[{"embeddable":true,"href":"https:\/\/steklarna-rogaska.si\/en\/wp-json\/wp\/v2\/comments?post=3438"}],"wp:featuredmedia":[{"embeddable":true,"href":"https:\/\/steklarna-rogaska.si\/en\/wp-json\/wp\/v2\/media\/3477"}],"wp:attachment":[{"href":"https:\/\/steklarna-rogaska.si\/en\/wp-json\/wp\/v2\/media?parent=3438"}],"wp:term":[{"taxonomy":"product_brand","embeddable":true,"href":"https:\/\/steklarna-rogaska.si\/en\/wp-json\/wp\/v2\/product_brand?post=3438"},{"taxonomy":"product_cat","embeddable":true,"href":"https:\/\/steklarna-rogaska.si\/en\/wp-json\/wp\/v2\/product_cat?post=3438"},{"taxonomy":"product_tag","embeddable":true,"href":"https:\/\/steklarna-rogaska.si\/en\/wp-json\/wp\/v2\/product_tag?post=3438"}],"curies":[{"name":"wp","href":"https:\/\/api.w.org\/{rel}","templated":true}]}}