{"id":3436,"date":"2019-12-28T09:18:52","date_gmt":"2019-12-28T09:18:52","guid":{"rendered":"https:\/\/steklarna-rogaska.si\/product\/import-placeholder-for-1811\/"},"modified":"2026-04-14T05:24:22","modified_gmt":"2026-04-14T05:24:22","slug":"saturn-footed-vase-42-cm","status":"publish","type":"product","link":"https:\/\/steklarna-rogaska.si\/en\/product\/saturn-footed-vase-42-cm\/","title":{"rendered":"VAZA NA PODSTAVKU 42 CM &#8211; SATURN ABC &#8211; kos"},"content":{"rendered":"<p>vi\u0161ina = 421 mm<br \/>\n\u0161irina = 245 mm<br \/>\nte\u017ea = 8,3 kg<\/p>\n","protected":false},"excerpt":{"rendered":"<p>vi\u0161ina = 421 mm \u0161irina = 245 mm te\u017ea = 8,3 kg<\/p>\n","protected":false},"featured_media":3461,"comment_status":"closed","ping_status":"open","template":"","meta":[],"product_brand":[],"product_cat":[950],"product_tag":[441,439,466,505],"class_list":{"0":"post-3436","1":"product","2":"type-product","3":"status-publish","4":"has-post-thumbnail","6":"product_cat-vaza","7":"product_tag-porocna-darila","8":"product_tag-poroka","9":"product_tag-poseben-dizajn","10":"product_tag-saturn","12":"first","13":"instock","14":"shipping-taxable","15":"purchasable","16":"product-type-simple"},"_links":{"self":[{"href":"https:\/\/steklarna-rogaska.si\/en\/wp-json\/wp\/v2\/product\/3436","targetHints":{"allow":["GET"]}}],"collection":[{"href":"https:\/\/steklarna-rogaska.si\/en\/wp-json\/wp\/v2\/product"}],"about":[{"href":"https:\/\/steklarna-rogaska.si\/en\/wp-json\/wp\/v2\/types\/product"}],"replies":[{"embeddable":true,"href":"https:\/\/steklarna-rogaska.si\/en\/wp-json\/wp\/v2\/comments?post=3436"}],"wp:featuredmedia":[{"embeddable":true,"href":"https:\/\/steklarna-rogaska.si\/en\/wp-json\/wp\/v2\/media\/3461"}],"wp:attachment":[{"href":"https:\/\/steklarna-rogaska.si\/en\/wp-json\/wp\/v2\/media?parent=3436"}],"wp:term":[{"taxonomy":"product_brand","embeddable":true,"href":"https:\/\/steklarna-rogaska.si\/en\/wp-json\/wp\/v2\/product_brand?post=3436"},{"taxonomy":"product_cat","embeddable":true,"href":"https:\/\/steklarna-rogaska.si\/en\/wp-json\/wp\/v2\/product_cat?post=3436"},{"taxonomy":"product_tag","embeddable":true,"href":"https:\/\/steklarna-rogaska.si\/en\/wp-json\/wp\/v2\/product_tag?post=3436"}],"curies":[{"name":"wp","href":"https:\/\/api.w.org\/{rel}","templated":true}]}}