{"id":24664,"date":"2023-09-07T12:13:01","date_gmt":"2023-09-07T12:13:01","guid":{"rendered":"https:\/\/steklarna-rogaska.si\/?post_type=product&#038;p=24664"},"modified":"2026-04-20T07:21:23","modified_gmt":"2026-04-20T07:21:23","slug":"satulja-s-pokrovom-22-cm-superior-kos","status":"publish","type":"product","link":"https:\/\/steklarna-rogaska.si\/en\/product\/satulja-s-pokrovom-22-cm-superior-kos\/","title":{"rendered":"\u0160ATULJA S POKROVOM 22 cm &#8211; SUPERIOR &#8211; kos"},"content":{"rendered":"<p>vi\u0161ina = 207 mm<br \/>\n\u0161irina = 217 mm<br \/>\nte\u017ea = 7,68 kg<\/p>\n","protected":false},"excerpt":{"rendered":"<p>vi\u0161ina = 207 mm \u0161irina = 217 mm te\u017ea = 7,68 kg<\/p>\n","protected":false},"featured_media":24684,"comment_status":"open","ping_status":"open","template":"","meta":[],"product_brand":[],"product_cat":[916,922,921,923,920,919,996],"product_tag":[1018,1016,424],"class_list":{"0":"post-24664","1":"product","2":"type-product","3":"status-publish","4":"has-post-thumbnail","6":"product_cat-darilni-program-2","7":"product_cat-darila-zanj","8":"product_cat-darila-zanjo","9":"product_cat-drobne-pozornosti","10":"product_cat-porocna-darila","11":"product_cat-poslovna-darila","12":"product_cat-praznicna-ponudba","13":"product_tag-satulja","14":"product_tag-skleda-s-pokrovom","15":"product_tag-superior","17":"first","18":"instock","19":"shipping-taxable","20":"purchasable","21":"product-type-simple"},"_links":{"self":[{"href":"https:\/\/steklarna-rogaska.si\/en\/wp-json\/wp\/v2\/product\/24664","targetHints":{"allow":["GET"]}}],"collection":[{"href":"https:\/\/steklarna-rogaska.si\/en\/wp-json\/wp\/v2\/product"}],"about":[{"href":"https:\/\/steklarna-rogaska.si\/en\/wp-json\/wp\/v2\/types\/product"}],"replies":[{"embeddable":true,"href":"https:\/\/steklarna-rogaska.si\/en\/wp-json\/wp\/v2\/comments?post=24664"}],"wp:featuredmedia":[{"embeddable":true,"href":"https:\/\/steklarna-rogaska.si\/en\/wp-json\/wp\/v2\/media\/24684"}],"wp:attachment":[{"href":"https:\/\/steklarna-rogaska.si\/en\/wp-json\/wp\/v2\/media?parent=24664"}],"wp:term":[{"taxonomy":"product_brand","embeddable":true,"href":"https:\/\/steklarna-rogaska.si\/en\/wp-json\/wp\/v2\/product_brand?post=24664"},{"taxonomy":"product_cat","embeddable":true,"href":"https:\/\/steklarna-rogaska.si\/en\/wp-json\/wp\/v2\/product_cat?post=24664"},{"taxonomy":"product_tag","embeddable":true,"href":"https:\/\/steklarna-rogaska.si\/en\/wp-json\/wp\/v2\/product_tag?post=24664"}],"curies":[{"name":"wp","href":"https:\/\/api.w.org\/{rel}","templated":true}]}}