{"id":24654,"date":"2023-09-07T12:12:35","date_gmt":"2023-09-07T12:12:35","guid":{"rendered":"https:\/\/steklarna-rogaska.si\/?post_type=product&#038;p=24654"},"modified":"2026-04-13T07:24:24","modified_gmt":"2026-04-13T07:24:24","slug":"mini-skleda-12-cm-crystalization-kos","status":"publish","type":"product","link":"https:\/\/steklarna-rogaska.si\/en\/product\/mini-skleda-12-cm-crystalization-kos\/","title":{"rendered":"MINI SKLEDA 12 cm CRYSTALLIZATION &#8211; kos"},"content":{"rendered":"<p>vi\u0161ina= 62 mm<\/p>\n<p>\u0161irina= 113 mm<\/p>\n<p>te\u017ea= 0,81 kg<\/p>\n","protected":false},"excerpt":{"rendered":"<p>vi\u0161ina= 62 mm \u0161irina= 113 mm te\u017ea= 0,81 kg<\/p>\n","protected":false},"featured_media":24675,"comment_status":"open","ping_status":"open","template":"","meta":[],"product_brand":[],"product_cat":[916,922,921,920,919],"product_tag":[1180,1002,1330,1261],"class_list":{"0":"post-24654","1":"product","2":"type-product","3":"status-publish","4":"has-post-thumbnail","6":"product_cat-darilni-program-2","7":"product_cat-darila-zanj","8":"product_cat-darila-zanjo","9":"product_cat-porocna-darila","10":"product_cat-poslovna-darila","11":"product_tag-crystallization","12":"product_tag-skleda","13":"product_tag-skodelica-za-bonbne","14":"product_tag-skodelica-za-prigrizke","16":"first","17":"instock","18":"shipping-taxable","19":"purchasable","20":"product-type-simple"},"_links":{"self":[{"href":"https:\/\/steklarna-rogaska.si\/en\/wp-json\/wp\/v2\/product\/24654","targetHints":{"allow":["GET"]}}],"collection":[{"href":"https:\/\/steklarna-rogaska.si\/en\/wp-json\/wp\/v2\/product"}],"about":[{"href":"https:\/\/steklarna-rogaska.si\/en\/wp-json\/wp\/v2\/types\/product"}],"replies":[{"embeddable":true,"href":"https:\/\/steklarna-rogaska.si\/en\/wp-json\/wp\/v2\/comments?post=24654"}],"wp:featuredmedia":[{"embeddable":true,"href":"https:\/\/steklarna-rogaska.si\/en\/wp-json\/wp\/v2\/media\/24675"}],"wp:attachment":[{"href":"https:\/\/steklarna-rogaska.si\/en\/wp-json\/wp\/v2\/media?parent=24654"}],"wp:term":[{"taxonomy":"product_brand","embeddable":true,"href":"https:\/\/steklarna-rogaska.si\/en\/wp-json\/wp\/v2\/product_brand?post=24654"},{"taxonomy":"product_cat","embeddable":true,"href":"https:\/\/steklarna-rogaska.si\/en\/wp-json\/wp\/v2\/product_cat?post=24654"},{"taxonomy":"product_tag","embeddable":true,"href":"https:\/\/steklarna-rogaska.si\/en\/wp-json\/wp\/v2\/product_tag?post=24654"}],"curies":[{"name":"wp","href":"https:\/\/api.w.org\/{rel}","templated":true}]}}