{"id":23976,"date":"2023-04-14T11:35:28","date_gmt":"2023-04-14T11:35:28","guid":{"rendered":"https:\/\/steklarna-rogaska.si\/?post_type=product&#038;p=23976"},"modified":"2026-04-17T07:58:43","modified_gmt":"2026-04-17T07:58:43","slug":"kriz-25cm-glory-1-kos","status":"publish","type":"product","link":"https:\/\/steklarna-rogaska.si\/en\/product\/kriz-25cm-glory-1-kos\/","title":{"rendered":"KRI\u017d 25CM &#8211; GLORY &#8211; 1 kos"},"content":{"rendered":"<p>Kristalni kri\u017e vi\u0161ine 25 cm je primeren za darilo ob svetem krstu, svetem obhajilu ali sveti birmi.<\/p>\n","protected":false},"excerpt":{"rendered":"<p>Kristalni kri\u017e vi\u0161ine 25 cm je primeren za darilo ob svetem krstu, svetem obhajilu ali sveti birmi.<\/p>\n","protected":false},"featured_media":23991,"comment_status":"open","ping_status":"open","template":"","meta":[],"product_brand":[],"product_cat":[916,923,996],"product_tag":[1314,1313],"class_list":{"0":"post-23976","1":"product","2":"type-product","3":"status-publish","4":"has-post-thumbnail","6":"product_cat-darilni-program-2","7":"product_cat-drobne-pozornosti","8":"product_cat-praznicna-ponudba","9":"product_tag-kristalni-kriz","10":"product_tag-kriz","12":"first","13":"instock","14":"shipping-taxable","15":"purchasable","16":"product-type-simple"},"_links":{"self":[{"href":"https:\/\/steklarna-rogaska.si\/en\/wp-json\/wp\/v2\/product\/23976","targetHints":{"allow":["GET"]}}],"collection":[{"href":"https:\/\/steklarna-rogaska.si\/en\/wp-json\/wp\/v2\/product"}],"about":[{"href":"https:\/\/steklarna-rogaska.si\/en\/wp-json\/wp\/v2\/types\/product"}],"replies":[{"embeddable":true,"href":"https:\/\/steklarna-rogaska.si\/en\/wp-json\/wp\/v2\/comments?post=23976"}],"wp:featuredmedia":[{"embeddable":true,"href":"https:\/\/steklarna-rogaska.si\/en\/wp-json\/wp\/v2\/media\/23991"}],"wp:attachment":[{"href":"https:\/\/steklarna-rogaska.si\/en\/wp-json\/wp\/v2\/media?parent=23976"}],"wp:term":[{"taxonomy":"product_brand","embeddable":true,"href":"https:\/\/steklarna-rogaska.si\/en\/wp-json\/wp\/v2\/product_brand?post=23976"},{"taxonomy":"product_cat","embeddable":true,"href":"https:\/\/steklarna-rogaska.si\/en\/wp-json\/wp\/v2\/product_cat?post=23976"},{"taxonomy":"product_tag","embeddable":true,"href":"https:\/\/steklarna-rogaska.si\/en\/wp-json\/wp\/v2\/product_tag?post=23976"}],"curies":[{"name":"wp","href":"https:\/\/api.w.org\/{rel}","templated":true}]}}