{"id":20191,"date":"2022-06-24T09:45:35","date_gmt":"2022-06-24T09:45:35","guid":{"rendered":"https:\/\/steklarna-rogaska.si\/?post_type=product&#038;p=20191"},"modified":"2026-04-13T08:31:33","modified_gmt":"2026-04-13T08:31:33","slug":"set-kovinskih-slamic","status":"publish","type":"product","link":"https:\/\/steklarna-rogaska.si\/en\/product\/set-kovinskih-slamic\/","title":{"rendered":"SET KOVINSKIH SLAMIC Z DODATKI"},"content":{"rendered":"<p>Set vklju\u010duje 8 kovinskih slamic za ve\u010dkratno uporabo (4 ravne in 4 zavite slamice) ter 2 \u0161\u010detki za \u010di\u0161\u010denje.<\/p>\n<p>Slamice so zapakirane v priro\u010dni vre\u010dki z logotipom Roga\u0161ka.<\/p>\n<p>Gravura na ta izdelek ni mogo\u010da!<\/p>\n","protected":false},"excerpt":{"rendered":"<p>Set vklju\u010duje 8 kovinskih slamic za ve\u010dkratno uporabo (4 ravne in 4 zavite slamice) ter 2 \u0161\u010detki za \u010di\u0161\u010denje. Slamice so zapakirane v priro\u010dni vre\u010dki [&hellip;]<\/p>\n","protected":false},"featured_media":20192,"comment_status":"open","ping_status":"open","template":"","meta":[],"product_brand":[],"product_cat":[196,1202],"product_tag":[],"class_list":{"0":"post-20191","1":"product","2":"type-product","3":"status-publish","4":"has-post-thumbnail","6":"product_cat-barski-program","7":"product_cat-dodana-ponudba","9":"first","10":"instock","11":"shipping-taxable","12":"purchasable","13":"product-type-simple"},"_links":{"self":[{"href":"https:\/\/steklarna-rogaska.si\/en\/wp-json\/wp\/v2\/product\/20191","targetHints":{"allow":["GET"]}}],"collection":[{"href":"https:\/\/steklarna-rogaska.si\/en\/wp-json\/wp\/v2\/product"}],"about":[{"href":"https:\/\/steklarna-rogaska.si\/en\/wp-json\/wp\/v2\/types\/product"}],"replies":[{"embeddable":true,"href":"https:\/\/steklarna-rogaska.si\/en\/wp-json\/wp\/v2\/comments?post=20191"}],"wp:featuredmedia":[{"embeddable":true,"href":"https:\/\/steklarna-rogaska.si\/en\/wp-json\/wp\/v2\/media\/20192"}],"wp:attachment":[{"href":"https:\/\/steklarna-rogaska.si\/en\/wp-json\/wp\/v2\/media?parent=20191"}],"wp:term":[{"taxonomy":"product_brand","embeddable":true,"href":"https:\/\/steklarna-rogaska.si\/en\/wp-json\/wp\/v2\/product_brand?post=20191"},{"taxonomy":"product_cat","embeddable":true,"href":"https:\/\/steklarna-rogaska.si\/en\/wp-json\/wp\/v2\/product_cat?post=20191"},{"taxonomy":"product_tag","embeddable":true,"href":"https:\/\/steklarna-rogaska.si\/en\/wp-json\/wp\/v2\/product_tag?post=20191"}],"curies":[{"name":"wp","href":"https:\/\/api.w.org\/{rel}","templated":true}]}}