{"id":17225,"date":"2022-02-18T11:21:45","date_gmt":"2022-02-18T11:21:45","guid":{"rendered":"https:\/\/steklarna-rogaska.si\/?post_type=product&#038;p=17225"},"modified":"2026-04-13T07:02:04","modified_gmt":"2026-04-13T07:02:04","slug":"swan-svecnik-27-cm","status":"publish","type":"product","link":"https:\/\/steklarna-rogaska.si\/en\/product\/swan-svecnik-27-cm\/","title":{"rendered":"SVE\u010cNIK 27 CM &#8211; SWAN &#8211; kos"},"content":{"rendered":"<p>vi\u0161ina: 270 mm \u0161irina: 100\/68 mm te\u017ea: 1,36 kg<\/p>\n","protected":false},"excerpt":{"rendered":"<p>vi\u0161ina: 270 mm \u0161irina: 100\/68 mm te\u017ea: 1,36 kg<\/p>\n","protected":false},"featured_media":17236,"comment_status":"open","ping_status":"closed","template":"","meta":[],"product_brand":[],"product_cat":[1400,906],"product_tag":[869,1205],"class_list":{"0":"post-17225","1":"product","2":"type-product","3":"status-publish","4":"has-post-thumbnail","6":"product_cat-posebna-ponudba","7":"product_cat-kozarci-za-konjak","8":"product_tag-svecnik","9":"product_tag-swan","11":"first","12":"instock","13":"shipping-taxable","14":"purchasable","15":"product-type-simple"},"_links":{"self":[{"href":"https:\/\/steklarna-rogaska.si\/en\/wp-json\/wp\/v2\/product\/17225","targetHints":{"allow":["GET"]}}],"collection":[{"href":"https:\/\/steklarna-rogaska.si\/en\/wp-json\/wp\/v2\/product"}],"about":[{"href":"https:\/\/steklarna-rogaska.si\/en\/wp-json\/wp\/v2\/types\/product"}],"replies":[{"embeddable":true,"href":"https:\/\/steklarna-rogaska.si\/en\/wp-json\/wp\/v2\/comments?post=17225"}],"wp:featuredmedia":[{"embeddable":true,"href":"https:\/\/steklarna-rogaska.si\/en\/wp-json\/wp\/v2\/media\/17236"}],"wp:attachment":[{"href":"https:\/\/steklarna-rogaska.si\/en\/wp-json\/wp\/v2\/media?parent=17225"}],"wp:term":[{"taxonomy":"product_brand","embeddable":true,"href":"https:\/\/steklarna-rogaska.si\/en\/wp-json\/wp\/v2\/product_brand?post=17225"},{"taxonomy":"product_cat","embeddable":true,"href":"https:\/\/steklarna-rogaska.si\/en\/wp-json\/wp\/v2\/product_cat?post=17225"},{"taxonomy":"product_tag","embeddable":true,"href":"https:\/\/steklarna-rogaska.si\/en\/wp-json\/wp\/v2\/product_tag?post=17225"}],"curies":[{"name":"wp","href":"https:\/\/api.w.org\/{rel}","templated":true}]}}