{"id":15956,"date":"2022-01-24T13:11:29","date_gmt":"2022-01-24T13:11:29","guid":{"rendered":"https:\/\/steklarna-rogaska.si\/?post_type=product&#038;p=15956"},"modified":"2022-04-26T09:39:56","modified_gmt":"2022-04-26T09:39:56","slug":"joy-skodelica-za-caj-belo-kavo-set-4-ellen-degeneres","status":"publish","type":"product","link":"https:\/\/steklarna-rogaska.si\/en\/product\/joy-skodelica-za-caj-belo-kavo-set-4-ellen-degeneres\/","title":{"rendered":"JOY &#8211; skodelica za \u010daj\/ belo kavo &#8211; set 4 &#8211; Ellen DeGeneres"},"content":{"rendered":"<p>Kolekcija JOY je \u0161e ena trendovska in brez\u010dasna serija, ki jo je za Royal Doulton ustvarila Ellen DeGeneres. Sporo\u010dila LOVE, KINDNESS, JOY in SMILE bodo poskrbele za veselje in dobro voljo. Kolekcija je odli\u010dna za &#8221;mix and match&#8221;, saj jo lahko neverjetno kombinirate z ostalimi izdelki iz te kolekcije. Izdelano iz porcelana, varno za pomivalni stroj in mikrovalovno pe\u010dico ter zapakirano v darilno \u0161katlo.<\/p>\n","protected":false},"excerpt":{"rendered":"<p>Kolekcija JOY je \u0161e ena trendovska in brez\u010dasna serija, ki jo je za Royal Doulton ustvarila Ellen DeGeneres. Sporo\u010dila LOVE, KINDNESS, JOY in SMILE bodo [&hellip;]<\/p>\n","protected":false},"featured_media":15957,"comment_status":"open","ping_status":"closed","template":"","meta":[],"product_brand":[],"product_cat":[960,963],"product_tag":[1185,1187,1189],"class_list":{"0":"post-15956","1":"product","2":"type-product","3":"status-publish","4":"has-post-thumbnail","6":"product_cat-porcelan-2","7":"product_cat-skodelice","8":"product_tag-ellen-de-generes","9":"product_tag-porcelan-royal-doulton","10":"product_tag-skodelica-iz-porcelana","12":"first","13":"outofstock","14":"shipping-taxable","15":"purchasable","16":"product-type-simple"},"_links":{"self":[{"href":"https:\/\/steklarna-rogaska.si\/en\/wp-json\/wp\/v2\/product\/15956","targetHints":{"allow":["GET"]}}],"collection":[{"href":"https:\/\/steklarna-rogaska.si\/en\/wp-json\/wp\/v2\/product"}],"about":[{"href":"https:\/\/steklarna-rogaska.si\/en\/wp-json\/wp\/v2\/types\/product"}],"replies":[{"embeddable":true,"href":"https:\/\/steklarna-rogaska.si\/en\/wp-json\/wp\/v2\/comments?post=15956"}],"wp:featuredmedia":[{"embeddable":true,"href":"https:\/\/steklarna-rogaska.si\/en\/wp-json\/wp\/v2\/media\/15957"}],"wp:attachment":[{"href":"https:\/\/steklarna-rogaska.si\/en\/wp-json\/wp\/v2\/media?parent=15956"}],"wp:term":[{"taxonomy":"product_brand","embeddable":true,"href":"https:\/\/steklarna-rogaska.si\/en\/wp-json\/wp\/v2\/product_brand?post=15956"},{"taxonomy":"product_cat","embeddable":true,"href":"https:\/\/steklarna-rogaska.si\/en\/wp-json\/wp\/v2\/product_cat?post=15956"},{"taxonomy":"product_tag","embeddable":true,"href":"https:\/\/steklarna-rogaska.si\/en\/wp-json\/wp\/v2\/product_tag?post=15956"}],"curies":[{"name":"wp","href":"https:\/\/api.w.org\/{rel}","templated":true}]}}