{"id":15347,"date":"2021-12-02T12:21:05","date_gmt":"2021-12-02T12:21:05","guid":{"rendered":"https:\/\/steklarna-rogaska.si\/?post_type=product&#038;p=15347"},"modified":"2026-04-20T08:26:47","modified_gmt":"2026-04-20T08:26:47","slug":"1815-bright-skleda-za-kosmice-set-4-royal-doulton","status":"publish","type":"product","link":"https:\/\/steklarna-rogaska.si\/en\/product\/1815-bright-skleda-za-kosmice-set-4-royal-doulton\/","title":{"rendered":"SKLEDA ZA KOSMI\u010cE &#8211; 1815 BRIGHTS ROYAL DOULTON &#8211; set 4 kos"},"content":{"rendered":"<p>Kolekcija 1815 je bila ustvarjenja v spomin ustanovitelju Johnu Doultonu. \u010cudoviti barvni odtenki na izdelkih ustvarijo prijeten ambient ob ve\u010derji s prijatelji in dru\u017eino.<\/p>\n<p>Sklede so primerne za pripravo kosmi\u010dev, enolon\u010dnice ali drugih jedi na \u017elico. Izdelki so narejeni iz trpe\u017enega in odprnega porcelana, poslikani s tehniko ro\u010dne glazure in oblikovanimi potezami s \u010dopi\u010dem.<\/p>\n<p>Primerne so za uporabo v mikrovalovni pe\u010dici ali za pranje v pomivalnem stroju.<\/p>\n<p>Artikel je del kolekcije Brights 1815.<\/p>\n<p>Dimenzije:<\/p>\n<p>\u0160: 15 cm<\/p>\n","protected":false},"excerpt":{"rendered":"<p>Kolekcija 1815 je bila ustvarjenja v spomin ustanovitelju Johnu Doultonu. \u010cudoviti barvni odtenki na izdelkih ustvarijo prijeten ambient ob ve\u010derji s prijatelji in dru\u017eino. Sklede [&hellip;]<\/p>\n","protected":false},"featured_media":15295,"comment_status":"open","ping_status":"closed","template":"","meta":[],"product_brand":[],"product_cat":[960,1277,961,963],"product_tag":[1165,811,1002,1172,1171],"class_list":{"0":"post-15347","1":"product","2":"type-product","3":"status-publish","4":"has-post-thumbnail","6":"product_cat-porcelan-2","7":"product_cat-royal-doulton-1815","8":"product_cat-jedilni-servisi","9":"product_cat-skodelice","10":"product_tag-brights-1815","11":"product_tag-royal-doulton","12":"product_tag-skleda","13":"product_tag-skleda-iz-porcelana","14":"product_tag-skleda-za-kosmice","16":"first","17":"outofstock","18":"shipping-taxable","19":"purchasable","20":"product-type-simple"},"_links":{"self":[{"href":"https:\/\/steklarna-rogaska.si\/en\/wp-json\/wp\/v2\/product\/15347","targetHints":{"allow":["GET"]}}],"collection":[{"href":"https:\/\/steklarna-rogaska.si\/en\/wp-json\/wp\/v2\/product"}],"about":[{"href":"https:\/\/steklarna-rogaska.si\/en\/wp-json\/wp\/v2\/types\/product"}],"replies":[{"embeddable":true,"href":"https:\/\/steklarna-rogaska.si\/en\/wp-json\/wp\/v2\/comments?post=15347"}],"wp:featuredmedia":[{"embeddable":true,"href":"https:\/\/steklarna-rogaska.si\/en\/wp-json\/wp\/v2\/media\/15295"}],"wp:attachment":[{"href":"https:\/\/steklarna-rogaska.si\/en\/wp-json\/wp\/v2\/media?parent=15347"}],"wp:term":[{"taxonomy":"product_brand","embeddable":true,"href":"https:\/\/steklarna-rogaska.si\/en\/wp-json\/wp\/v2\/product_brand?post=15347"},{"taxonomy":"product_cat","embeddable":true,"href":"https:\/\/steklarna-rogaska.si\/en\/wp-json\/wp\/v2\/product_cat?post=15347"},{"taxonomy":"product_tag","embeddable":true,"href":"https:\/\/steklarna-rogaska.si\/en\/wp-json\/wp\/v2\/product_tag?post=15347"}],"curies":[{"name":"wp","href":"https:\/\/api.w.org\/{rel}","templated":true}]}}