{"id":14046,"date":"2021-09-15T14:34:59","date_gmt":"2021-09-15T14:34:59","guid":{"rendered":"https:\/\/steklarna-rogaska.si\/?post_type=product&#038;p=14046"},"modified":"2026-04-20T07:15:48","modified_gmt":"2026-04-20T07:15:48","slug":"amphora-kroznik-32-cm","status":"publish","type":"product","link":"https:\/\/steklarna-rogaska.si\/en\/product\/amphora-kroznik-32-cm\/","title":{"rendered":"KRO\u017dNIK S PODSTAVKOM &#8211; AMPHORA GOLD"},"content":{"rendered":"<div class=\"qodef-post-title-area \">\n<div class=\"qodef-post-title-area-inner\">\n<p class=\"qodef-post-excerpt\">vi\u0161ina= 162 mm \u0161irina: 330 mm te\u017ea= 2,1 kg<\/p>\n<\/div>\n<\/div>\n","protected":false},"excerpt":{"rendered":"<p>Ve\u010dna klasika, ki se ji ne moremo upreti. Zdru\u017euje tradicionalno obliko in najbolj ble\u0161\u010de\u010d tip brusa, obogatena je s pozlato iz 18-karatnega zlata, piko na I pa dodaja nenavaden izrez na vrhu. Za vse ljubitelje neminljive elegance bo serija dobrodo\u0161la popestritev tako modernih kot klasi\u010dnih ambientov. Zaradi svoje veli\u010dastnosti in bogate pozlate se zdi primeren izbor tudi za protokolarna in poslovna darila.<\/p>\n","protected":false},"featured_media":9791,"comment_status":"open","ping_status":"closed","template":"","meta":[],"product_brand":[],"product_cat":[921,919,942,944,946,947],"product_tag":[489,441,439,466,485,442,452],"class_list":{"0":"post-14046","1":"product","2":"type-product","3":"status-publish","4":"has-post-thumbnail","6":"product_cat-darila-zanjo","7":"product_cat-poslovna-darila","8":"product_cat-krozniki-in-pladnji","9":"product_cat-pladnji","10":"product_cat-sklede-2","11":"product_cat-sklede-za-sadje-2","12":"product_tag-amphora","13":"product_tag-porocna-darila","14":"product_tag-poroka","15":"product_tag-poseben-dizajn","16":"product_tag-poslovna-darila","17":"product_tag-praznicna-darila","18":"product_tag-praznovanje","20":"first","21":"instock","22":"shipping-taxable","23":"purchasable","24":"product-type-simple"},"_links":{"self":[{"href":"https:\/\/steklarna-rogaska.si\/en\/wp-json\/wp\/v2\/product\/14046","targetHints":{"allow":["GET"]}}],"collection":[{"href":"https:\/\/steklarna-rogaska.si\/en\/wp-json\/wp\/v2\/product"}],"about":[{"href":"https:\/\/steklarna-rogaska.si\/en\/wp-json\/wp\/v2\/types\/product"}],"replies":[{"embeddable":true,"href":"https:\/\/steklarna-rogaska.si\/en\/wp-json\/wp\/v2\/comments?post=14046"}],"wp:featuredmedia":[{"embeddable":true,"href":"https:\/\/steklarna-rogaska.si\/en\/wp-json\/wp\/v2\/media\/9791"}],"wp:attachment":[{"href":"https:\/\/steklarna-rogaska.si\/en\/wp-json\/wp\/v2\/media?parent=14046"}],"wp:term":[{"taxonomy":"product_brand","embeddable":true,"href":"https:\/\/steklarna-rogaska.si\/en\/wp-json\/wp\/v2\/product_brand?post=14046"},{"taxonomy":"product_cat","embeddable":true,"href":"https:\/\/steklarna-rogaska.si\/en\/wp-json\/wp\/v2\/product_cat?post=14046"},{"taxonomy":"product_tag","embeddable":true,"href":"https:\/\/steklarna-rogaska.si\/en\/wp-json\/wp\/v2\/product_tag?post=14046"}],"curies":[{"name":"wp","href":"https:\/\/api.w.org\/{rel}","templated":true}]}}