{"id":11087,"date":"2020-11-23T08:37:47","date_gmt":"2020-11-23T08:37:47","guid":{"rendered":"https:\/\/steklarna-rogaska.si\/?post_type=product&#038;p=11087"},"modified":"2026-04-21T05:23:39","modified_gmt":"2026-04-21T05:23:39","slug":"capri-kroznik-15-cm-set-6-kos","status":"publish","type":"product","link":"https:\/\/steklarna-rogaska.si\/en\/product\/capri-kroznik-15-cm-set-6-kos\/","title":{"rendered":"KRO\u017dNIK 15 CM &#8211; CAPRI &#8211; set 6 kos"},"content":{"rendered":"<p>h=27 mm \u00d8=150 mm te\u017ea= 0,40 kg<\/p>\n","protected":false},"excerpt":{"rendered":"<p>h=27 mm \u00d8=150 mm te\u017ea= 0,40 kg<\/p>\n","protected":false},"featured_media":11137,"comment_status":"open","ping_status":"open","template":"","meta":[],"product_brand":[],"product_cat":[942,943],"product_tag":[373,441,485,442],"class_list":{"0":"post-11087","1":"product","2":"type-product","3":"status-publish","4":"has-post-thumbnail","6":"product_cat-krozniki-in-pladnji","7":"product_cat-krozniki","8":"product_tag-capri","9":"product_tag-porocna-darila","10":"product_tag-poslovna-darila","11":"product_tag-praznicna-darila","13":"first","14":"outofstock","15":"shipping-taxable","16":"purchasable","17":"product-type-simple"},"_links":{"self":[{"href":"https:\/\/steklarna-rogaska.si\/en\/wp-json\/wp\/v2\/product\/11087","targetHints":{"allow":["GET"]}}],"collection":[{"href":"https:\/\/steklarna-rogaska.si\/en\/wp-json\/wp\/v2\/product"}],"about":[{"href":"https:\/\/steklarna-rogaska.si\/en\/wp-json\/wp\/v2\/types\/product"}],"replies":[{"embeddable":true,"href":"https:\/\/steklarna-rogaska.si\/en\/wp-json\/wp\/v2\/comments?post=11087"}],"wp:featuredmedia":[{"embeddable":true,"href":"https:\/\/steklarna-rogaska.si\/en\/wp-json\/wp\/v2\/media\/11137"}],"wp:attachment":[{"href":"https:\/\/steklarna-rogaska.si\/en\/wp-json\/wp\/v2\/media?parent=11087"}],"wp:term":[{"taxonomy":"product_brand","embeddable":true,"href":"https:\/\/steklarna-rogaska.si\/en\/wp-json\/wp\/v2\/product_brand?post=11087"},{"taxonomy":"product_cat","embeddable":true,"href":"https:\/\/steklarna-rogaska.si\/en\/wp-json\/wp\/v2\/product_cat?post=11087"},{"taxonomy":"product_tag","embeddable":true,"href":"https:\/\/steklarna-rogaska.si\/en\/wp-json\/wp\/v2\/product_tag?post=11087"}],"curies":[{"name":"wp","href":"https:\/\/api.w.org\/{rel}","templated":true}]}}