{"id":10655,"date":"2020-10-26T08:31:43","date_gmt":"2020-10-26T08:31:43","guid":{"rendered":"https:\/\/steklarna-rogaska.si\/?post_type=product&#038;p=10655"},"modified":"2026-04-14T05:24:05","modified_gmt":"2026-04-14T05:24:05","slug":"jewel-kozarec-za-caj-set-6","status":"publish","type":"product","link":"https:\/\/steklarna-rogaska.si\/en\/product\/jewel-kozarec-za-caj-set-6\/","title":{"rendered":"KOZAREC ZA VODO &#8211; JEWEL &#8211; set 6 kos"},"content":{"rendered":"<p>vi\u0161ina = 99 mm \u0161irina = 68 mm te\u017ea = 0,33 kg\/kos<\/p>\n<p style=\"color: white;\">\n","protected":false},"excerpt":{"rendered":"<p>vi\u0161ina = 99 mm \u0161irina = 68 mm te\u017ea = 0,33 kg\/kos<\/p>\n","protected":false},"featured_media":10670,"comment_status":"open","ping_status":"open","template":"","meta":[],"product_brand":[],"product_cat":[916,923,924,932,933],"product_tag":[796,485,442,495],"class_list":{"0":"post-10655","1":"product","2":"type-product","3":"status-publish","4":"has-post-thumbnail","6":"product_cat-darilni-program-2","7":"product_cat-drobne-pozornosti","8":"product_cat-kozarci-2","9":"product_cat-kozarci-za-sok","10":"product_cat-kozarci-za-vodo-2","11":"product_tag-jewel","12":"product_tag-poslovna-darila","13":"product_tag-praznicna-darila","14":"product_tag-za-caj","16":"first","17":"outofstock","18":"shipping-taxable","19":"purchasable","20":"product-type-simple"},"_links":{"self":[{"href":"https:\/\/steklarna-rogaska.si\/en\/wp-json\/wp\/v2\/product\/10655","targetHints":{"allow":["GET"]}}],"collection":[{"href":"https:\/\/steklarna-rogaska.si\/en\/wp-json\/wp\/v2\/product"}],"about":[{"href":"https:\/\/steklarna-rogaska.si\/en\/wp-json\/wp\/v2\/types\/product"}],"replies":[{"embeddable":true,"href":"https:\/\/steklarna-rogaska.si\/en\/wp-json\/wp\/v2\/comments?post=10655"}],"wp:featuredmedia":[{"embeddable":true,"href":"https:\/\/steklarna-rogaska.si\/en\/wp-json\/wp\/v2\/media\/10670"}],"wp:attachment":[{"href":"https:\/\/steklarna-rogaska.si\/en\/wp-json\/wp\/v2\/media?parent=10655"}],"wp:term":[{"taxonomy":"product_brand","embeddable":true,"href":"https:\/\/steklarna-rogaska.si\/en\/wp-json\/wp\/v2\/product_brand?post=10655"},{"taxonomy":"product_cat","embeddable":true,"href":"https:\/\/steklarna-rogaska.si\/en\/wp-json\/wp\/v2\/product_cat?post=10655"},{"taxonomy":"product_tag","embeddable":true,"href":"https:\/\/steklarna-rogaska.si\/en\/wp-json\/wp\/v2\/product_tag?post=10655"}],"curies":[{"name":"wp","href":"https:\/\/api.w.org\/{rel}","templated":true}]}}