{"id":10654,"date":"2020-10-26T08:29:31","date_gmt":"2020-10-26T08:29:31","guid":{"rendered":"https:\/\/steklarna-rogaska.si\/?post_type=product&#038;p=10654"},"modified":"2026-04-21T05:13:06","modified_gmt":"2026-04-21T05:13:06","slug":"gold-infinity-skodelica-za-caj-na-krozniku","status":"publish","type":"product","link":"https:\/\/steklarna-rogaska.si\/en\/product\/gold-infinity-skodelica-za-caj-na-krozniku\/","title":{"rendered":"SKODELICA ZA KAVO S PODSTAVKOM &#8211; GOLD INFINITY &#8211; set 6 kos"},"content":{"rendered":"<p>Set vklju\u010duje 6 skodelic za \u010daj\/ kavo in 6 podstavkov.<\/p>\n<p>vi\u0161ina = 88 mm \u0161irina = 108 mm te\u017ea = 0,33 kg<\/p>\n<p style=\"color: white;\">\n","protected":false},"excerpt":{"rendered":"<p>Set vklju\u010duje 6 skodelic za \u010daj\/ kavo in 6 podstavkov. vi\u0161ina = 88 mm \u0161irina = 108 mm te\u017ea = 0,33 kg<\/p>\n","protected":false},"featured_media":10621,"comment_status":"open","ping_status":"open","template":"","meta":[],"product_brand":[],"product_cat":[916,922,921,920,919,996,956,957],"product_tag":[794,485,442,795],"class_list":{"0":"post-10654","1":"product","2":"type-product","3":"status-publish","4":"has-post-thumbnail","6":"product_cat-darilni-program-2","7":"product_cat-darila-zanj","8":"product_cat-darila-zanjo","9":"product_cat-porocna-darila","10":"product_cat-poslovna-darila","11":"product_cat-praznicna-ponudba","12":"product_cat-skodelice-za-caj-kavo-sladoled","13":"product_cat-skodelice-za-kavo","14":"product_tag-gold-infinity","15":"product_tag-poslovna-darila","16":"product_tag-praznicna-darila","17":"product_tag-za-kavo-caj","19":"first","20":"outofstock","21":"shipping-taxable","22":"purchasable","23":"product-type-simple"},"_links":{"self":[{"href":"https:\/\/steklarna-rogaska.si\/en\/wp-json\/wp\/v2\/product\/10654","targetHints":{"allow":["GET"]}}],"collection":[{"href":"https:\/\/steklarna-rogaska.si\/en\/wp-json\/wp\/v2\/product"}],"about":[{"href":"https:\/\/steklarna-rogaska.si\/en\/wp-json\/wp\/v2\/types\/product"}],"replies":[{"embeddable":true,"href":"https:\/\/steklarna-rogaska.si\/en\/wp-json\/wp\/v2\/comments?post=10654"}],"wp:featuredmedia":[{"embeddable":true,"href":"https:\/\/steklarna-rogaska.si\/en\/wp-json\/wp\/v2\/media\/10621"}],"wp:attachment":[{"href":"https:\/\/steklarna-rogaska.si\/en\/wp-json\/wp\/v2\/media?parent=10654"}],"wp:term":[{"taxonomy":"product_brand","embeddable":true,"href":"https:\/\/steklarna-rogaska.si\/en\/wp-json\/wp\/v2\/product_brand?post=10654"},{"taxonomy":"product_cat","embeddable":true,"href":"https:\/\/steklarna-rogaska.si\/en\/wp-json\/wp\/v2\/product_cat?post=10654"},{"taxonomy":"product_tag","embeddable":true,"href":"https:\/\/steklarna-rogaska.si\/en\/wp-json\/wp\/v2\/product_tag?post=10654"}],"curies":[{"name":"wp","href":"https:\/\/api.w.org\/{rel}","templated":true}]}}