{"id":7133,"date":"2025-02-20T23:59:57","date_gmt":"2025-02-20T23:59:57","guid":{"rendered":"https:\/\/steklarna-rogaska.si\/prodajalne\/"},"modified":"2025-08-04T12:06:19","modified_gmt":"2025-08-04T12:06:19","slug":"prodajalne","status":"publish","type":"page","link":"https:\/\/steklarna-rogaska.si\/en\/prodajalne\/","title":{"rendered":"Prodajalne"},"content":{"rendered":"<div class=\"wpb-content-wrapper\"><p>[vc_row][vc_column][vc_gmaps link=&#8221;#E-8_JTNDaWZyYW1lJTIwc3JjJTNEJTIyaHR0cHMlM0ElMkYlMkZ3d3cuZ29vZ2xlLmNvbSUyRm1hcHMlMkZkJTJGdSUyRjElMkZlbWJlZCUzRm1pZCUzRDFpdGpxQ0RvNkNZbl93MVJXR0xXclRoekM1VWxPbF9pQiUyMiUyMHdpZHRoJTNEJTIyNjQwJTIyJTIwaGVpZ2h0JTNEJTIyNDgwJTIyJTNFJTNDJTJGaWZyYW1lJTNF&#8221;][\/vc_column][\/vc_row][vc_row row_content_width=&#8221;grid&#8221; css=&#8221;.vc_custom_1586974991699{padding-top: 60px !important;}&#8221;][vc_column width=&#8221;1\/4&#8243;][vc_custom_heading text=&#8221;LJUBLJANA&#8221;][vc_column_text]<strong>RAZSTAVNO PRODAJNI SALON ROGA\u0160KA<\/strong><br \/>\nMESTNI TRG 22<br \/>\n1000 LJUBLJANA<br \/>\nT: +386 1 241 27 01<br \/>\n<a href=\"mailto:prodajalna.ljubljana@fiskars.com\"><span style=\"color: #a58355;\">prodajalna.ljubljana@fiskars.com<\/span><\/a><\/p>\n<p><strong>Odpiralni \u010das<\/strong><\/p>\n<p>pon-pet: 9:00 &#8211; 19:00<br \/>\nsob: 9:00 &#8211; 14:00<br \/>\nnedelje in prazniki: ZAPRTO<\/p>\n<p><strong>OBVESTILO:<\/strong><\/p>\n<p>ni aktualnih obvestil[\/vc_column_text][\/vc_column][vc_column width=&#8221;1\/4&#8243;][vc_custom_heading text=&#8221;ROGA\u0160KA SLATINA&#8221;][vc_column_text]<strong>PRODAJNI SALON PEGASUS<\/strong><br \/>\nULICA TALCEV 1,<br \/>\n3250 ROGA\u0160KA SLATINA<br \/>\nT: +386 3 818 02 37<br \/>\n<a href=\"mailto:prodajalna.pegaz@fiskars.com\"><span style=\"color: #a58355;\">prodajalna.pegaz@fiskars.com\u00a0<\/span><\/a><\/p>\n<p><strong>Odpiralni \u010das<\/strong><\/p>\n<p>pon-pet: 8:00 &#8211; 18:00<br \/>\nsob: 8:00 &#8211; 13:00<br \/>\nnedelje in prazniki: ZAPRTO<\/p>\n<p><strong>OBVESTILO<\/strong><\/p>\n<p>ni aktualnih obvestil[\/vc_column_text][\/vc_column][vc_column width=&#8221;1\/4&#8243;][vc_custom_heading text=&#8221;ROGA\u0160KA SLATINA&#8221;][vc_column_text css=&#8221;&#8221;]<strong>ROGA\u0160KA CRYSTAL OUTLET<\/strong><br \/>\nULICA TALCEV 1<br \/>\n3250 ROGA\u0160KA SLATINA<br \/>\nT: +386 3 818 02 67<\/p>\n<p><span style=\"color: #a58355;\"><a style=\"color: #a58355;\" href=\"mailto:prodajalna.outlet@fiskars.com\">prodajalna.outlet@fiskars.com\u00a0<\/a><\/span><\/p>\n<p><strong>Odpiralni \u010das<\/strong><\/p>\n<p>pon-pet: 10:00 \u2013 17:00<br \/>\nsob: 8:00 \u2013 13:00<br \/>\nnedelje in prazniki: ZAPRTO[\/vc_column_text][\/vc_column][vc_column width=&#8221;1\/4&#8243;][vc_custom_heading text=&#8221;KOPER&#8221;][vc_column_text]<strong>KRISTALNA HARMONIJA<\/strong><\/p>\n<p><strong>Branka \u0160i\u0161ljagi\u010d s.p.<\/strong><br \/>\n\u010cEVLJARSKA ULICA 15<br \/>\n6000 KOPER<br \/>\nT: +386 5 62 78 423<br \/>\n<span style=\"color: #a58355;\"><a style=\"color: #a58355;\" href=\"mailto:kristalnaharmonija@hotmail.com\">kristalnaharmonija@hotmail.com<\/a><\/span><\/p>\n<p><strong>Odpiralni \u010das<\/strong><\/p>\n<p>pon-pet: 09:00 \u2013 18:00<br \/>\nsob: 9:00 \u2013 13:00<br \/>\nnedelje in prazniki: ZAPRTO[\/vc_column_text][\/vc_column][\/vc_row][vc_row row_content_width=&#8221;grid&#8221; css=&#8221;.vc_custom_1586974991699{padding-top: 60px !important;}&#8221;][vc_column width=&#8221;1\/4&#8243;][vc_custom_heading text=&#8221;Zagreb&#8221;][vc_column_text]<strong>BELLA FORMA ZAGREB<\/strong><br \/>\nTRG \u017dRTAVA FA\u0160IZMA 3<br \/>\n10000 Zagreb<br \/>\n+385 1 46 14 463<br \/>\n<span style=\"color: #a58355;\"><a style=\"color: #a58355;\" href=\"mailto:info@bellaforma.hr\">info@bellaforma.hr<\/a><\/span><\/p>\n<p>Odpiralni \u010das:<br \/>\nPon-pet: 9.00 \u2013 20.00<br \/>\nSob: 9.00 \u2013 14.00[\/vc_column_text][\/vc_column][vc_column width=&#8221;1\/4&#8243;][vc_custom_heading text=&#8221;NOVI SAD&#8221;][vc_column_text]<strong>LAND OF PLENTY<br \/>\n<\/strong>DUNAVSKA 11<br \/>\n21000 NOVI SAD, SRBIJA<br \/>\n<span style=\"color: #a58355;\"><a style=\"color: #a58355;\" href=\"mailto:utilisdoo@yahoo.com\">utilisdoo@yahoo.com<\/a><\/span><\/p>\n<p>T: +381 21 42 68 51<\/p>\n<p>Odpiralni \u010das:<br \/>\npon-pet: 9:00- 21:00<br \/>\nsub: 11:00 \u2013 19:00<br \/>\nnedjelje in prazniki: ZAPRTO[\/vc_column_text][\/vc_column][vc_column width=&#8221;1\/4&#8243;][vc_custom_heading text=&#8221;SARAJEVO&#8221;][vc_column_text]<strong>BONUM SARAJEVO<\/strong><br \/>\nNurije Pozderca 5 71000, Sarajevo<br \/>\nBosna i Hercegovina<\/p>\n<p>T:+387 61 491 818<\/p>\n<p>E-mail: <span style=\"color: #a58355;\"><a style=\"color: #a58355;\" href=\"info@bonuminternational.ba\">info@bonuminternational.ba<\/a><\/span><\/p>\n<p>W: <span style=\"color: #a58355;\"><a style=\"color: #a58355;\" href=\"http:\/\/www.bonuminternational.ba\">www.bonuminternational.ba<\/a><\/span><\/p>\n<p>Odpiralni \u010das<br \/>\npon-pet: 11:00-20:00<br \/>\nsob: 12:00-18:00<br \/>\nNedelja in prazniki: ZAPRTO[\/vc_column_text][\/vc_column][\/vc_row][vc_row row_content_width=&#8221;grid&#8221; css=&#8221;.vc_custom_1586974991699{padding-top: 60px !important;}&#8221;][vc_column width=&#8221;1\/4&#8243;][vc_custom_heading text=&#8221;ajdov\u0161\u010dina&#8221;][vc_column_text]<\/p>\n<p><strong>Kristal d.o.o. Prodajalna Ajdov\u0161\u010dina<\/strong><br \/>\n<strong>Hi\u0161a Castra<\/strong><br \/>\nGori\u0161ka cesta 27<br \/>\n5270 Ajdov\u0161\u010dina<br \/>\n+386 5 366 30 83<br \/>\n<span style=\"color: #a58355;\"><a style=\"color: #a58355;\" href=\"mailto:ajdovscina@kristaldoo.si\">ajdovscina@kristaldoo.si<\/a><\/span><\/p>\n<p>[\/vc_column_text][\/vc_column][vc_column width=&#8221;1\/4&#8243;][vc_custom_heading text=&#8221;bled&#8221;][vc_column_text]<strong>Zakladi d.o.o.<br \/>\n<\/strong><strong>Prodajalna I love Bled<br \/>\n<\/strong>Cesta svobode 15<br \/>\n4260 Bled<br \/>\n040 789 361<br \/>\n<a href=\"mailto:ilovebled@zakladi.si\"><strong>ilovebled@zakladi.si<\/strong><\/a><\/p>\n<p>Odpiralni \u010das:<br \/>\nPon.-sob: 10:00 -22:00<br \/>\nNedelje in praznike: 10:00 &#8211; 22:00<\/p>\n<p><strong><br \/>\nBlejski otok d.o.o.<\/strong><br \/>\n<strong>Blejski otok<\/strong><br \/>\n4260 Bled<br \/>\n+386 4 576 79 01<br \/>\n<span style=\"color: #a58355;\"><a style=\"color: #a58355;\" href=\"mailto:info@blejskiotok.si\">info@blejskiotok.si<\/a><\/span>[\/vc_column_text][\/vc_column][vc_column width=&#8221;1\/4&#8243;][vc_custom_heading text=&#8221;dom\u017eale&#8221;][vc_column_text]<\/p>\n<p><strong>Kristal d.o.o. Prodajalna Dom\u017eale<\/strong><br \/>\n<strong>Vele center<\/strong><br \/>\nMestni trg 1<br \/>\n1230 Dom\u017eale<br \/>\n+386 1 721 25 72<br \/>\n<span style=\"color: #a58355;\"><a style=\"color: #a58355;\" href=\"mailto:domzale@kristaldoo.si\">domzale@kristaldoo.si<\/a><\/span><\/p>\n<p>[\/vc_column_text][\/vc_column][vc_column width=&#8221;1\/4&#8243;][vc_custom_heading text=&#8221;kr\u0161ko&#8221;][vc_column_text]<strong>Prodajna galerija Ambienta<\/strong><br \/>\nCesta kr\u0161kih \u017ertev 44<br \/>\n8270 Kr\u0161ko<br \/>\nT: +386 7 492 55 70<br \/>\n<span style=\"color: #a58355;\"><a style=\"color: #a58355;\" href=\"mailto:info@galerijaambienta.com\">info@galerijaambienta.com<\/a><\/span><\/p>\n<p>Odpiralni \u010das:<br \/>\npon-pet: 9:00 &#8211; 18:00<br \/>\nsob: 9:00 &#8211; 13:00<br \/>\nnedelje in prazniki: ZAPRTO[\/vc_column_text][\/vc_column][\/vc_row][vc_row row_content_width=&#8221;grid&#8221; css=&#8221;.vc_custom_1586975510698{padding-top: 60px !important;}&#8221;][vc_column width=&#8221;1\/4&#8243;][vc_custom_heading text=&#8221;Ljubljana&#8221;][vc_column_text]<strong>Veleblagovnica Nama Ljubljana<br \/>\n<\/strong>Kristal d.o.o., 4. nadstropje<br \/>\nTom\u0161i\u010deva ulica 2<br \/>\n1000 Ljubljana<\/p>\n<p>+386 41 494 964<\/p>\n<p><a style=\"color: #a58355;\" href=\"mailto:namaljubljana@kristaldoo.si\">namaljubljana@kristaldoo.si<\/a><\/p>\n<p>Odpiralni \u010das:<br \/>\nponedeljek &#8211; sobota: 9:00 &#8211; 21:00<br \/>\nnedelja in prazniki: ZAPRTO<\/p>\n<p>&nbsp;<\/p>\n<p><strong>Zakladi d.o.o.<\/strong><br \/>\n<strong>Prodajalna Lili&amp;Vesna<\/strong><br \/>\nCiril Metodov trg 17<br \/>\n1000 Ljubljana<br \/>\n040 789 362<br \/>\n<strong><a href=\"mailto:lili-vesna@zakladi.si\">lili-vesna@zakladi.si<\/a><\/strong><\/p>\n<p>Odpiralni \u010das:<br \/>\nPon &#8211; sob: 10:00 &#8211; 19:00<br \/>\nNedelje in praznike: 10:00 -16:00<\/p>\n<p>&nbsp;<\/p>\n<p>&nbsp;<\/p>\n<p><strong>Prodajalna Ljubljana Koseze<\/strong><br \/>\nTr\u017enica Koseze, kletna eta\u017ea<br \/>\nKristal d. o. o.<br \/>\nVodnikova cesta 187<br \/>\n1000 Ljubljana<br \/>\n+386 151 40 280<br \/>\n<a style=\"color: #a58355;\" href=\"mailto:ljubljanakoseze@kristaldoo.si\">ljubljanakoseze@kristaldoo.si<\/a><\/p>\n<p>Odpiralni \u010das:<br \/>\nponedeljek &#8211; petek: 8.00-19.00<br \/>\nsobota: 8.00-13.00<br \/>\nnedelja in prazniki: ZAPRTO<\/p>\n<p><strong>Amadeus darila<\/strong><br \/>\n<strong>City park \u2013 pritli\u010dje<\/strong><br \/>\n\u0160MARTINSKA CESTA 152 G<br \/>\n1000 Ljubljana<br \/>\n+386 1 5411818<br \/>\n<a style=\"color: #a58355;\" href=\"mailto:Minka.sebenik1@gmail.com\">Minka.sebenik1@gmail.com<\/a>[\/vc_column_text][\/vc_column][vc_column width=&#8221;1\/4&#8243;][vc_custom_heading text=&#8221;lenart&#8221;][vc_column_text]<strong>Papirnica Zaj\u010dek Lenart<\/strong><br \/>\nPartizanska cesta 3a<br \/>\n2230 Lenart<br \/>\n+386 2 729 27 16<br \/>\n<span style=\"color: #a58355;\"><a style=\"color: #a58355;\" href=\"mailto:zajcek.lenart@narcisa.si\">zajcek.lenart@narcisa.si<\/a><\/span>[\/vc_column_text][\/vc_column][vc_column width=&#8221;1\/4&#8243;][vc_custom_heading text=&#8221;Ljutomer&#8221;][vc_column_text]<strong>OPTIKA DOBER VID, Tanja Jerebic s.p.<\/strong><\/p>\n<p>Kolodvorska ulica 18 a<br \/>\n9240 Ljutomer<br \/>\nM: 041 230 323; T: 02 584 10 84<br \/>\n<span style=\"color: #a58355;\"><a style=\"color: #a58355;\" href=\"mailto:optika@dobervid.com\">optika@dobervid.com<\/a><\/span><\/p>\n<p>Odpiralni \u010das:<br \/>\npon,tor,\u010det,pet: 8:00 &#8211; 17:00<br \/>\nsre: 11:00-19:00<br \/>\nsob: 8:00-12:00[\/vc_column_text][\/vc_column][vc_column width=&#8221;1\/4&#8243;][vc_custom_heading text=&#8221;Maribor&#8221;][vc_column_text]<strong>ANTIKVITETE LIPOVEC<\/strong><br \/>\nTITOVA CESTA 2A<br \/>\n2000 Maribor<br \/>\nTel: 02 250 1803<br \/>\nGsm\u00a0041 285 416.<br \/>\n<span style=\"color: #a58355;\"><a style=\"color: #a58355;\" href=\"mailto:novagorica@kristaldoo.si\">info@antika-lipovec.si<\/a><\/span>[\/vc_column_text][vc_column_text]<strong>Slovenski zakladi<br \/>\nGosposvetska ulica 23<br \/>\n2000 Maribor<br \/>\n+386 (0)2 6212424<br \/>\n<a style=\"color: #a58355;\" href=\"mailto:m.tocaj@gmail.com\">m.tocaj@gmail.com<\/a><\/strong><\/p>\n<p><strong>Papirnica Zaj\u010dek Maribor<\/strong><br \/>\n<strong>Hipermarket Mercator Pobre\u017eje<\/strong><br \/>\nPuhova 1<br \/>\n2000 Maribor<br \/>\n+386 2 621 32 15<br \/>\n<span style=\"color: #a58355;\"><a style=\"color: #a58355;\" href=\"mailto:zajcek.maribor@narcisa.si\">zajcek.maribor@narcisa.si<\/a> <\/span><\/p>\n<p><strong>Amadeus darila<\/strong><br \/>\n<strong>Europark Maribor \u2013 drugo nadstropje<\/strong><br \/>\nPobre\u0161ka cesta 18<br \/>\n2000 Maribor<br \/>\n+386 59 032037<br \/>\n<a style=\"color: #a58355;\" href=\"mailto:Minka.sebenik1@gmail.com\">minka.sebenik1@gmail.com<\/a>[\/vc_column_text][\/vc_column][\/vc_row][vc_row row_content_width=&#8221;grid&#8221; css=&#8221;.vc_custom_1586975495589{padding-top: 60px !important;}&#8221;][vc_column width=&#8221;1\/4&#8243;][vc_custom_heading text=&#8221;ptuj&#8221;][vc_column_text]<strong>Graver-zlatar Bojan Tofant s.p.<\/strong><br \/>\nKrempljeva ulica 3<br \/>\n2250 Ptuj<br \/>\n+386 2 748 14 20<br \/>\n<span style=\"color: #a58355;\"><a style=\"color: #a58355;\" href=\"mailto:info@zlatarstvotofant.com\">info@zlatarstvotofant.com<\/a><\/span><\/p>\n<p>Odpiralni \u010das:<br \/>\npon-pet: 9:00-13:00 in 14:30-17:30<br \/>\nsobota: 9:00-12:00[\/vc_column_text][\/vc_column][vc_column width=&#8221;1\/4&#8243;][vc_custom_heading text=&#8221;Postojna&#8221;][vc_column_text]<strong>Kristal d.o.o. Prodajalna Postojna<\/strong><br \/>\n<strong>TPC Primorka<\/strong><br \/>\nNovi trg 7a<br \/>\n6230 Postojna<br \/>\n+386 5 720 38 55<br \/>\n<span style=\"color: #a58355;\"><a style=\"color: #a58355;\" href=\"mailto:postojna@kristaldoo.si\">postojna@kristaldoo.si<\/a><\/span>[\/vc_column_text][\/vc_column][vc_column width=&#8221;1\/4&#8243;][vc_custom_heading text=&#8221;roga\u0161ka slatina&#8221;][vc_column_text]<\/p>\n<p><strong>Javni zavod turizem Roga\u0161ka Slatina<\/strong><br \/>\nZdravili\u0161ki trg 1<br \/>\n3250 Roga\u0161ka Slatina<br \/>\n+386 3 581 44 14<br \/>\n<span style=\"color: #a58355;\"><a style=\"color: #a58355;\" href=\"mailto:info@turizem-rogaska.si\">info@turizem-rogaska.si<\/a><\/span><\/p>\n<p>[\/vc_column_text][\/vc_column][\/vc_row][vc_row row_content_width=&#8221;grid&#8221; css=&#8221;.vc_custom_1586975524861{padding-top: 60px !important;}&#8221;][vc_column width=&#8221;1\/4&#8243;][vc_custom_heading text=&#8221;ren\u010de&#8221;][vc_column_text]<\/p>\n<p><strong>Kristal d.o.o. Prodajalna Ren\u010de<\/strong><br \/>\nLuke\u017ei\u010di 45<br \/>\n5292 Ren\u010de<br \/>\n+386 5 335 15 55<br \/>\n<span style=\"color: #a58355;\"><a style=\"color: #a58355;\" href=\"mailto:kristaldoo@siol.net\">kristaldoo@siol.net<\/a><\/span><\/p>\n<p>[\/vc_column_text][\/vc_column][vc_column width=&#8221;1\/4&#8243;][vc_custom_heading text=&#8221;nova gorica&#8221;][vc_column_text]<\/p>\n<p><strong>Kristal d.o.o. Prodajalna Nova Gorica<\/strong><br \/>\n<strong>Eda center<\/strong><br \/>\nDelpinova 18b<br \/>\n5000 Nova Gorica<br \/>\n+386 59 033 299<br \/>\n<span style=\"color: #a58355;\"><a style=\"color: #a58355;\" href=\"mailto:novagorica@kristaldoo.si\">novagorica@kristaldoo.si<\/a><\/span><\/p>\n<p>[\/vc_column_text][\/vc_column][vc_column width=&#8221;1\/4&#8243;][vc_custom_heading text=&#8221;SLOVENJ GRADEC&#8221;][vc_column_text]<strong>Deltex d..o.o , trgovina Marjanca<\/strong><br \/>\nGlavni trg 15<br \/>\n2380 Slovenj Gradec<\/p>\n<p>+386 2 882 29 99<br \/>\n<a href=\"mailto:marjanca.sg@gmail.com\" target=\"_blank\" rel=\"noopener\">marjanca.sg@gmail.com<\/a>[\/vc_column_text][\/vc_column][vc_column width=&#8221;1\/4&#8243;][vc_custom_heading text=&#8221;trebnje&#8221;][vc_column_text]<\/p>\n<p><strong>Veteks, Barbara Veseli\u010d s.p.<\/strong><br \/>\nGub\u010deva cesta 7a<br \/>\n8210 Trebnje<br \/>\n+386 59 952 175<br \/>\n+386 40 575 153<br \/>\n<span style=\"color: #a58355;\"><a style=\"color: #a58355;\" href=\"mailto:veteks.veselic@gmail.com\">veteks.veselic@gmail.com<\/a><\/span><\/p>\n<p>[\/vc_column_text][\/vc_column][\/vc_row][vc_row][vc_column][vc_empty_space height=&#8221;80px&#8221;][\/vc_column][\/vc_row]<\/p>\n<\/div>","protected":false},"excerpt":{"rendered":"<p>[vc_row][vc_column][vc_gmaps link=&#8221;#E-8_JTNDaWZyYW1lJTIwc3JjJTNEJTIyaHR0cHMlM0ElMkYlMkZ3d3cuZ29vZ2xlLmNvbSUyRm1hcHMlMkZkJTJGdSUyRjElMkZlbWJlZCUzRm1pZCUzRDFpdGpxQ0RvNkNZbl93MVJXR0xXclRoekM1VWxPbF9pQiUyMiUyMHdpZHRoJTNEJTIyNjQwJTIyJTIwaGVpZ2h0JTNEJTIyNDgwJTIyJTNFJTNDJTJGaWZyYW1lJTNF&#8221;][\/vc_column][\/vc_row][vc_row row_content_width=&#8221;grid&#8221; css=&#8221;.vc_custom_1586974991699{padding-top: 60px !important;}&#8221;][vc_column width=&#8221;1\/4&#8243;][vc_custom_heading text=&#8221;LJUBLJANA&#8221;][vc_column_text]RAZSTAVNO PRODAJNI SALON ROGA\u0160KA MESTNI TRG 22 1000 LJUBLJANA T: +386 1 241 27 01 prodajalna.ljubljana@fiskars.com Odpiralni \u010das [&hellip;]<\/p>\n","protected":false},"author":1544,"featured_media":0,"parent":0,"menu_order":0,"comment_status":"closed","ping_status":"closed","template":"full-width.php","meta":{"footnotes":""},"class_list":["post-7133","page","type-page","status-publish","hentry"],"_links":{"self":[{"href":"https:\/\/steklarna-rogaska.si\/en\/wp-json\/wp\/v2\/pages\/7133","targetHints":{"allow":["GET"]}}],"collection":[{"href":"https:\/\/steklarna-rogaska.si\/en\/wp-json\/wp\/v2\/pages"}],"about":[{"href":"https:\/\/steklarna-rogaska.si\/en\/wp-json\/wp\/v2\/types\/page"}],"author":[{"embeddable":true,"href":"https:\/\/steklarna-rogaska.si\/en\/wp-json\/wp\/v2\/users\/1544"}],"replies":[{"embeddable":true,"href":"https:\/\/steklarna-rogaska.si\/en\/wp-json\/wp\/v2\/comments?post=7133"}],"version-history":[{"count":101,"href":"https:\/\/steklarna-rogaska.si\/en\/wp-json\/wp\/v2\/pages\/7133\/revisions"}],"predecessor-version":[{"id":41882,"href":"https:\/\/steklarna-rogaska.si\/en\/wp-json\/wp\/v2\/pages\/7133\/revisions\/41882"}],"wp:attachment":[{"href":"https:\/\/steklarna-rogaska.si\/en\/wp-json\/wp\/v2\/media?parent=7133"}],"curies":[{"name":"wp","href":"https:\/\/api.w.org\/{rel}","templated":true}]}}