{"id":7110,"date":"2025-03-27T10:56:06","date_gmt":"2025-03-27T10:56:06","guid":{"rendered":"https:\/\/steklarna-rogaska.si\/turisticna-pot\/"},"modified":"2026-01-22T17:51:58","modified_gmt":"2026-01-22T17:51:58","slug":"tourist-trail","status":"publish","type":"page","link":"https:\/\/steklarna-rogaska.si\/en\/tourist-trail\/","title":{"rendered":"OUR WORK IS OUR PRIDE"},"content":{"rendered":"<div class=\"wpb-content-wrapper\"><p>[vc_row content_placement=&#8221;middle&#8221;][vc_column][\/vc_column][\/vc_row][vc_row content_placement=&#8221;middle&#8221;][vc_column]<div class=\"qodef-elements-holder   qodef-one-column  qodef-responsive-mode-768 \" ><div class=\"qodef-eh-item    \"  data-item-class=\"qodef-eh-custom-8093\" data-1367-1600=\"134px 29% 150px\" data-1025-1366=\"134px 27% 150px\" data-769-1024=\"134px 21% 150px\" data-681-768=\"110px 8% 119px\" data-680=\"110px 8% 119px\">\n\t<div class=\"qodef-eh-item-inner\">\n\t\t<div class=\"qodef-eh-item-content qodef-eh-custom-8093\" style=\"padding: 134px 34% 150px\">\n\t\t\t<div class=\"qodef-section-title-holder  qodef-st-standard qodef-st-title-left qodef-st-normal-space \" style=\"text-align: center\">\n\t<div class=\"qodef-st-inner\">\n\t\t\t\t\t<h2 class=\"qodef-st-title\" >\n\t\t\t\tTourist trail GUIDED TOUR OF THE ROGA\u0160KA GLASSWORKS\t\t\t<\/h2>\n\t\t\t\t\t\t\t<h4 class=\"qodef-st-text\" style=\"font-weight: 300\">\n\t\t\t\tRoga\u0161ka Glasswork factory tour is a unique experience that you can enjoy when visiting Roga\u0161ka Slatina. You are invited to see how top-quality crystal products of Roga\u0161ka Glassworks are created.\nTogether with a guide, you will see the entire production process and admire the craftsmanship and artistry of glass processing. During the tour, we proudly show you the ``Hall of Fame,`` where more than 20 unique ceremonial gifts and trophies awarded to top athletes, celebrities, politicians, and eminent personalities are displayed.\nThe tour concludes in the Pegasus Roga\u0161ka store, which is also the largest exhibition showroom of Roga\u0161ka products in the world.\nWith the purchase of a ticket, you will receive a credit that you can use on the day of the tour in the Pegasus Roga\u0161ka Slatina store to buy products.\nA crystal product is a wonderful souvenir of your visit to Roga\u0161ka Slatina.\t\t\t<\/h4>\n\t\t\t<\/div>\n<\/div><div class=\"qodef-section-title-holder  qodef-st-standard qodef-st-title-left qodef-st-normal-space \" style=\"text-align: center\">\n\t<div class=\"qodef-st-inner\">\n\t\t\t\t\t<\/div>\n<\/div>[vc_column_text]<\/p>\n<p style=\"font-weight: 400;\"><strong>VISIT US<\/strong><\/p>\n<p style=\"font-weight: 400; text-align: center;\">Guided factory tours take place every workday between 8.00 and 13.00. Closed on Saturdays, Sundays and public holidays. For organized groups special arrangement is possible.<\/p>\n<p style=\"font-weight: 400; text-align: center;\">For factory tour visit you have to make a prior reservation by:<\/p>\n<p style=\"font-weight: 400; text-align: center;\">&#8211; by e-mail:\u00a0<a href=\"mailto:obisk.rogaska@fiskars.com\">obisk.rogaska@fiskars.com<\/a>\u00a0or<\/p>\n<p style=\"font-weight: 400; text-align: center;\">&#8211; by phone:\u00a000386 3 81 80 205<\/p>\n<p>[\/vc_column_text]\t\t<\/div>\n\t<\/div>\n<\/div><\/div>[\/vc_column][\/vc_row][vc_row content_placement=&#8221;middle&#8221;][vc_column]<div class=\"qodef-elements-holder   qodef-one-column  qodef-responsive-mode-768 \" ><div class=\"qodef-eh-item    \"  data-item-class=\"qodef-eh-custom-1476\" data-1367-1600=\"134px 29% 150px\" data-1025-1366=\"134px 27% 150px\" data-769-1024=\"134px 21% 150px\" data-681-768=\"110px 8% 119px\" data-680=\"110px 8% 119px\">\n\t<div class=\"qodef-eh-item-inner\">\n\t\t<div class=\"qodef-eh-item-content qodef-eh-custom-1476\" style=\"padding: 134px 34% 150px\">\n\t\t\t[vc_video link=&#8221;https:\/\/www.youtube.com\/watch?v=dggueC_OBP4&#8243;]\t\t<\/div>\n\t<\/div>\n<\/div><\/div>[\/vc_column][\/vc_row][vc_row content_placement=&#8221;middle&#8221;][vc_column]<div class=\"qodef-elements-holder   qodef-one-column  qodef-responsive-mode-768 \" ><div class=\"qodef-eh-item    \"  data-item-class=\"qodef-eh-custom-3865\" data-1367-1600=\"134px 29% 150px\" data-1025-1366=\"134px 27% 150px\" data-769-1024=\"134px 21% 150px\" data-681-768=\"110px 8% 119px\" data-680=\"110px 8% 119px\">\n\t<div class=\"qodef-eh-item-inner\">\n\t\t<div class=\"qodef-eh-item-content qodef-eh-custom-3865\" style=\"padding: 134px 34% 150px\">\n\t\t\t[vc_column_text css=&#8221;&#8221;]PRICELIST:<\/p>\n<table style=\"height: 308px;\" width=\"737\">\n<tbody>\n<tr>\n<td width=\"330\"><b>TICKET<\/b><\/td>\n<td width=\"151\"><b>PRICE IN \u20ac<\/b><\/td>\n<td width=\"145\"><\/td>\n<\/tr>\n<tr>\n<td width=\"330\">ADULTS \u2013 INDIVIDUALS<\/td>\n<td width=\"151\">12 \u20ac<\/td>\n<td width=\"145\"><\/td>\n<\/tr>\n<tr>\n<td width=\"330\">ADULTS \u2013 GROUP<\/td>\n<td width=\"151\">10 \u20ac<\/td>\n<td width=\"145\"><\/td>\n<\/tr>\n<tr>\n<td width=\"330\">CHILDREN \u2013 INDIVIDUALS<\/td>\n<td width=\"151\">6 \u20ac<\/td>\n<td width=\"145\"><\/td>\n<\/tr>\n<tr>\n<td width=\"330\">CHILDREN \u2013 GROUP*<\/td>\n<td width=\"151\">5 \u20ac<\/td>\n<td width=\"145\"><\/td>\n<\/tr>\n<tr>\n<td width=\"330\">FAMILY TICKET (2 ADULTS AND UP TO 3 KIDS)<\/td>\n<td width=\"151\">30 \u20ac<\/td>\n<td width=\"145\"><\/td>\n<\/tr>\n<\/tbody>\n<\/table>\n<div style=\"font-family: Arial, sans-serif; margin: 20px auto; max-width: 600px; padding: 10px; box-sizing: border-box;\"><\/div>\n<p>[\/vc_column_text]\t\t<\/div>\n\t<\/div>\n<\/div><\/div>[\/vc_column][\/vc_row][vc_row content_placement=&#8221;middle&#8221;][vc_column]<div class=\"qodef-elements-holder   qodef-one-column  qodef-responsive-mode-768 \" ><div class=\"qodef-eh-item    \"  data-item-class=\"qodef-eh-custom-8515\" data-1367-1600=\"134px 29% 150px\" data-1025-1366=\"134px 27% 150px\" data-769-1024=\"134px 21% 150px\" data-681-768=\"110px 8% 119px\" data-680=\"110px 8% 119px\">\n\t<div class=\"qodef-eh-item-inner\">\n\t\t<div class=\"qodef-eh-item-content qodef-eh-custom-8515\" style=\"padding: 134px 34% 150px\">\n\t\t\t[vc_column_text]<a href=\"https:\/\/steklarna-rogaska.si\/wp-content\/uploads\/2023\/05\/image005.png\"><img loading=\"lazy\" decoding=\"async\" class=\" wp-image-24197 aligncenter\" src=\"https:\/\/steklarna-rogaska.si\/wp-content\/uploads\/2023\/05\/image005-300x200.png\" alt=\"\" width=\"725\" height=\"483\" srcset=\"https:\/\/steklarna-rogaska.si\/wp-content\/uploads\/2023\/05\/image005-300x200.png 300w, https:\/\/steklarna-rogaska.si\/wp-content\/uploads\/2023\/05\/image005-1024x684.png 1024w, https:\/\/steklarna-rogaska.si\/wp-content\/uploads\/2023\/05\/image005-768x513.png 768w, https:\/\/steklarna-rogaska.si\/wp-content\/uploads\/2023\/05\/image005-600x401.png 600w, https:\/\/steklarna-rogaska.si\/wp-content\/uploads\/2023\/05\/image005.png 1353w\" sizes=\"auto, (max-width: 725px) 100vw, 725px\" \/><\/a>[\/vc_column_text]\t\t<\/div>\n\t<\/div>\n<\/div><\/div>[\/vc_column][\/vc_row][vc_row content_placement=&#8221;middle&#8221;][vc_column]<div class=\"qodef-elements-holder   qodef-one-column  qodef-responsive-mode-768 \" ><div class=\"qodef-eh-item    \"  data-item-class=\"qodef-eh-custom-8628\" data-1367-1600=\"134px 29% 150px\" data-1025-1366=\"134px 27% 150px\" data-769-1024=\"134px 21% 150px\" data-681-768=\"110px 8% 119px\" data-680=\"110px 8% 119px\">\n\t<div class=\"qodef-eh-item-inner\">\n\t\t<div class=\"qodef-eh-item-content qodef-eh-custom-8628\" style=\"padding: 134px 34% 150px\">\n\t\t\t[vc_column_text]<\/p>\n<p style=\"font-weight: 400;\">During the tour, you will:<\/p>\n<ul style=\"font-weight: 400;\">\n<li>learn more about the preparation of basic raw materials,<\/li>\n<li>admire the glassmakers blowing and shaping glass,<\/li>\n<li>see how artists add priceless shine to crystal with manual grinders,<\/li>\n<li>witness the creation of beautiful decorations on Roga\u0161ka crystal, and<\/li>\n<li>walk through the Hall of Fame room, where numerous unique trophies and awards are kept<\/li>\n<li>enjoy shopping in Rogaska biggest show room<\/li>\n<\/ul>\n<p style=\"font-weight: 400;\"><strong>VISITOR INSTRUCTIONS<\/strong><\/p>\n<p style=\"font-weight: 400;\">To ensure a safe visit for everyone, please follow the instructions and recommendations of the guides:<\/p>\n<ul style=\"font-weight: 400;\">\n<li>Prior booking is mandatory for the tour.<\/li>\n<li>Only closed-toe shoes are allowed in the factory; open sandals and flip-flops are not permitted.<\/li>\n<li>Before starting the tour, you will receive a safety jacket that you need to return to the designated area at the end of the tour.<\/li>\n<li>As you are entering the protected company area, for safety reasons, you must complete a form with personal information (name, surname), which we will keep for 30 days and then destroy. For groups, you can provide a list of participants.<\/li>\n<li>To ensure your safety, moving outside the marked area of the tourist route is strictly prohibited.<\/li>\n<li>Due to potential hazards (noise), visit for children under 3 years of age is not recommended<\/li>\n<li>Children under 10 years of age are allowed to enter only when accompanied by a parent or other adult person<\/li>\n<\/ul>\n<p>[\/vc_column_text]\t\t<\/div>\n\t<\/div>\n<\/div><\/div>[\/vc_column][\/vc_row][vc_row content_placement=&#8221;middle&#8221;][vc_column]<div class=\"qodef-elements-holder   qodef-one-column  qodef-responsive-mode-768 \" ><div class=\"qodef-eh-item    \"  data-item-class=\"qodef-eh-custom-2028\" data-1367-1600=\"134px 29% 150px\" data-1025-1366=\"134px 27% 150px\" data-769-1024=\"134px 21% 150px\" data-681-768=\"110px 8% 119px\" data-680=\"110px 8% 119px\">\n\t<div class=\"qodef-eh-item-inner\">\n\t\t<div class=\"qodef-eh-item-content qodef-eh-custom-2028\" style=\"padding: 134px 34% 150px\">\n\t\t\t<div class=\"qodef-section-title-holder  qodef-st-standard qodef-st-title-left qodef-st-normal-space \" style=\"text-align: center\">\n\t<div class=\"qodef-st-inner\">\n\t\t\t\t\t<h2 class=\"qodef-st-title\" >\n\t\t\t\tPRODUCTION STAGES\t\t\t<\/h2>\n\t\t\t\t\t\t\t<h4 class=\"qodef-st-text\" style=\"font-weight: 300\">\n\t\t\t\tFire, smoke, heat and steam vapours are certainly those elements that best characterize glassware forming. But there\u2019s also decorative cutting, gilding, engraving \u2026 and so much more!\t\t\t<\/h4>\n\t\t\t<\/div>\n<\/div>\t\t<\/div>\n\t<\/div>\n<\/div><\/div>[\/vc_column][vc_column][\/vc_column][vc_column][\/vc_column][\/vc_row][vc_row row_content_width=&#8221;grid&#8221; css=&#8221;.vc_custom_1576661632393{padding-bottom: 114px !important;}&#8221;][vc_column offset=&#8221;vc_col-lg-4 vc_col-md-4 vc_col-xs-12&#8243; css=&#8221;.vc_custom_1576839794542{padding-bottom: 30px !important;}&#8221;][vc_single_image image=&#8221;24212&#8243; img_size=&#8221;full&#8221; alignment=&#8221;center&#8221;]<div class=\"qodef-elements-holder   qodef-one-column  qodef-responsive-mode-768 \" ><div class=\"qodef-eh-item    \"  data-item-class=\"qodef-eh-custom-6778\" data-1367-1600=\"30px 9% 30px\" data-1025-1366=\"30px 7% 30px\" data-769-1024=\"30px 1% 30px\" data-681-768=\"30px 1% 30px\" data-680=\"30px 1% 30px\">\n\t<div class=\"qodef-eh-item-inner\">\n\t\t<div class=\"qodef-eh-item-content qodef-eh-custom-6778\" style=\"padding: 60px 0 70px\">\n\t\t\t<div class=\"qodef-section-title-holder  qodef-st-standard qodef-st-title-left qodef-st-normal-space \" style=\"text-align: center\">\n\t<div class=\"qodef-st-inner\">\n\t\t\t\t\t<h2 class=\"qodef-st-title\" >\n\t\t\t\tHOT-END PRODUCTION\t\t\t<\/h2>\n\t\t\t\t\t\t\t<h4 class=\"qodef-st-text\" style=\"font-weight: 300\">\n\t\t\t\tMaster glassblowers form the molten crystal glass on pipes and then blow it into the final form using handmade wooden moulds.\t\t\t<\/h4>\n\t\t\t<\/div>\n<\/div>\t\t<\/div>\n\t<\/div>\n<\/div><\/div>[\/vc_column][vc_column offset=&#8221;vc_col-lg-4 vc_col-md-4 vc_col-xs-12&#8243; css=&#8221;.vc_custom_1576839800480{padding-bottom: 30px !important;}&#8221;][vc_single_image image=&#8221;24213&#8243; img_size=&#8221;full&#8221; alignment=&#8221;center&#8221;]<div class=\"qodef-elements-holder   qodef-one-column  qodef-responsive-mode-768 \" ><div class=\"qodef-eh-item    \"  data-item-class=\"qodef-eh-custom-8523\" data-1367-1600=\"30px 9% 30px\" data-1025-1366=\"30px 7% 30px\" data-769-1024=\"30px 1% 30px\" data-681-768=\"30px 1% 30px\" data-680=\"30px 1% 30px\">\n\t<div class=\"qodef-eh-item-inner\">\n\t\t<div class=\"qodef-eh-item-content qodef-eh-custom-8523\" style=\"padding: 60px 0 70px\">\n\t\t\t<div class=\"qodef-section-title-holder  qodef-st-standard qodef-st-title-left qodef-st-normal-space \" style=\"text-align: center\">\n\t<div class=\"qodef-st-inner\">\n\t\t\t\t\t<h2 class=\"qodef-st-title\" >\n\t\t\t\tDECORATING\t\t\t<\/h2>\n\t\t\t\t\t\t\t<h4 class=\"qodef-st-text\" style=\"font-weight: 300\">\n\t\t\t\tDecorative grinding gives crystal the final looks and sparks. A wide variety of patterns are achieved with diamond grinding wheels.\t\t\t<\/h4>\n\t\t\t<\/div>\n<\/div>\t\t<\/div>\n\t<\/div>\n<\/div><\/div>[\/vc_column][vc_column offset=&#8221;vc_col-lg-4 vc_col-md-4 vc_col-xs-12&#8243;][vc_single_image image=&#8221;24215&#8243; img_size=&#8221;full&#8221; alignment=&#8221;center&#8221;]<div class=\"qodef-elements-holder   qodef-one-column  qodef-responsive-mode-768 \" ><div class=\"qodef-eh-item    \"  data-item-class=\"qodef-eh-custom-8917\" data-1367-1600=\"30px 9% 30px\" data-1025-1366=\"30px 7% 30px\" data-769-1024=\"30px 1% 30px\" data-681-768=\"30px 1% 30px\" data-680=\"30px 1% 30px\">\n\t<div class=\"qodef-eh-item-inner\">\n\t\t<div class=\"qodef-eh-item-content qodef-eh-custom-8917\" style=\"padding: 60px 0 70px\">\n\t\t\t<div class=\"qodef-section-title-holder  qodef-st-standard qodef-st-title-left qodef-st-normal-space \" style=\"text-align: center\">\n\t<div class=\"qodef-st-inner\">\n\t\t\t\t\t<h2 class=\"qodef-st-title\" >\n\t\t\t\tHALL OF FAME\t\t\t<\/h2>\n\t\t\t\t\t\t\t<h4 class=\"qodef-st-text\" style=\"font-weight: 300\">\n\t\t\t\tRoga\u0161ka has been a sponsor of sports competitions, diplomacy summits, social events \u2026 come see some of those stunning trophies.\t\t\t<\/h4>\n\t\t\t<\/div>\n<\/div>\t\t<\/div>\n\t<\/div>\n<\/div><\/div>[\/vc_column][\/vc_row][vc_row content_text_aligment=&#8221;center&#8221; parallax_background_image=&#8221;2975&#8243;][vc_column]<div class=\"qodef-elements-holder   qodef-one-column  qodef-responsive-mode-768 \" ><div class=\"qodef-eh-item    \"  data-item-class=\"qodef-eh-custom-8283\" data-1367-1600=\"134px 29% 150px\" data-1025-1366=\"134px 27% 150px\" data-769-1024=\"134px 21% 150px\" data-681-768=\"134px 10% 150px\" data-680=\"134px 11% 150px\">\n\t<div class=\"qodef-eh-item-inner\">\n\t\t<div class=\"qodef-eh-item-content qodef-eh-custom-8283\" style=\"padding: 134px 34% 150px\">\n\t\t\t<div class=\"qodef-section-title-holder  qodef-st-standard qodef-st-title-left qodef-st-normal-space \" >\n\t<div class=\"qodef-st-inner\">\n\t\t\t\t\t<h2 class=\"qodef-st-title\" style=\"color: #ffffff\">\n\t\t\t\tVISIT US\t\t\t<\/h2>\n\t\t\t\t\t\t\t<h4 class=\"qodef-st-text\" style=\"color: #ffffff;font-weight: 300\">\n\t\t\t\tGuided factory tours take place every workday between 8.00 and 13.00. Closed on Saturdays, Sundays and public holidays. For organized groups special arrangement is possible. Please book your visit at: visit.rogaska@fiskars.com\t\t\t<\/h4>\n\t\t\t<\/div>\n<\/div>[vc_empty_space]\t\t<\/div>\n\t<\/div>\n<\/div><\/div>[\/vc_column][\/vc_row][vc_row equal_height=&#8221;yes&#8221; content_placement=&#8221;middle&#8221; row_content_width=&#8221;grid&#8221; css=&#8221;.vc_custom_1576835979847{padding-top: 135px !important;padding-bottom: 142px !important;}&#8221;][vc_column offset=&#8221;vc_col-lg-6&#8243;]<div class=\"qodef-elements-holder   qodef-one-column  qodef-responsive-mode-768 \" ><div class=\"qodef-eh-item    \"  data-item-class=\"qodef-eh-custom-5754\" data-1025-1366=\"0px 13% 0px 5%\" data-769-1024=\"0px 41% 100px 0%\" data-681-768=\"0px 24% 100px 0%\" data-680=\"0px 4% 50px 0%\">\n\t<div class=\"qodef-eh-item-inner\">\n\t\t<div class=\"qodef-eh-item-content qodef-eh-custom-5754\" style=\"padding: 0px 16% 0px 15%\">\n\t\t\t<div class=\"qodef-section-title-holder  qodef-st-standard qodef-st-title-left qodef-st-normal-space \" >\n\t<div class=\"qodef-st-inner\">\n\t\t\t\t\t<h2 class=\"qodef-st-title\" >\n\t\t\t\tROGA\u0160KA<br \/> SLATINA\t\t\t<\/h2>\n\t\t\t\t\t\t\t<h4 class=\"qodef-st-text\" style=\"font-weight: 300\">\n\t\t\t\tRoga\u0161ka Slatina, one of the natural spa resorts in Slovenia, boasts a long tradition and has grown into a high-end tourist destination, charming tourists from around the world. According to legend, the healing waters of the Roga\u0161ka Spring burst forth on the exact spot where the winged stallion Pegasus struck its hoof. In the 17th century the Spring became an attraction and drew crowds of European nobility to its healing water that was drank from the fine local glassware.\t\t\t<\/h4>\n\t\t\t<\/div>\n<\/div>\t\t<\/div>\n\t<\/div>\n<\/div><\/div>[\/vc_column][vc_column offset=&#8221;vc_col-lg-6&#8243;][vc_single_image image=&#8221;24211&#8243; img_size=&#8221;full&#8221;][\/vc_column][\/vc_row][vc_row][vc_column][\/vc_column][\/vc_row]<\/p>\n<\/div>","protected":false},"excerpt":{"rendered":"<p>[vc_row content_placement=&#8221;middle&#8221;][vc_column][\/vc_column][\/vc_row][vc_row content_placement=&#8221;middle&#8221;][vc_column][\/vc_column][\/vc_row][vc_row content_placement=&#8221;middle&#8221;][vc_column][\/vc_column][\/vc_row][vc_row content_placement=&#8221;middle&#8221;][vc_column][\/vc_column][\/vc_row][vc_row content_placement=&#8221;middle&#8221;][vc_column][\/vc_column][\/vc_row][vc_row content_placement=&#8221;middle&#8221;][vc_column][\/vc_column][\/vc_row][vc_row content_placement=&#8221;middle&#8221;][vc_column][\/vc_column][vc_column][\/vc_column][vc_column][\/vc_column][\/vc_row][vc_row row_content_width=&#8221;grid&#8221; css=&#8221;.vc_custom_1576661632393{padding-bottom: 114px !important;}&#8221;][vc_column offset=&#8221;vc_col-lg-4 vc_col-md-4 vc_col-xs-12&#8243; css=&#8221;.vc_custom_1576839794542{padding-bottom: 30px !important;}&#8221;][vc_single_image image=&#8221;24212&#8243; img_size=&#8221;full&#8221; alignment=&#8221;center&#8221;][\/vc_column][vc_column offset=&#8221;vc_col-lg-4 vc_col-md-4 vc_col-xs-12&#8243; css=&#8221;.vc_custom_1576839800480{padding-bottom: [&hellip;]<\/p>\n","protected":false},"author":1544,"featured_media":0,"parent":0,"menu_order":0,"comment_status":"closed","ping_status":"closed","template":"full-width.php","meta":{"footnotes":""},"class_list":["post-7110","page","type-page","status-publish","hentry"],"_links":{"self":[{"href":"https:\/\/steklarna-rogaska.si\/en\/wp-json\/wp\/v2\/pages\/7110","targetHints":{"allow":["GET"]}}],"collection":[{"href":"https:\/\/steklarna-rogaska.si\/en\/wp-json\/wp\/v2\/pages"}],"about":[{"href":"https:\/\/steklarna-rogaska.si\/en\/wp-json\/wp\/v2\/types\/page"}],"author":[{"embeddable":true,"href":"https:\/\/steklarna-rogaska.si\/en\/wp-json\/wp\/v2\/users\/1544"}],"replies":[{"embeddable":true,"href":"https:\/\/steklarna-rogaska.si\/en\/wp-json\/wp\/v2\/comments?post=7110"}],"version-history":[{"count":36,"href":"https:\/\/steklarna-rogaska.si\/en\/wp-json\/wp\/v2\/pages\/7110\/revisions"}],"predecessor-version":[{"id":42575,"href":"https:\/\/steklarna-rogaska.si\/en\/wp-json\/wp\/v2\/pages\/7110\/revisions\/42575"}],"wp:attachment":[{"href":"https:\/\/steklarna-rogaska.si\/en\/wp-json\/wp\/v2\/media?parent=7110"}],"curies":[{"name":"wp","href":"https:\/\/api.w.org\/{rel}","templated":true}]}}