{"id":9295,"date":"2020-07-07T05:03:11","date_gmt":"2020-07-07T05:03:11","guid":{"rendered":"https:\/\/steklarna-rogaska.si\/?post_type=product&#038;p=9295"},"modified":"2026-04-13T07:00:22","modified_gmt":"2026-04-13T07:00:22","slug":"precious-dof-set-2","status":"publish","type":"product","link":"https:\/\/steklarna-rogaska.si\/de\/product\/precious-dof-set-2\/","title":{"rendered":"DOF KOZAREC ZA VISKI &#8211; PRECIOUS &#8211; set 2 kos"},"content":{"rendered":"<p>vi\u0161ina = 94 mm \u0161irina = 86 mm te\u017ea = 0.4 kg<\/p>\n","protected":false},"excerpt":{"rendered":"<p>vi\u0161ina = 94 mm \u0161irina = 86 mm te\u017ea = 0.4 kg<\/p>\n","protected":false},"featured_media":9260,"comment_status":"open","ping_status":"open","template":"","meta":[],"product_brand":[],"product_cat":[196,905,924,928],"product_tag":[785,484,467,455,784,478],"class_list":{"0":"post-9295","1":"product","2":"type-product","3":"status-publish","4":"has-post-thumbnail","6":"product_cat-barski-program","7":"product_cat-kozarci-za-viski","8":"product_cat-kozarci-2","9":"product_cat-kozarci-za-viski-2","10":"product_tag-precious","11":"product_tag-za-sok","12":"product_tag-za-vodo","13":"product_tag-za-vodo-pivo-sok-mesane-pijace","14":"product_tag-za-whisky","15":"product_tag-za-zgane-pijace","17":"first","18":"instock","19":"shipping-taxable","20":"purchasable","21":"product-type-simple"},"_links":{"self":[{"href":"https:\/\/steklarna-rogaska.si\/de\/wp-json\/wp\/v2\/product\/9295","targetHints":{"allow":["GET"]}}],"collection":[{"href":"https:\/\/steklarna-rogaska.si\/de\/wp-json\/wp\/v2\/product"}],"about":[{"href":"https:\/\/steklarna-rogaska.si\/de\/wp-json\/wp\/v2\/types\/product"}],"replies":[{"embeddable":true,"href":"https:\/\/steklarna-rogaska.si\/de\/wp-json\/wp\/v2\/comments?post=9295"}],"wp:featuredmedia":[{"embeddable":true,"href":"https:\/\/steklarna-rogaska.si\/de\/wp-json\/wp\/v2\/media\/9260"}],"wp:attachment":[{"href":"https:\/\/steklarna-rogaska.si\/de\/wp-json\/wp\/v2\/media?parent=9295"}],"wp:term":[{"taxonomy":"product_brand","embeddable":true,"href":"https:\/\/steklarna-rogaska.si\/de\/wp-json\/wp\/v2\/product_brand?post=9295"},{"taxonomy":"product_cat","embeddable":true,"href":"https:\/\/steklarna-rogaska.si\/de\/wp-json\/wp\/v2\/product_cat?post=9295"},{"taxonomy":"product_tag","embeddable":true,"href":"https:\/\/steklarna-rogaska.si\/de\/wp-json\/wp\/v2\/product_tag?post=9295"}],"curies":[{"name":"wp","href":"https:\/\/api.w.org\/{rel}","templated":true}]}}