{"id":7521,"date":"2020-05-18T07:27:51","date_gmt":"2020-05-18T07:27:51","guid":{"rendered":"https:\/\/steklarna-rogaska.si\/?post_type=product&#038;p=7521"},"modified":"2026-04-14T05:24:06","modified_gmt":"2026-04-14T05:24:06","slug":"spring-steklenica","status":"publish","type":"product","link":"https:\/\/steklarna-rogaska.si\/de\/product\/spring-steklenica\/","title":{"rendered":"STEKLENICA ZA VINO Z ZAMA\u0160KOM &#8211; SPRING &#8211; kos"},"content":{"rendered":"<p>vi\u0161ina = 400 mm<br \/>\n\u0161irina = 137 mm<br \/>\nte\u017ea = 1,5 kg<\/p>\n","protected":false},"excerpt":{"rendered":"<p>vi\u0161ina = 400 mm \u0161irina = 137 mm te\u017ea = 1,5 kg<\/p>\n","protected":false},"featured_media":7473,"comment_status":"open","ping_status":"open","template":"","meta":[],"product_brand":[],"product_cat":[908,935,939,938,937,936,284,912],"product_tag":[532,464],"class_list":{"0":"post-7521","1":"product","2":"type-product","3":"status-publish","4":"has-post-thumbnail","6":"product_cat-steklenice-za-zganje","7":"product_cat-steklenice-dekanterji-vrci-posode","8":"product_cat-dekanter-za-vino-2","9":"product_cat-steklenica-za-vino","10":"product_cat-steklenica-za-vodo","11":"product_cat-steklenica-za-zganje","12":"product_cat-vinski-program-default-group","13":"product_cat-steklenice-za-vino","14":"product_tag-spring","15":"product_tag-za-dekantiranje","17":"first","18":"instock","19":"shipping-taxable","20":"purchasable","21":"product-type-simple"},"_links":{"self":[{"href":"https:\/\/steklarna-rogaska.si\/de\/wp-json\/wp\/v2\/product\/7521","targetHints":{"allow":["GET"]}}],"collection":[{"href":"https:\/\/steklarna-rogaska.si\/de\/wp-json\/wp\/v2\/product"}],"about":[{"href":"https:\/\/steklarna-rogaska.si\/de\/wp-json\/wp\/v2\/types\/product"}],"replies":[{"embeddable":true,"href":"https:\/\/steklarna-rogaska.si\/de\/wp-json\/wp\/v2\/comments?post=7521"}],"wp:featuredmedia":[{"embeddable":true,"href":"https:\/\/steklarna-rogaska.si\/de\/wp-json\/wp\/v2\/media\/7473"}],"wp:attachment":[{"href":"https:\/\/steklarna-rogaska.si\/de\/wp-json\/wp\/v2\/media?parent=7521"}],"wp:term":[{"taxonomy":"product_brand","embeddable":true,"href":"https:\/\/steklarna-rogaska.si\/de\/wp-json\/wp\/v2\/product_brand?post=7521"},{"taxonomy":"product_cat","embeddable":true,"href":"https:\/\/steklarna-rogaska.si\/de\/wp-json\/wp\/v2\/product_cat?post=7521"},{"taxonomy":"product_tag","embeddable":true,"href":"https:\/\/steklarna-rogaska.si\/de\/wp-json\/wp\/v2\/product_tag?post=7521"}],"curies":[{"name":"wp","href":"https:\/\/api.w.org\/{rel}","templated":true}]}}