{"id":7516,"date":"2020-05-18T07:27:51","date_gmt":"2020-05-18T07:27:51","guid":{"rendered":"https:\/\/steklarna-rogaska.si\/?post_type=product&#038;p=7516"},"modified":"2026-04-21T05:12:44","modified_gmt":"2026-04-21T05:12:44","slug":"spring-kozarec-za-vodo-sok-set-2","status":"publish","type":"product","link":"https:\/\/steklarna-rogaska.si\/de\/product\/spring-kozarec-za-vodo-sok-set-2\/","title":{"rendered":"HIGHBALL KOZAREC ZA SOK, PIVO, KOKTEJL &#8211; SPRING &#8211; set 2 kos"},"content":{"rendered":"<p>vi\u0161ina = 147 mm<br \/>\n\u0161irina = 83 mm<br \/>\nte\u017ea = 0,3 kg <\/p>\n","protected":false},"excerpt":{"rendered":"<p>vi\u0161ina = 147 mm \u0161irina = 83 mm te\u017ea = 0,3 kg<\/p>\n","protected":false},"featured_media":7475,"comment_status":"open","ping_status":"open","template":"","meta":[],"product_brand":[],"product_cat":[284,446],"product_tag":[532,455],"class_list":{"0":"post-7516","1":"product","2":"type-product","3":"status-publish","4":"has-post-thumbnail","6":"product_cat-vinski-program-default-group","7":"product_cat-kozarci-za-vodo","8":"product_tag-spring","9":"product_tag-za-vodo-pivo-sok-mesane-pijace","11":"first","12":"instock","13":"shipping-taxable","14":"purchasable","15":"product-type-simple"},"_links":{"self":[{"href":"https:\/\/steklarna-rogaska.si\/de\/wp-json\/wp\/v2\/product\/7516","targetHints":{"allow":["GET"]}}],"collection":[{"href":"https:\/\/steklarna-rogaska.si\/de\/wp-json\/wp\/v2\/product"}],"about":[{"href":"https:\/\/steklarna-rogaska.si\/de\/wp-json\/wp\/v2\/types\/product"}],"replies":[{"embeddable":true,"href":"https:\/\/steklarna-rogaska.si\/de\/wp-json\/wp\/v2\/comments?post=7516"}],"wp:featuredmedia":[{"embeddable":true,"href":"https:\/\/steklarna-rogaska.si\/de\/wp-json\/wp\/v2\/media\/7475"}],"wp:attachment":[{"href":"https:\/\/steklarna-rogaska.si\/de\/wp-json\/wp\/v2\/media?parent=7516"}],"wp:term":[{"taxonomy":"product_brand","embeddable":true,"href":"https:\/\/steklarna-rogaska.si\/de\/wp-json\/wp\/v2\/product_brand?post=7516"},{"taxonomy":"product_cat","embeddable":true,"href":"https:\/\/steklarna-rogaska.si\/de\/wp-json\/wp\/v2\/product_cat?post=7516"},{"taxonomy":"product_tag","embeddable":true,"href":"https:\/\/steklarna-rogaska.si\/de\/wp-json\/wp\/v2\/product_tag?post=7516"}],"curies":[{"name":"wp","href":"https:\/\/api.w.org\/{rel}","templated":true}]}}