{"id":7508,"date":"2020-05-18T07:30:20","date_gmt":"2020-05-18T07:30:20","guid":{"rendered":"https:\/\/steklarna-rogaska.si\/?post_type=product&#038;p=7508"},"modified":"2026-04-14T05:13:44","modified_gmt":"2026-04-14T05:13:44","slug":"fresh-kozarec-za-belo-vino-set-2","status":"publish","type":"product","link":"https:\/\/steklarna-rogaska.si\/de\/product\/fresh-kozarec-za-belo-vino-set-2\/","title":{"rendered":"KOZAREC ZA BELO VINO &#8211; FRESH &#8211; set 2 kos"},"content":{"rendered":"<p>vi\u0161ina = 190 mm<br \/>\n\u0161irina = 82 mm<br \/>\nte\u017ea = 0,2 kg<\/p>\n","protected":false},"excerpt":{"rendered":"<p>Serija je priljubljena zaradi svoje preprostosti in igrivosti opti\u010dnega vzorca. Ker se zelo lepo kombinira tako s sve\u010danimi kot vsakodnevnimi pogrinjki, je odlo\u010ditev zelo lahka.<\/p>\n","protected":false},"featured_media":7461,"comment_status":"open","ping_status":"open","template":"","meta":[],"product_brand":[],"product_cat":[925,284,910],"product_tag":[410,977,972,973,971,976,461],"class_list":{"0":"post-7508","1":"product","2":"type-product","3":"status-publish","4":"has-post-thumbnail","6":"product_cat-kozarci-za-vino-2","7":"product_cat-vinski-program-default-group","8":"product_cat-kozarci-za-vino","9":"product_tag-fresh","10":"product_tag-kelih-rogaska","11":"product_tag-kelih-za-vino","12":"product_tag-kozarec-za-vino","13":"product_tag-vinski-kelih","14":"product_tag-vinski-kozarec","15":"product_tag-za-belo-vino","17":"first","18":"instock","19":"shipping-taxable","20":"purchasable","21":"product-type-simple"},"_links":{"self":[{"href":"https:\/\/steklarna-rogaska.si\/de\/wp-json\/wp\/v2\/product\/7508","targetHints":{"allow":["GET"]}}],"collection":[{"href":"https:\/\/steklarna-rogaska.si\/de\/wp-json\/wp\/v2\/product"}],"about":[{"href":"https:\/\/steklarna-rogaska.si\/de\/wp-json\/wp\/v2\/types\/product"}],"replies":[{"embeddable":true,"href":"https:\/\/steklarna-rogaska.si\/de\/wp-json\/wp\/v2\/comments?post=7508"}],"wp:featuredmedia":[{"embeddable":true,"href":"https:\/\/steklarna-rogaska.si\/de\/wp-json\/wp\/v2\/media\/7461"}],"wp:attachment":[{"href":"https:\/\/steklarna-rogaska.si\/de\/wp-json\/wp\/v2\/media?parent=7508"}],"wp:term":[{"taxonomy":"product_brand","embeddable":true,"href":"https:\/\/steklarna-rogaska.si\/de\/wp-json\/wp\/v2\/product_brand?post=7508"},{"taxonomy":"product_cat","embeddable":true,"href":"https:\/\/steklarna-rogaska.si\/de\/wp-json\/wp\/v2\/product_cat?post=7508"},{"taxonomy":"product_tag","embeddable":true,"href":"https:\/\/steklarna-rogaska.si\/de\/wp-json\/wp\/v2\/product_tag?post=7508"}],"curies":[{"name":"wp","href":"https:\/\/api.w.org\/{rel}","templated":true}]}}