{"id":7451,"date":"2025-05-21T08:35:29","date_gmt":"2025-05-21T08:35:29","guid":{"rendered":"https:\/\/steklarna-rogaska.si\/?post_type=product&#038;p=7451"},"modified":"2026-04-13T06:44:16","modified_gmt":"2026-04-13T06:44:16","slug":"rochester-svecnik-set-2","status":"publish","type":"product","link":"https:\/\/steklarna-rogaska.si\/de\/product\/rochester-svecnik-set-2\/","title":{"rendered":"SVE\u010cNIK 30 CM &#8211; ROCHESTER &#8211; set 2 kos"},"content":{"rendered":"<p>vi\u0161ina = 300 mm<br \/>\n\u0161irina = 109 mm<br \/>\nte\u017ea = 1,6 kg<\/p>\n","protected":false},"excerpt":{"rendered":"<p>vi\u0161ina = 300 mm \u0161irina = 109 mm te\u017ea = 1,6 kg<\/p>\n","protected":false},"featured_media":7480,"comment_status":"open","ping_status":"closed","template":"","meta":[],"product_brand":[],"product_cat":[953,955,916,996,952],"product_tag":[469,442,421],"class_list":{"0":"post-7451","1":"product","2":"type-product","3":"status-publish","4":"has-post-thumbnail","6":"product_cat-bozicna-dekoracija","7":"product_cat-dekorativni-dodatki","8":"product_cat-darilni-program-2","9":"product_cat-praznicna-ponudba","10":"product_cat-svecnik","11":"product_tag-posebne-priloznosti","12":"product_tag-praznicna-darila","13":"product_tag-rochester","15":"first","16":"instock","17":"shipping-taxable","18":"purchasable","19":"product-type-simple"},"_links":{"self":[{"href":"https:\/\/steklarna-rogaska.si\/de\/wp-json\/wp\/v2\/product\/7451","targetHints":{"allow":["GET"]}}],"collection":[{"href":"https:\/\/steklarna-rogaska.si\/de\/wp-json\/wp\/v2\/product"}],"about":[{"href":"https:\/\/steklarna-rogaska.si\/de\/wp-json\/wp\/v2\/types\/product"}],"replies":[{"embeddable":true,"href":"https:\/\/steklarna-rogaska.si\/de\/wp-json\/wp\/v2\/comments?post=7451"}],"wp:featuredmedia":[{"embeddable":true,"href":"https:\/\/steklarna-rogaska.si\/de\/wp-json\/wp\/v2\/media\/7480"}],"wp:attachment":[{"href":"https:\/\/steklarna-rogaska.si\/de\/wp-json\/wp\/v2\/media?parent=7451"}],"wp:term":[{"taxonomy":"product_brand","embeddable":true,"href":"https:\/\/steklarna-rogaska.si\/de\/wp-json\/wp\/v2\/product_brand?post=7451"},{"taxonomy":"product_cat","embeddable":true,"href":"https:\/\/steklarna-rogaska.si\/de\/wp-json\/wp\/v2\/product_cat?post=7451"},{"taxonomy":"product_tag","embeddable":true,"href":"https:\/\/steklarna-rogaska.si\/de\/wp-json\/wp\/v2\/product_tag?post=7451"}],"curies":[{"name":"wp","href":"https:\/\/api.w.org\/{rel}","templated":true}]}}