{"id":7365,"date":"2025-05-06T06:51:21","date_gmt":"2025-05-06T06:51:21","guid":{"rendered":"https:\/\/steklarna-rogaska.si\/?post_type=product&#038;p=7365"},"modified":"2026-04-13T07:06:18","modified_gmt":"2026-04-13T07:06:18","slug":"avenue-set-steklenice-in-2-kozarcev-za-viski","status":"publish","type":"product","link":"https:\/\/steklarna-rogaska.si\/de\/product\/avenue-set-steklenice-in-2-kozarcev-za-viski\/","title":{"rendered":"DARILNI SET &#8211; STEKLENICA ZA \u017dGANJE IN 2 KOZARCA ZA VISKI &#8211; AVENUE &#8211; set"},"content":{"rendered":"<p>te\u017ea = 3,3 kg<\/p>\n","protected":false},"excerpt":{"rendered":"<p>I\u0161\u010dete sodoben videz s pridihom tradicije? Kolekcija \u2018Avenue \u2019je kot nala\u0161\u010d za vas!<\/p>\n<p>Globoki V-brusi na elegantnih brez\u010dasnih izdelkih, ki se med seboj dopolnjujejo, vas ne bodo pustili hladne. Idealni so za poslovna in poro\u010dna darila, nanje prisegajo vsi ljubitelji prefinjenih \u017eganih pija\u010d.<\/p>\n","protected":false},"featured_media":12454,"comment_status":"open","ping_status":"closed","template":"","meta":[],"product_brand":[],"product_cat":[196,525,916,922,919,996],"product_tag":[183,524,442,478],"class_list":{"0":"post-7365","1":"product","2":"type-product","3":"status-publish","4":"has-post-thumbnail","6":"product_cat-barski-program","7":"product_cat-darilni-seti-barski-program","8":"product_cat-darilni-program-2","9":"product_cat-darila-zanj","10":"product_cat-poslovna-darila","11":"product_cat-praznicna-ponudba","12":"product_tag-avenue","13":"product_tag-darilni-set","14":"product_tag-praznicna-darila","15":"product_tag-za-zgane-pijace","17":"first","18":"instock","19":"shipping-taxable","20":"purchasable","21":"product-type-simple"},"_links":{"self":[{"href":"https:\/\/steklarna-rogaska.si\/de\/wp-json\/wp\/v2\/product\/7365","targetHints":{"allow":["GET"]}}],"collection":[{"href":"https:\/\/steklarna-rogaska.si\/de\/wp-json\/wp\/v2\/product"}],"about":[{"href":"https:\/\/steklarna-rogaska.si\/de\/wp-json\/wp\/v2\/types\/product"}],"replies":[{"embeddable":true,"href":"https:\/\/steklarna-rogaska.si\/de\/wp-json\/wp\/v2\/comments?post=7365"}],"wp:featuredmedia":[{"embeddable":true,"href":"https:\/\/steklarna-rogaska.si\/de\/wp-json\/wp\/v2\/media\/12454"}],"wp:attachment":[{"href":"https:\/\/steklarna-rogaska.si\/de\/wp-json\/wp\/v2\/media?parent=7365"}],"wp:term":[{"taxonomy":"product_brand","embeddable":true,"href":"https:\/\/steklarna-rogaska.si\/de\/wp-json\/wp\/v2\/product_brand?post=7365"},{"taxonomy":"product_cat","embeddable":true,"href":"https:\/\/steklarna-rogaska.si\/de\/wp-json\/wp\/v2\/product_cat?post=7365"},{"taxonomy":"product_tag","embeddable":true,"href":"https:\/\/steklarna-rogaska.si\/de\/wp-json\/wp\/v2\/product_tag?post=7365"}],"curies":[{"name":"wp","href":"https:\/\/api.w.org\/{rel}","templated":true}]}}