{"id":6800,"date":"2020-05-08T08:16:22","date_gmt":"2020-05-08T08:16:22","guid":{"rendered":"https:\/\/steklarna-rogaska.si\/?post_type=product&#038;p=6800"},"modified":"2026-04-21T05:24:05","modified_gmt":"2026-04-21T05:24:05","slug":"omega-skleda-25-cm","status":"publish","type":"product","link":"https:\/\/steklarna-rogaska.si\/de\/product\/omega-skleda-25-cm\/","title":{"rendered":"SKLEDA 25 CM &#8211; OMEGA &#8211; kos"},"content":{"rendered":"<p>vi\u0161ina = 159 mm<br \/>\n\u0161irina = 248 mm<br \/>\nte\u017ea = 2,0 kg<\/p>\n","protected":false},"excerpt":{"rendered":"<p>vi\u0161ina = 159 mm \u0161irina = 248 mm te\u017ea = 2,0 kg<\/p>\n","protected":false},"featured_media":6703,"comment_status":"open","ping_status":"open","template":"","meta":[],"product_brand":[],"product_cat":[916,921,920,919,946,947],"product_tag":[431,441,439],"class_list":{"0":"post-6800","1":"product","2":"type-product","3":"status-publish","4":"has-post-thumbnail","6":"product_cat-darilni-program-2","7":"product_cat-darila-zanjo","8":"product_cat-porocna-darila","9":"product_cat-poslovna-darila","10":"product_cat-sklede-2","11":"product_cat-sklede-za-sadje-2","12":"product_tag-omega","13":"product_tag-porocna-darila","14":"product_tag-poroka","16":"first","17":"instock","18":"shipping-taxable","19":"purchasable","20":"product-type-simple"},"_links":{"self":[{"href":"https:\/\/steklarna-rogaska.si\/de\/wp-json\/wp\/v2\/product\/6800","targetHints":{"allow":["GET"]}}],"collection":[{"href":"https:\/\/steklarna-rogaska.si\/de\/wp-json\/wp\/v2\/product"}],"about":[{"href":"https:\/\/steklarna-rogaska.si\/de\/wp-json\/wp\/v2\/types\/product"}],"replies":[{"embeddable":true,"href":"https:\/\/steklarna-rogaska.si\/de\/wp-json\/wp\/v2\/comments?post=6800"}],"wp:featuredmedia":[{"embeddable":true,"href":"https:\/\/steklarna-rogaska.si\/de\/wp-json\/wp\/v2\/media\/6703"}],"wp:attachment":[{"href":"https:\/\/steklarna-rogaska.si\/de\/wp-json\/wp\/v2\/media?parent=6800"}],"wp:term":[{"taxonomy":"product_brand","embeddable":true,"href":"https:\/\/steklarna-rogaska.si\/de\/wp-json\/wp\/v2\/product_brand?post=6800"},{"taxonomy":"product_cat","embeddable":true,"href":"https:\/\/steklarna-rogaska.si\/de\/wp-json\/wp\/v2\/product_cat?post=6800"},{"taxonomy":"product_tag","embeddable":true,"href":"https:\/\/steklarna-rogaska.si\/de\/wp-json\/wp\/v2\/product_tag?post=6800"}],"curies":[{"name":"wp","href":"https:\/\/api.w.org\/{rel}","templated":true}]}}