{"id":6750,"date":"2020-05-08T08:16:22","date_gmt":"2020-05-08T08:16:22","guid":{"rendered":"https:\/\/steklarna-rogaska.si\/?post_type=product&#038;p=6750"},"modified":"2026-04-14T05:24:10","modified_gmt":"2026-04-14T05:24:10","slug":"omega-dof-set-2-2","status":"publish","type":"product","link":"https:\/\/steklarna-rogaska.si\/de\/product\/omega-dof-set-2-2\/","title":{"rendered":"DOF KOZAREC ZA VISKI &#8211; OMEGA &#8211; set 2 kos"},"content":{"rendered":"<p>vi\u0161ina = 115 mm<br \/>\n\u0161irina = 94 mm<br \/>\nte\u017ea = 0,4 kg<\/p>\n","protected":false},"excerpt":{"rendered":"<p>vi\u0161ina = 115 mm \u0161irina = 94 mm te\u017ea = 0,4 kg<\/p>\n","protected":false},"featured_media":6699,"comment_status":"open","ping_status":"open","template":"","meta":[],"product_brand":[],"product_cat":[196,905,924,928,284,446],"product_tag":[431,458,467,478],"class_list":{"0":"post-6750","1":"product","2":"type-product","3":"status-publish","4":"has-post-thumbnail","6":"product_cat-barski-program","7":"product_cat-kozarci-za-viski","8":"product_cat-kozarci-2","9":"product_cat-kozarci-za-viski-2","10":"product_cat-vinski-program-default-group","11":"product_cat-kozarci-za-vodo","12":"product_tag-omega","13":"product_tag-za-mesane-pijace","14":"product_tag-za-vodo","15":"product_tag-za-zgane-pijace","17":"first","18":"instock","19":"shipping-taxable","20":"purchasable","21":"product-type-simple"},"_links":{"self":[{"href":"https:\/\/steklarna-rogaska.si\/de\/wp-json\/wp\/v2\/product\/6750","targetHints":{"allow":["GET"]}}],"collection":[{"href":"https:\/\/steklarna-rogaska.si\/de\/wp-json\/wp\/v2\/product"}],"about":[{"href":"https:\/\/steklarna-rogaska.si\/de\/wp-json\/wp\/v2\/types\/product"}],"replies":[{"embeddable":true,"href":"https:\/\/steklarna-rogaska.si\/de\/wp-json\/wp\/v2\/comments?post=6750"}],"wp:featuredmedia":[{"embeddable":true,"href":"https:\/\/steklarna-rogaska.si\/de\/wp-json\/wp\/v2\/media\/6699"}],"wp:attachment":[{"href":"https:\/\/steklarna-rogaska.si\/de\/wp-json\/wp\/v2\/media?parent=6750"}],"wp:term":[{"taxonomy":"product_brand","embeddable":true,"href":"https:\/\/steklarna-rogaska.si\/de\/wp-json\/wp\/v2\/product_brand?post=6750"},{"taxonomy":"product_cat","embeddable":true,"href":"https:\/\/steklarna-rogaska.si\/de\/wp-json\/wp\/v2\/product_cat?post=6750"},{"taxonomy":"product_tag","embeddable":true,"href":"https:\/\/steklarna-rogaska.si\/de\/wp-json\/wp\/v2\/product_tag?post=6750"}],"curies":[{"name":"wp","href":"https:\/\/api.w.org\/{rel}","templated":true}]}}