{"id":6743,"date":"2020-02-27T15:35:10","date_gmt":"2020-02-27T15:35:10","guid":{"rendered":"https:\/\/steklarna-rogaska.si\/?post_type=product&#038;p=6743"},"modified":"2026-04-21T05:24:08","modified_gmt":"2026-04-21T05:24:08","slug":"neptun-skleda-35-cm","status":"publish","type":"product","link":"https:\/\/steklarna-rogaska.si\/de\/product\/neptun-skleda-35-cm\/","title":{"rendered":"SKLEDA 35 CM NA PODSTAVKU &#8211; NEPTUN ABC &#8211; kos"},"content":{"rendered":"<p>vi\u0161ina = 172 mm<br \/>\n\u0161irina = 348 mm<br \/>\nte\u017ea = 6,3 kg<\/p>\n","protected":false},"excerpt":{"rendered":"<p>vi\u0161ina = 172 mm \u0161irina = 348 mm te\u017ea = 6,3 kg<\/p>\n","protected":false},"featured_media":6667,"comment_status":"open","ping_status":"closed","template":"","meta":[],"product_brand":[],"product_cat":[916,922,921,919,917,946,947],"product_tag":[513,441,439,466],"class_list":{"0":"post-6743","1":"product","2":"type-product","3":"status-publish","4":"has-post-thumbnail","6":"product_cat-darilni-program-2","7":"product_cat-darila-zanj","8":"product_cat-darila-zanjo","9":"product_cat-poslovna-darila","10":"product_cat-unikatna-darila","11":"product_cat-sklede-2","12":"product_cat-sklede-za-sadje-2","13":"product_tag-neptun","14":"product_tag-porocna-darila","15":"product_tag-poroka","16":"product_tag-poseben-dizajn","18":"first","19":"instock","20":"shipping-taxable","21":"purchasable","22":"product-type-simple"},"_links":{"self":[{"href":"https:\/\/steklarna-rogaska.si\/de\/wp-json\/wp\/v2\/product\/6743","targetHints":{"allow":["GET"]}}],"collection":[{"href":"https:\/\/steklarna-rogaska.si\/de\/wp-json\/wp\/v2\/product"}],"about":[{"href":"https:\/\/steklarna-rogaska.si\/de\/wp-json\/wp\/v2\/types\/product"}],"replies":[{"embeddable":true,"href":"https:\/\/steklarna-rogaska.si\/de\/wp-json\/wp\/v2\/comments?post=6743"}],"wp:featuredmedia":[{"embeddable":true,"href":"https:\/\/steklarna-rogaska.si\/de\/wp-json\/wp\/v2\/media\/6667"}],"wp:attachment":[{"href":"https:\/\/steklarna-rogaska.si\/de\/wp-json\/wp\/v2\/media?parent=6743"}],"wp:term":[{"taxonomy":"product_brand","embeddable":true,"href":"https:\/\/steklarna-rogaska.si\/de\/wp-json\/wp\/v2\/product_brand?post=6743"},{"taxonomy":"product_cat","embeddable":true,"href":"https:\/\/steklarna-rogaska.si\/de\/wp-json\/wp\/v2\/product_cat?post=6743"},{"taxonomy":"product_tag","embeddable":true,"href":"https:\/\/steklarna-rogaska.si\/de\/wp-json\/wp\/v2\/product_tag?post=6743"}],"curies":[{"name":"wp","href":"https:\/\/api.w.org\/{rel}","templated":true}]}}