{"id":6359,"date":"2020-04-24T08:37:37","date_gmt":"2020-04-24T08:37:37","guid":{"rendered":"https:\/\/steklarna-rogaska.si\/?post_type=product&#038;p=6359"},"modified":"2026-04-14T05:13:46","modified_gmt":"2026-04-14T05:13:46","slug":"big-rock-kozarec-za-belo-vino-set-2","status":"publish","type":"product","link":"https:\/\/steklarna-rogaska.si\/de\/product\/big-rock-kozarec-za-belo-vino-set-2\/","title":{"rendered":"KOZAREC ZA BELO VINO &#8211; BIG ROCK &#8211; set 2 kos"},"content":{"rendered":"<p>vi\u0161ina= 240 mm<\/p>\n<p>\u0161irina= 77 mm<\/p>\n<p>te\u017ea= 0,3 kg<\/p>\n","protected":false},"excerpt":{"rendered":"<p>Zelo elegantne in tanke \u010da\u0161e in \u0161e tanj\u0161i peclji so zdru\u017eeni z razko\u0161nimi kristalnimi dragulji. Serija je priljubljena pri nevestah po vsem svetu (le katera pa nima rada \u010dim ve\u010dje zbirke draguljev?!?).<\/p>\n","protected":false},"featured_media":6360,"comment_status":"closed","ping_status":"open","template":"","meta":[],"product_brand":[],"product_cat":[916,919,996,925,284,910],"product_tag":[366,972,973,971,976,461],"class_list":{"0":"post-6359","1":"product","2":"type-product","3":"status-publish","4":"has-post-thumbnail","6":"product_cat-darilni-program-2","7":"product_cat-poslovna-darila","8":"product_cat-praznicna-ponudba","9":"product_cat-kozarci-za-vino-2","10":"product_cat-vinski-program-default-group","11":"product_cat-kozarci-za-vino","12":"product_tag-big-rock","13":"product_tag-kelih-za-vino","14":"product_tag-kozarec-za-vino","15":"product_tag-vinski-kelih","16":"product_tag-vinski-kozarec","17":"product_tag-za-belo-vino","19":"first","20":"instock","21":"shipping-taxable","22":"purchasable","23":"product-type-simple"},"_links":{"self":[{"href":"https:\/\/steklarna-rogaska.si\/de\/wp-json\/wp\/v2\/product\/6359","targetHints":{"allow":["GET"]}}],"collection":[{"href":"https:\/\/steklarna-rogaska.si\/de\/wp-json\/wp\/v2\/product"}],"about":[{"href":"https:\/\/steklarna-rogaska.si\/de\/wp-json\/wp\/v2\/types\/product"}],"replies":[{"embeddable":true,"href":"https:\/\/steklarna-rogaska.si\/de\/wp-json\/wp\/v2\/comments?post=6359"}],"wp:featuredmedia":[{"embeddable":true,"href":"https:\/\/steklarna-rogaska.si\/de\/wp-json\/wp\/v2\/media\/6360"}],"wp:attachment":[{"href":"https:\/\/steklarna-rogaska.si\/de\/wp-json\/wp\/v2\/media?parent=6359"}],"wp:term":[{"taxonomy":"product_brand","embeddable":true,"href":"https:\/\/steklarna-rogaska.si\/de\/wp-json\/wp\/v2\/product_brand?post=6359"},{"taxonomy":"product_cat","embeddable":true,"href":"https:\/\/steklarna-rogaska.si\/de\/wp-json\/wp\/v2\/product_cat?post=6359"},{"taxonomy":"product_tag","embeddable":true,"href":"https:\/\/steklarna-rogaska.si\/de\/wp-json\/wp\/v2\/product_tag?post=6359"}],"curies":[{"name":"wp","href":"https:\/\/api.w.org\/{rel}","templated":true}]}}