{"id":6332,"date":"2020-04-24T08:12:43","date_gmt":"2020-04-24T08:12:43","guid":{"rendered":"https:\/\/steklarna-rogaska.si\/?post_type=product&#038;p=6332"},"modified":"2026-04-13T07:17:34","modified_gmt":"2026-04-13T07:17:34","slug":"aulide-kozarec-za-belo-vino-set-2","status":"publish","type":"product","link":"https:\/\/steklarna-rogaska.si\/de\/product\/aulide-kozarec-za-belo-vino-set-2\/","title":{"rendered":"KOZAREC ZA BELO VINO &#8211; AULIDE &#8211; set 2 kos"},"content":{"rendered":"<p>vi\u0161ina=186 mm<\/p>\n<p>\u0161irina=73 mm<\/p>\n<p>te\u017ea= 0,2 kg<\/p>\n","protected":false},"excerpt":{"rendered":"<p>vi\u0161ina=186 mm \u0161irina=73 mm te\u017ea= 0,2 kg<\/p>\n","protected":false},"featured_media":6320,"comment_status":"closed","ping_status":"closed","template":"","meta":[],"product_brand":[],"product_cat":[916,922,920,919,996,924,925,284,910],"product_tag":[343,972,973,971,976,461],"class_list":{"0":"post-6332","1":"product","2":"type-product","3":"status-publish","4":"has-post-thumbnail","6":"product_cat-darilni-program-2","7":"product_cat-darila-zanj","8":"product_cat-porocna-darila","9":"product_cat-poslovna-darila","10":"product_cat-praznicna-ponudba","11":"product_cat-kozarci-2","12":"product_cat-kozarci-za-vino-2","13":"product_cat-vinski-program-default-group","14":"product_cat-kozarci-za-vino","15":"product_tag-aulide","16":"product_tag-kelih-za-vino","17":"product_tag-kozarec-za-vino","18":"product_tag-vinski-kelih","19":"product_tag-vinski-kozarec","20":"product_tag-za-belo-vino","22":"first","23":"instock","24":"shipping-taxable","25":"purchasable","26":"product-type-simple"},"_links":{"self":[{"href":"https:\/\/steklarna-rogaska.si\/de\/wp-json\/wp\/v2\/product\/6332","targetHints":{"allow":["GET"]}}],"collection":[{"href":"https:\/\/steklarna-rogaska.si\/de\/wp-json\/wp\/v2\/product"}],"about":[{"href":"https:\/\/steklarna-rogaska.si\/de\/wp-json\/wp\/v2\/types\/product"}],"replies":[{"embeddable":true,"href":"https:\/\/steklarna-rogaska.si\/de\/wp-json\/wp\/v2\/comments?post=6332"}],"wp:featuredmedia":[{"embeddable":true,"href":"https:\/\/steklarna-rogaska.si\/de\/wp-json\/wp\/v2\/media\/6320"}],"wp:attachment":[{"href":"https:\/\/steklarna-rogaska.si\/de\/wp-json\/wp\/v2\/media?parent=6332"}],"wp:term":[{"taxonomy":"product_brand","embeddable":true,"href":"https:\/\/steklarna-rogaska.si\/de\/wp-json\/wp\/v2\/product_brand?post=6332"},{"taxonomy":"product_cat","embeddable":true,"href":"https:\/\/steklarna-rogaska.si\/de\/wp-json\/wp\/v2\/product_cat?post=6332"},{"taxonomy":"product_tag","embeddable":true,"href":"https:\/\/steklarna-rogaska.si\/de\/wp-json\/wp\/v2\/product_tag?post=6332"}],"curies":[{"name":"wp","href":"https:\/\/api.w.org\/{rel}","templated":true}]}}