{"id":6297,"date":"2020-04-24T06:34:51","date_gmt":"2020-04-24T06:34:51","guid":{"rendered":"https:\/\/steklarna-rogaska.si\/?post_type=product&#038;p=6297"},"modified":"2026-04-13T07:14:05","modified_gmt":"2026-04-13T07:14:05","slug":"adria-vaza-25-cm-modra","status":"publish","type":"product","link":"https:\/\/steklarna-rogaska.si\/de\/product\/adria-vaza-25-cm-modra\/","title":{"rendered":"VAZA 25 CM MODRA &#8211; ADRIA &#8211; kos"},"content":{"rendered":"<p>vi\u0161ina= 250 mm<\/p>\n<p>\u0161irina=146 mm<\/p>\n<p>te\u017ea= 5,4 kg<\/p>\n","protected":false},"excerpt":{"rendered":"<p>vi\u0161ina= 250 mm \u0161irina=146 mm te\u017ea= 5,4 kg<\/p>\n","protected":false},"featured_media":6290,"comment_status":"closed","ping_status":"closed","template":"","meta":[],"product_brand":[],"product_cat":[950],"product_tag":[188,487,997,998],"class_list":{"0":"post-6297","1":"product","2":"type-product","3":"status-publish","4":"has-post-thumbnail","6":"product_cat-vaza","7":"product_tag-adria","8":"product_tag-barvni-kristal","9":"product_tag-modra-vaza","10":"product_tag-vaza","12":"first","13":"instock","14":"shipping-taxable","15":"purchasable","16":"product-type-simple"},"_links":{"self":[{"href":"https:\/\/steklarna-rogaska.si\/de\/wp-json\/wp\/v2\/product\/6297","targetHints":{"allow":["GET"]}}],"collection":[{"href":"https:\/\/steklarna-rogaska.si\/de\/wp-json\/wp\/v2\/product"}],"about":[{"href":"https:\/\/steklarna-rogaska.si\/de\/wp-json\/wp\/v2\/types\/product"}],"replies":[{"embeddable":true,"href":"https:\/\/steklarna-rogaska.si\/de\/wp-json\/wp\/v2\/comments?post=6297"}],"wp:featuredmedia":[{"embeddable":true,"href":"https:\/\/steklarna-rogaska.si\/de\/wp-json\/wp\/v2\/media\/6290"}],"wp:attachment":[{"href":"https:\/\/steklarna-rogaska.si\/de\/wp-json\/wp\/v2\/media?parent=6297"}],"wp:term":[{"taxonomy":"product_brand","embeddable":true,"href":"https:\/\/steklarna-rogaska.si\/de\/wp-json\/wp\/v2\/product_brand?post=6297"},{"taxonomy":"product_cat","embeddable":true,"href":"https:\/\/steklarna-rogaska.si\/de\/wp-json\/wp\/v2\/product_cat?post=6297"},{"taxonomy":"product_tag","embeddable":true,"href":"https:\/\/steklarna-rogaska.si\/de\/wp-json\/wp\/v2\/product_tag?post=6297"}],"curies":[{"name":"wp","href":"https:\/\/api.w.org\/{rel}","templated":true}]}}