{"id":6104,"date":"2020-04-23T15:28:50","date_gmt":"2020-04-23T15:28:50","guid":{"rendered":"https:\/\/steklarna-rogaska.si\/?post_type=product&#038;p=6104"},"modified":"2026-04-14T05:24:13","modified_gmt":"2026-04-14T05:24:13","slug":"bella-mia-vaza-27-cm-2","status":"publish","type":"product","link":"https:\/\/steklarna-rogaska.si\/de\/product\/bella-mia-vaza-27-cm-2\/","title":{"rendered":"VAZA 27 CM &#8211; BELLA MIA &#8211; kos"},"content":{"rendered":"<p>vi\u0161ina= 270 mm<\/p>\n<p>\u0161irina= 212 mm<\/p>\n<p>te\u017ea= 5,5 kg<\/p>\n","protected":false},"excerpt":{"rendered":"<p>vi\u0161ina= 270 mm \u0161irina= 212 mm te\u017ea= 5,5 kg<\/p>\n","protected":false},"featured_media":6096,"comment_status":"closed","ping_status":"open","template":"","meta":[],"product_brand":[],"product_cat":[916,919,917,950],"product_tag":[],"class_list":{"0":"post-6104","1":"product","2":"type-product","3":"status-publish","4":"has-post-thumbnail","6":"product_cat-darilni-program-2","7":"product_cat-poslovna-darila","8":"product_cat-unikatna-darila","9":"product_cat-vaza","11":"first","12":"instock","13":"shipping-taxable","14":"purchasable","15":"product-type-simple"},"_links":{"self":[{"href":"https:\/\/steklarna-rogaska.si\/de\/wp-json\/wp\/v2\/product\/6104","targetHints":{"allow":["GET"]}}],"collection":[{"href":"https:\/\/steklarna-rogaska.si\/de\/wp-json\/wp\/v2\/product"}],"about":[{"href":"https:\/\/steklarna-rogaska.si\/de\/wp-json\/wp\/v2\/types\/product"}],"replies":[{"embeddable":true,"href":"https:\/\/steklarna-rogaska.si\/de\/wp-json\/wp\/v2\/comments?post=6104"}],"wp:featuredmedia":[{"embeddable":true,"href":"https:\/\/steklarna-rogaska.si\/de\/wp-json\/wp\/v2\/media\/6096"}],"wp:attachment":[{"href":"https:\/\/steklarna-rogaska.si\/de\/wp-json\/wp\/v2\/media?parent=6104"}],"wp:term":[{"taxonomy":"product_brand","embeddable":true,"href":"https:\/\/steklarna-rogaska.si\/de\/wp-json\/wp\/v2\/product_brand?post=6104"},{"taxonomy":"product_cat","embeddable":true,"href":"https:\/\/steklarna-rogaska.si\/de\/wp-json\/wp\/v2\/product_cat?post=6104"},{"taxonomy":"product_tag","embeddable":true,"href":"https:\/\/steklarna-rogaska.si\/de\/wp-json\/wp\/v2\/product_tag?post=6104"}],"curies":[{"name":"wp","href":"https:\/\/api.w.org\/{rel}","templated":true}]}}